{"id":44049,"date":"2026-04-27T17:30:27","date_gmt":"2026-04-27T17:30:27","guid":{"rendered":"https:\/\/milicia-pro.com\/?post_type=product&#038;p=44049"},"modified":"2026-04-27T17:30:28","modified_gmt":"2026-04-27T17:30:28","slug":"caneta-tatica","status":"publish","type":"product","link":"https:\/\/milicia-pro.com\/index.php\/product\/caneta-tatica\/","title":{"rendered":"CANETA T\u00c1TICA"},"content":{"rendered":"<p>Esta Caneta T\u00e1tica da Sturm \u00e9 pr\u00f3pria para uso di\u00e1rio e tamb\u00e9m pode ser usada em emerg\u00eancias como quebra-vidros. Possui um design pr\u00e1tico e tem incorporado na tampa um clipe.<\/p>\n<p>&nbsp;<\/p>\n<ul>\n<li>Corpo: 100% Alum\u00ednio<\/li>\n<li>Quebra-vidros: 100% A\u00e7o ao Carbono<\/li>\n<li>Comprimento: 16 cm<\/li>\n<\/ul>\n","protected":false},"excerpt":{"rendered":"<p>Esta Caneta T\u00e1tica da Sturm \u00e9 pr\u00f3pria para uso di\u00e1rio e tamb\u00e9m pode ser usada em emerg\u00eancias como quebra-vidros. Possui um design pr\u00e1tico e tem incorporado na tampa um clipe. &nbsp; Corpo: 100% Alum\u00ednio Quebra-vidros: 100% A\u00e7o ao Carbono Comprimento: 16 cm<\/p>\n","protected":false},"featured_media":44050,"comment_status":"open","ping_status":"closed","template":"","meta":{"_monsterinsights_skip_tracking":false,"_monsterinsights_sitenote_active":false,"_monsterinsights_sitenote_note":"","_monsterinsights_sitenote_category":0},"product_brand":[1596],"product_cat":[829,1114,855],"product_tag":[],"class_list":{"0":"post-44049","1":"product","2":"type-product","3":"status-publish","4":"has-post-thumbnail","6":"product_brand-sturm-mil-tec","7":"product_cat-marcas","8":"product_cat-outros-acessorios","9":"product_cat-sturm-mil-tec","11":"first","12":"instock","13":"shipping-taxable","14":"purchasable","15":"product-type-variable"},"aioseo_notices":[],"jetpack_sharing_enabled":true,"_links":{"self":[{"href":"https:\/\/milicia-pro.com\/index.php\/wp-json\/wp\/v2\/product\/44049","targetHints":{"allow":["GET"]}}],"collection":[{"href":"https:\/\/milicia-pro.com\/index.php\/wp-json\/wp\/v2\/product"}],"about":[{"href":"https:\/\/milicia-pro.com\/index.php\/wp-json\/wp\/v2\/types\/product"}],"replies":[{"embeddable":true,"href":"https:\/\/milicia-pro.com\/index.php\/wp-json\/wp\/v2\/comments?post=44049"}],"wp:featuredmedia":[{"embeddable":true,"href":"https:\/\/milicia-pro.com\/index.php\/wp-json\/wp\/v2\/media\/44050"}],"wp:attachment":[{"href":"https:\/\/milicia-pro.com\/index.php\/wp-json\/wp\/v2\/media?parent=44049"}],"wp:term":[{"taxonomy":"product_brand","embeddable":true,"href":"https:\/\/milicia-pro.com\/index.php\/wp-json\/wp\/v2\/product_brand?post=44049"},{"taxonomy":"product_cat","embeddable":true,"href":"https:\/\/milicia-pro.com\/index.php\/wp-json\/wp\/v2\/product_cat?post=44049"},{"taxonomy":"product_tag","embeddable":true,"href":"https:\/\/milicia-pro.com\/index.php\/wp-json\/wp\/v2\/product_tag?post=44049"}],"curies":[{"name":"wp","href":"https:\/\/api.w.org\/{rel}","templated":true}]}}