{"id":44036,"date":"2026-04-27T17:34:39","date_gmt":"2026-04-27T17:34:39","guid":{"rendered":"https:\/\/milicia-pro.com\/?post_type=product&#038;p=44036"},"modified":"2026-04-27T17:34:39","modified_gmt":"2026-04-27T17:34:39","slug":"capacete-adrian-frances-da-i-guerra-mundial-reproducao","status":"publish","type":"product","link":"https:\/\/milicia-pro.com\/index.php\/product\/capacete-adrian-frances-da-i-guerra-mundial-reproducao\/","title":{"rendered":"CAPACETE ADRIAN FRANC\u00caS DA I GUERRA MUNDIAL (REPRODU\u00c7\u00c3O)"},"content":{"rendered":"<p>Sem EPI (equipamento de prote\u00e7\u00e3o individual).<\/p>\n<p>Este produto s\u00f3 pode ser utilizado para fins de decora\u00e7\u00e3o ou disfarces.<\/p>\n<p>&nbsp;<\/p>\n<ul>\n<li>100% A\u00e7o<\/li>\n<li>Interior do capacete: 100% Pele de Vaca<\/li>\n<li>Tiras: 100% Pele de Vaca<\/li>\n<\/ul>\n<p>&nbsp;<\/p>\n","protected":false},"excerpt":{"rendered":"<p>Sem EPI (equipamento de prote\u00e7\u00e3o individual). Este produto s\u00f3 pode ser utilizado para fins de decora\u00e7\u00e3o ou disfarces. &nbsp; 100% A\u00e7o Interior do capacete: 100% Pele de Vaca Tiras: 100% Pele de Vaca &nbsp;<\/p>\n","protected":false},"featured_media":44037,"comment_status":"open","ping_status":"closed","template":"","meta":{"_monsterinsights_skip_tracking":false,"_monsterinsights_sitenote_active":false,"_monsterinsights_sitenote_note":"","_monsterinsights_sitenote_category":0},"product_brand":[1596],"product_cat":[1458,829,855],"product_tag":[],"class_list":{"0":"post-44036","1":"product","2":"type-product","3":"status-publish","4":"has-post-thumbnail","6":"product_brand-sturm-mil-tec","7":"product_cat-chapeu-ca","8":"product_cat-marcas","9":"product_cat-sturm-mil-tec","11":"first","12":"onbackorder","13":"shipping-taxable","14":"purchasable","15":"product-type-variable"},"aioseo_notices":[],"jetpack_sharing_enabled":true,"_links":{"self":[{"href":"https:\/\/milicia-pro.com\/index.php\/wp-json\/wp\/v2\/product\/44036","targetHints":{"allow":["GET"]}}],"collection":[{"href":"https:\/\/milicia-pro.com\/index.php\/wp-json\/wp\/v2\/product"}],"about":[{"href":"https:\/\/milicia-pro.com\/index.php\/wp-json\/wp\/v2\/types\/product"}],"replies":[{"embeddable":true,"href":"https:\/\/milicia-pro.com\/index.php\/wp-json\/wp\/v2\/comments?post=44036"}],"wp:featuredmedia":[{"embeddable":true,"href":"https:\/\/milicia-pro.com\/index.php\/wp-json\/wp\/v2\/media\/44037"}],"wp:attachment":[{"href":"https:\/\/milicia-pro.com\/index.php\/wp-json\/wp\/v2\/media?parent=44036"}],"wp:term":[{"taxonomy":"product_brand","embeddable":true,"href":"https:\/\/milicia-pro.com\/index.php\/wp-json\/wp\/v2\/product_brand?post=44036"},{"taxonomy":"product_cat","embeddable":true,"href":"https:\/\/milicia-pro.com\/index.php\/wp-json\/wp\/v2\/product_cat?post=44036"},{"taxonomy":"product_tag","embeddable":true,"href":"https:\/\/milicia-pro.com\/index.php\/wp-json\/wp\/v2\/product_tag?post=44036"}],"curies":[{"name":"wp","href":"https:\/\/api.w.org\/{rel}","templated":true}]}}