{"id":44030,"date":"2026-04-27T17:33:27","date_gmt":"2026-04-27T17:33:27","guid":{"rendered":"https:\/\/milicia-pro.com\/?post_type=product&#038;p=44030"},"modified":"2026-04-27T17:33:27","modified_gmt":"2026-04-27T17:33:27","slug":"capacete-piquete-prussia-reproducao","status":"publish","type":"product","link":"https:\/\/milicia-pro.com\/index.php\/product\/capacete-piquete-prussia-reproducao\/","title":{"rendered":"CAPACETE PIQUETE PRUSSIA (REPRODU\u00c7\u00c3O)"},"content":{"rendered":"<p>Este Capacete Piquete tem um tamanho padr\u00e3o (tamanho 59)<\/p>\n<p>&nbsp;<\/p>\n<ul>\n<li>Capacete: 100% Couro de B\u00fafalo<\/li>\n<li>Interior do capacete: 100% Couro de B\u00fafalo<\/li>\n<li>Correia do queixo: 100% Couro de B\u00fafalo<\/li>\n<li>Aplica\u00e7\u00e3o: 100% Lat\u00e3o<\/li>\n<li>Topo do capacete: 100% Lat\u00e3o<\/li>\n<\/ul>\n","protected":false},"excerpt":{"rendered":"<p>Este Capacete Piquete tem um tamanho padr\u00e3o (tamanho 59) &nbsp; Capacete: 100% Couro de B\u00fafalo Interior do capacete: 100% Couro de B\u00fafalo Correia do queixo: 100% Couro de B\u00fafalo Aplica\u00e7\u00e3o: 100% Lat\u00e3o Topo do capacete: 100% Lat\u00e3o<\/p>\n","protected":false},"featured_media":44031,"comment_status":"open","ping_status":"closed","template":"","meta":{"_monsterinsights_skip_tracking":false,"_monsterinsights_sitenote_active":false,"_monsterinsights_sitenote_note":"","_monsterinsights_sitenote_category":0},"product_brand":[1596],"product_cat":[1458,829,855],"product_tag":[],"class_list":{"0":"post-44030","1":"product","2":"type-product","3":"status-publish","4":"has-post-thumbnail","6":"product_brand-sturm-mil-tec","7":"product_cat-chapeu-ca","8":"product_cat-marcas","9":"product_cat-sturm-mil-tec","11":"first","12":"onbackorder","13":"shipping-taxable","14":"purchasable","15":"product-type-variable"},"aioseo_notices":[],"jetpack_sharing_enabled":true,"_links":{"self":[{"href":"https:\/\/milicia-pro.com\/index.php\/wp-json\/wp\/v2\/product\/44030","targetHints":{"allow":["GET"]}}],"collection":[{"href":"https:\/\/milicia-pro.com\/index.php\/wp-json\/wp\/v2\/product"}],"about":[{"href":"https:\/\/milicia-pro.com\/index.php\/wp-json\/wp\/v2\/types\/product"}],"replies":[{"embeddable":true,"href":"https:\/\/milicia-pro.com\/index.php\/wp-json\/wp\/v2\/comments?post=44030"}],"wp:featuredmedia":[{"embeddable":true,"href":"https:\/\/milicia-pro.com\/index.php\/wp-json\/wp\/v2\/media\/44031"}],"wp:attachment":[{"href":"https:\/\/milicia-pro.com\/index.php\/wp-json\/wp\/v2\/media?parent=44030"}],"wp:term":[{"taxonomy":"product_brand","embeddable":true,"href":"https:\/\/milicia-pro.com\/index.php\/wp-json\/wp\/v2\/product_brand?post=44030"},{"taxonomy":"product_cat","embeddable":true,"href":"https:\/\/milicia-pro.com\/index.php\/wp-json\/wp\/v2\/product_cat?post=44030"},{"taxonomy":"product_tag","embeddable":true,"href":"https:\/\/milicia-pro.com\/index.php\/wp-json\/wp\/v2\/product_tag?post=44030"}],"curies":[{"name":"wp","href":"https:\/\/api.w.org\/{rel}","templated":true}]}}