{"id":44027,"date":"2026-04-27T17:38:38","date_gmt":"2026-04-27T17:38:38","guid":{"rendered":"https:\/\/milicia-pro.com\/?post_type=product&#038;p=44027"},"modified":"2026-04-27T17:38:38","modified_gmt":"2026-04-27T17:38:38","slug":"faca-de-combate-usmc-com-bainha-de-couro","status":"publish","type":"product","link":"https:\/\/milicia-pro.com\/index.php\/product\/faca-de-combate-usmc-com-bainha-de-couro\/","title":{"rendered":"FACA DE COMBATE USMC COM BAINHA DE COURO"},"content":{"rendered":"<p>Esta Faca de Combate USMC tem uma l\u00e2mina fosca de cor preta.<\/p>\n<ul>\n<li>L\u00e2mina: 100% a\u00e7o 420<\/li>\n<li>Cabo: 100% pele de vaca<\/li>\n<li>Bainha: 100% pele de vaca<\/li>\n<li>Comprimento da l\u00e2mina: 17 cm<\/li>\n<li>Comprimento total: 30 cm<\/li>\n<\/ul>\n","protected":false},"excerpt":{"rendered":"<p>Esta Faca de Combate USMC tem uma l\u00e2mina fosca de cor preta. L\u00e2mina: 100% a\u00e7o 420 Cabo: 100% pele de vaca Bainha: 100% pele de vaca Comprimento da l\u00e2mina: 17 cm Comprimento total: 30 cm<\/p>\n","protected":false},"featured_media":44028,"comment_status":"open","ping_status":"closed","template":"","meta":{"_monsterinsights_skip_tracking":false,"_monsterinsights_sitenote_active":false,"_monsterinsights_sitenote_note":"","_monsterinsights_sitenote_category":0},"product_brand":[1596],"product_cat":[1065,1099,829,855],"product_tag":[],"class_list":{"0":"post-44027","1":"product","2":"type-product","3":"status-publish","4":"has-post-thumbnail","6":"product_brand-sturm-mil-tec","7":"product_cat-cutelariaferramentas","8":"product_cat-faca","9":"product_cat-marcas","10":"product_cat-sturm-mil-tec","12":"first","13":"instock","14":"shipping-taxable","15":"purchasable","16":"product-type-variable"},"aioseo_notices":[],"jetpack_sharing_enabled":true,"_links":{"self":[{"href":"https:\/\/milicia-pro.com\/index.php\/wp-json\/wp\/v2\/product\/44027","targetHints":{"allow":["GET"]}}],"collection":[{"href":"https:\/\/milicia-pro.com\/index.php\/wp-json\/wp\/v2\/product"}],"about":[{"href":"https:\/\/milicia-pro.com\/index.php\/wp-json\/wp\/v2\/types\/product"}],"replies":[{"embeddable":true,"href":"https:\/\/milicia-pro.com\/index.php\/wp-json\/wp\/v2\/comments?post=44027"}],"wp:featuredmedia":[{"embeddable":true,"href":"https:\/\/milicia-pro.com\/index.php\/wp-json\/wp\/v2\/media\/44028"}],"wp:attachment":[{"href":"https:\/\/milicia-pro.com\/index.php\/wp-json\/wp\/v2\/media?parent=44027"}],"wp:term":[{"taxonomy":"product_brand","embeddable":true,"href":"https:\/\/milicia-pro.com\/index.php\/wp-json\/wp\/v2\/product_brand?post=44027"},{"taxonomy":"product_cat","embeddable":true,"href":"https:\/\/milicia-pro.com\/index.php\/wp-json\/wp\/v2\/product_cat?post=44027"},{"taxonomy":"product_tag","embeddable":true,"href":"https:\/\/milicia-pro.com\/index.php\/wp-json\/wp\/v2\/product_tag?post=44027"}],"curies":[{"name":"wp","href":"https:\/\/api.w.org\/{rel}","templated":true}]}}