{"id":44024,"date":"2026-04-21T15:16:10","date_gmt":"2026-04-21T15:16:10","guid":{"rendered":"https:\/\/milicia-pro.com\/?post_type=product&#038;p=44024"},"modified":"2026-04-21T15:21:18","modified_gmt":"2026-04-21T15:21:18","slug":"lona-cobertura-grandes-areas-480-x-600-cm","status":"publish","type":"product","link":"https:\/\/milicia-pro.com\/index.php\/product\/lona-cobertura-grandes-areas-480-x-600-cm\/","title":{"rendered":"LONA COBERTURA GRANDES \u00c1REAS &#8211; 480 X 600 CM"},"content":{"rendered":"<p>As lonas universais s\u00e3o ideias para serem usados em lazer, hobby e trabalho, \u200b\u200bcomo prote\u00e7\u00e3o contra chuva, raios solares, a serem utilizados simplesmente como: substitui\u00e7\u00e3o de barraca, toldo, cobertura para chuva; transporte; Oficina; agricultura; campo, floresta, jardim.<\/p>\n<ul>\n<li>Camada superior 100% poli\u00e9ster, revestida a polietileno<\/li>\n<li>coluna de \u00e1gua de alta densidade : 3.000 mm<\/li>\n<li>dimens\u00f5es: 480X600 cm<\/li>\n<li>Peso: 100 g\/m\u00b2<\/li>\n<\/ul>\n<p>&nbsp;<\/p>\n","protected":false},"excerpt":{"rendered":"<p>As lonas universais s\u00e3o ideias para serem usados em lazer, hobby e trabalho, \u200b\u200bcomo prote\u00e7\u00e3o contra chuva, raios solares, a serem utilizados simplesmente como: substitui\u00e7\u00e3o de barraca, toldo, cobertura para chuva; transporte; Oficina; agricultura; campo, floresta, jardim. Camada superior 100% poli\u00e9ster, revestida a polietileno coluna de \u00e1gua de alta densidade : 3.000 mm dimens\u00f5es: 480X600 [&#8230;]\n","protected":false},"featured_media":44025,"comment_status":"open","ping_status":"closed","template":"","meta":{"_monsterinsights_skip_tracking":false,"_monsterinsights_sitenote_active":false,"_monsterinsights_sitenote_note":"","_monsterinsights_sitenote_category":0},"product_brand":[1596],"product_cat":[829,1068,855,1227],"product_tag":[],"class_list":{"0":"post-44024","1":"product","2":"type-product","3":"status-publish","4":"has-post-thumbnail","6":"product_brand-sturm-mil-tec","7":"product_cat-marcas","8":"product_cat-outdoor","9":"product_cat-sturm-mil-tec","10":"product_cat-tenda","12":"first","13":"instock","14":"shipping-taxable","15":"purchasable","16":"product-type-variable"},"aioseo_notices":[],"jetpack_sharing_enabled":true,"_links":{"self":[{"href":"https:\/\/milicia-pro.com\/index.php\/wp-json\/wp\/v2\/product\/44024","targetHints":{"allow":["GET"]}}],"collection":[{"href":"https:\/\/milicia-pro.com\/index.php\/wp-json\/wp\/v2\/product"}],"about":[{"href":"https:\/\/milicia-pro.com\/index.php\/wp-json\/wp\/v2\/types\/product"}],"replies":[{"embeddable":true,"href":"https:\/\/milicia-pro.com\/index.php\/wp-json\/wp\/v2\/comments?post=44024"}],"wp:featuredmedia":[{"embeddable":true,"href":"https:\/\/milicia-pro.com\/index.php\/wp-json\/wp\/v2\/media\/44025"}],"wp:attachment":[{"href":"https:\/\/milicia-pro.com\/index.php\/wp-json\/wp\/v2\/media?parent=44024"}],"wp:term":[{"taxonomy":"product_brand","embeddable":true,"href":"https:\/\/milicia-pro.com\/index.php\/wp-json\/wp\/v2\/product_brand?post=44024"},{"taxonomy":"product_cat","embeddable":true,"href":"https:\/\/milicia-pro.com\/index.php\/wp-json\/wp\/v2\/product_cat?post=44024"},{"taxonomy":"product_tag","embeddable":true,"href":"https:\/\/milicia-pro.com\/index.php\/wp-json\/wp\/v2\/product_tag?post=44024"}],"curies":[{"name":"wp","href":"https:\/\/api.w.org\/{rel}","templated":true}]}}