{"id":43931,"date":"2026-02-10T18:14:15","date_gmt":"2026-02-10T18:14:15","guid":{"rendered":"https:\/\/milicia-pro.com\/?post_type=product&#038;p=43931"},"modified":"2026-02-23T07:35:41","modified_gmt":"2026-02-23T07:35:41","slug":"acessorio-camelbak-100-oz-reservoir","status":"publish","type":"product","link":"https:\/\/milicia-pro.com\/index.php\/product\/acessorio-camelbak-100-oz-reservoir\/","title":{"rendered":"ACESS\u00d3RIO CAMELBAK 100 OZ RESERVOIR"},"content":{"rendered":"<p>Reservat\u00f3rio de \u00e1gua CamelBak com capacidade para 3 litros, com tampa de rosca \u00e0 prova de fugas. Inclui mangueira com comprimento aproximado de 90 cm e peso de 130gr.<\/p>\n<p>&nbsp;<\/p>\n","protected":false},"excerpt":{"rendered":"<p>Reservat\u00f3rio de \u00e1gua CamelBak com capacidade para 3 litros, com tampa de rosca \u00e0 prova de fugas. Inclui mangueira com comprimento aproximado de 90 cm e peso de 130gr. &nbsp;<\/p>\n","protected":false},"featured_media":43933,"comment_status":"open","ping_status":"closed","template":"","meta":{"_monsterinsights_skip_tracking":false,"_monsterinsights_sitenote_active":false,"_monsterinsights_sitenote_note":"","_monsterinsights_sitenote_category":0},"product_brand":[1505],"product_cat":[1617,1286,1467],"product_tag":[80,1146],"class_list":{"0":"post-43931","1":"product","2":"type-product","3":"status-publish","4":"has-post-thumbnail","6":"product_brand-camelbak","7":"product_cat-bolsa-hidratacao","8":"product_cat-camelbak-marcas","9":"product_cat-mochilas-bolsas","10":"product_tag-bolsa","11":"product_tag-hidratacao","13":"first","14":"instock","15":"shipping-taxable","16":"purchasable","17":"product-type-variable"},"aioseo_notices":[],"jetpack_sharing_enabled":true,"_links":{"self":[{"href":"https:\/\/milicia-pro.com\/index.php\/wp-json\/wp\/v2\/product\/43931","targetHints":{"allow":["GET"]}}],"collection":[{"href":"https:\/\/milicia-pro.com\/index.php\/wp-json\/wp\/v2\/product"}],"about":[{"href":"https:\/\/milicia-pro.com\/index.php\/wp-json\/wp\/v2\/types\/product"}],"replies":[{"embeddable":true,"href":"https:\/\/milicia-pro.com\/index.php\/wp-json\/wp\/v2\/comments?post=43931"}],"wp:featuredmedia":[{"embeddable":true,"href":"https:\/\/milicia-pro.com\/index.php\/wp-json\/wp\/v2\/media\/43933"}],"wp:attachment":[{"href":"https:\/\/milicia-pro.com\/index.php\/wp-json\/wp\/v2\/media?parent=43931"}],"wp:term":[{"taxonomy":"product_brand","embeddable":true,"href":"https:\/\/milicia-pro.com\/index.php\/wp-json\/wp\/v2\/product_brand?post=43931"},{"taxonomy":"product_cat","embeddable":true,"href":"https:\/\/milicia-pro.com\/index.php\/wp-json\/wp\/v2\/product_cat?post=43931"},{"taxonomy":"product_tag","embeddable":true,"href":"https:\/\/milicia-pro.com\/index.php\/wp-json\/wp\/v2\/product_tag?post=43931"}],"curies":[{"name":"wp","href":"https:\/\/api.w.org\/{rel}","templated":true}]}}