{"id":43911,"date":"2026-02-10T14:55:22","date_gmt":"2026-02-10T14:55:22","guid":{"rendered":"https:\/\/milicia-pro.com\/?post_type=product&#038;p=43911"},"modified":"2026-04-06T09:27:16","modified_gmt":"2026-04-06T09:27:16","slug":"acessorio-camelbak-reservatorio-long-neck-100-oz","status":"publish","type":"product","link":"https:\/\/milicia-pro.com\/index.php\/product\/acessorio-camelbak-reservatorio-long-neck-100-oz\/","title":{"rendered":"ACESS\u00d3RIO CAMELBAK RESERVAT\u00d3RIO LONG-NECK 100 OZ"},"content":{"rendered":"<p>O reservat\u00f3rio CamelBak Long-Neck 100oz inclui o sistema Hydrolink com fecho do reservat\u00f3rio na sa\u00edda. Esta bolsa de hidrata\u00e7\u00e3o vem com material dur\u00e1vel, tampa de rosca \u00e0 prova de fugas e v\u00e1lvula Big Bite.<\/p>\n","protected":false},"excerpt":{"rendered":"<p>O reservat\u00f3rio CamelBak Long-Neck 100oz inclui o sistema Hydrolink com fecho do reservat\u00f3rio na sa\u00edda. Esta bolsa de hidrata\u00e7\u00e3o vem com material dur\u00e1vel, tampa de rosca \u00e0 prova de fugas e v\u00e1lvula Big Bite.<\/p>\n","protected":false},"featured_media":43913,"comment_status":"open","ping_status":"closed","template":"","meta":{"_monsterinsights_skip_tracking":false,"_monsterinsights_sitenote_active":false,"_monsterinsights_sitenote_note":"","_monsterinsights_sitenote_category":0},"product_brand":[1505],"product_cat":[1617,1286,1467],"product_tag":[80,1146],"class_list":{"0":"post-43911","1":"product","2":"type-product","3":"status-publish","4":"has-post-thumbnail","6":"product_brand-camelbak","7":"product_cat-bolsa-hidratacao","8":"product_cat-camelbak-marcas","9":"product_cat-mochilas-bolsas","10":"product_tag-bolsa","11":"product_tag-hidratacao","13":"first","14":"instock","15":"shipping-taxable","16":"purchasable","17":"product-type-variable"},"aioseo_notices":[],"jetpack_sharing_enabled":true,"_links":{"self":[{"href":"https:\/\/milicia-pro.com\/index.php\/wp-json\/wp\/v2\/product\/43911","targetHints":{"allow":["GET"]}}],"collection":[{"href":"https:\/\/milicia-pro.com\/index.php\/wp-json\/wp\/v2\/product"}],"about":[{"href":"https:\/\/milicia-pro.com\/index.php\/wp-json\/wp\/v2\/types\/product"}],"replies":[{"embeddable":true,"href":"https:\/\/milicia-pro.com\/index.php\/wp-json\/wp\/v2\/comments?post=43911"}],"wp:featuredmedia":[{"embeddable":true,"href":"https:\/\/milicia-pro.com\/index.php\/wp-json\/wp\/v2\/media\/43913"}],"wp:attachment":[{"href":"https:\/\/milicia-pro.com\/index.php\/wp-json\/wp\/v2\/media?parent=43911"}],"wp:term":[{"taxonomy":"product_brand","embeddable":true,"href":"https:\/\/milicia-pro.com\/index.php\/wp-json\/wp\/v2\/product_brand?post=43911"},{"taxonomy":"product_cat","embeddable":true,"href":"https:\/\/milicia-pro.com\/index.php\/wp-json\/wp\/v2\/product_cat?post=43911"},{"taxonomy":"product_tag","embeddable":true,"href":"https:\/\/milicia-pro.com\/index.php\/wp-json\/wp\/v2\/product_tag?post=43911"}],"curies":[{"name":"wp","href":"https:\/\/api.w.org\/{rel}","templated":true}]}}