{"id":43908,"date":"2026-02-10T12:21:21","date_gmt":"2026-02-10T12:21:21","guid":{"rendered":"https:\/\/milicia-pro.com\/?post_type=product&#038;p=43908"},"modified":"2026-02-10T14:42:35","modified_gmt":"2026-02-10T14:42:35","slug":"reservatorio-3-l-com-hydrolink-port-plug","status":"publish","type":"product","link":"https:\/\/milicia-pro.com\/index.php\/product\/reservatorio-3-l-com-hydrolink-port-plug\/","title":{"rendered":"RESERVAT\u00d3RIO 3 L COM HYDROLINK PORT PLUG"},"content":{"rendered":"<p>Este reservat\u00f3rio de \u00e1gua \u00e9 um sistema de abastecimento com durabilidade comprovada do reservat\u00f3rio proveniente das mat\u00e9rias resistentes que asseguram a conserva\u00e7\u00e3o da \u00e1gua durante situa\u00e7\u00f5es operacionais extremas. Inclui v\u00e1lvula Big Bite\u2122 e Tecnologia HydroGuard\u2122.<\/p>\n<p><strong>Caracter\u00edsticas:<\/strong><br \/>\n\u2022 Inclui uma v\u00e1lvula Big Bite\u2122 feita de silicone de qualidade m\u00e9dica.<br \/>\n\u2022 A ampla abertura do fillport OMEGA\u00ae facilita a limpeza e enchimento<br \/>\n\u2022 Inclui tecnologia HydroGuard\u2122, que inibe o crescimento de bact\u00e9rias nas superf\u00edcies dos reservat\u00f3rios e dos tubos. N\u00e3o protege o utilizador de bact\u00e9rias ou outros organismos causadores de doen\u00e7as<br \/>\n\u2022 Tubo de bebida Puro Flow\u2122 sem sabor, com v\u00e1rias camadas, que foi provado por terceiros que mant\u00eam a \u00e1gua com sabor fresco \u2013 sem sabor a pl\u00e1stico<br \/>\n\u2022 100% Livre de BPA e BPS<br \/>\n\u2022 100 fl oz \/ 3.0 L<\/p>\n","protected":false},"excerpt":{"rendered":"<p>Este reservat\u00f3rio de \u00e1gua \u00e9 um sistema de abastecimento com durabilidade comprovada do reservat\u00f3rio proveniente das mat\u00e9rias resistentes que asseguram a conserva\u00e7\u00e3o da \u00e1gua durante situa\u00e7\u00f5es operacionais extremas. Inclui v\u00e1lvula Big Bite\u2122 e Tecnologia HydroGuard\u2122. Caracter\u00edsticas: \u2022 Inclui uma v\u00e1lvula Big Bite\u2122 feita de silicone de qualidade m\u00e9dica. \u2022 A ampla abertura do fillport OMEGA\u00ae [&#8230;]\n","protected":false},"featured_media":43910,"comment_status":"open","ping_status":"closed","template":"","meta":{"_monsterinsights_skip_tracking":false,"_monsterinsights_sitenote_active":false,"_monsterinsights_sitenote_note":"","_monsterinsights_sitenote_category":0},"product_brand":[1505],"product_cat":[1617,1467],"product_tag":[80,1146],"class_list":{"0":"post-43908","1":"product","2":"type-product","3":"status-publish","4":"has-post-thumbnail","6":"product_brand-camelbak","7":"product_cat-bolsa-hidratacao","8":"product_cat-mochilas-bolsas","9":"product_tag-bolsa","10":"product_tag-hidratacao","12":"first","13":"onbackorder","14":"shipping-taxable","15":"purchasable","16":"product-type-variable"},"aioseo_notices":[],"jetpack_sharing_enabled":true,"_links":{"self":[{"href":"https:\/\/milicia-pro.com\/index.php\/wp-json\/wp\/v2\/product\/43908","targetHints":{"allow":["GET"]}}],"collection":[{"href":"https:\/\/milicia-pro.com\/index.php\/wp-json\/wp\/v2\/product"}],"about":[{"href":"https:\/\/milicia-pro.com\/index.php\/wp-json\/wp\/v2\/types\/product"}],"replies":[{"embeddable":true,"href":"https:\/\/milicia-pro.com\/index.php\/wp-json\/wp\/v2\/comments?post=43908"}],"wp:featuredmedia":[{"embeddable":true,"href":"https:\/\/milicia-pro.com\/index.php\/wp-json\/wp\/v2\/media\/43910"}],"wp:attachment":[{"href":"https:\/\/milicia-pro.com\/index.php\/wp-json\/wp\/v2\/media?parent=43908"}],"wp:term":[{"taxonomy":"product_brand","embeddable":true,"href":"https:\/\/milicia-pro.com\/index.php\/wp-json\/wp\/v2\/product_brand?post=43908"},{"taxonomy":"product_cat","embeddable":true,"href":"https:\/\/milicia-pro.com\/index.php\/wp-json\/wp\/v2\/product_cat?post=43908"},{"taxonomy":"product_tag","embeddable":true,"href":"https:\/\/milicia-pro.com\/index.php\/wp-json\/wp\/v2\/product_tag?post=43908"}],"curies":[{"name":"wp","href":"https:\/\/api.w.org\/{rel}","templated":true}]}}