{"id":43902,"date":"2026-02-10T12:01:46","date_gmt":"2026-02-10T12:01:46","guid":{"rendered":"https:\/\/milicia-pro.com\/?post_type=product&#038;p=43902"},"modified":"2026-02-10T12:06:03","modified_gmt":"2026-02-10T12:06:03","slug":"kit-hydrolock-camelbak","status":"publish","type":"product","link":"https:\/\/milicia-pro.com\/index.php\/product\/kit-hydrolock-camelbak\/","title":{"rendered":"KIT HYDROLOCK CAMELBAK"},"content":{"rendered":"<p>Este Kit HYDROLOCK adapta-se a qualquer Sistema de Hidrata\u00e7\u00e3o Camelbak.<\/p>\n<p>Composto por:<\/p>\n<ul>\n<li>HydroLink<\/li>\n<li>Hydrolock<\/li>\n<li>Adaptador de V\u00e1vula de Mordida HydriLink com v\u00e1lvula de Grande Mordida<\/li>\n<\/ul>\n","protected":false},"excerpt":{"rendered":"<p>Este Kit HYDROLOCK adapta-se a qualquer Sistema de Hidrata\u00e7\u00e3o Camelbak. Composto por: HydroLink Hydrolock Adaptador de V\u00e1vula de Mordida HydriLink com v\u00e1lvula de Grande Mordida<\/p>\n","protected":false},"featured_media":43904,"comment_status":"open","ping_status":"closed","template":"","meta":{"_monsterinsights_skip_tracking":false,"_monsterinsights_sitenote_active":false,"_monsterinsights_sitenote_note":"","_monsterinsights_sitenote_category":0},"product_brand":[1505],"product_cat":[1631,1286,1467],"product_tag":[55,1633,1146],"class_list":{"0":"post-43902","1":"product","2":"type-product","3":"status-publish","4":"has-post-thumbnail","6":"product_brand-camelbak","7":"product_cat-acessorios-mochilas-bolsas","8":"product_cat-camelbak-marcas","9":"product_cat-mochilas-bolsas","10":"product_tag-acessorio","11":"product_tag-bocal","12":"product_tag-hidratacao","14":"first","15":"instock","16":"shipping-taxable","17":"product-type-variable"},"aioseo_notices":[],"jetpack_sharing_enabled":true,"_links":{"self":[{"href":"https:\/\/milicia-pro.com\/index.php\/wp-json\/wp\/v2\/product\/43902","targetHints":{"allow":["GET"]}}],"collection":[{"href":"https:\/\/milicia-pro.com\/index.php\/wp-json\/wp\/v2\/product"}],"about":[{"href":"https:\/\/milicia-pro.com\/index.php\/wp-json\/wp\/v2\/types\/product"}],"replies":[{"embeddable":true,"href":"https:\/\/milicia-pro.com\/index.php\/wp-json\/wp\/v2\/comments?post=43902"}],"wp:featuredmedia":[{"embeddable":true,"href":"https:\/\/milicia-pro.com\/index.php\/wp-json\/wp\/v2\/media\/43904"}],"wp:attachment":[{"href":"https:\/\/milicia-pro.com\/index.php\/wp-json\/wp\/v2\/media?parent=43902"}],"wp:term":[{"taxonomy":"product_brand","embeddable":true,"href":"https:\/\/milicia-pro.com\/index.php\/wp-json\/wp\/v2\/product_brand?post=43902"},{"taxonomy":"product_cat","embeddable":true,"href":"https:\/\/milicia-pro.com\/index.php\/wp-json\/wp\/v2\/product_cat?post=43902"},{"taxonomy":"product_tag","embeddable":true,"href":"https:\/\/milicia-pro.com\/index.php\/wp-json\/wp\/v2\/product_tag?post=43902"}],"curies":[{"name":"wp","href":"https:\/\/api.w.org\/{rel}","templated":true}]}}