{"id":43899,"date":"2026-02-10T11:57:43","date_gmt":"2026-02-10T11:57:43","guid":{"rendered":"https:\/\/milicia-pro.com\/?post_type=product&#038;p=43899"},"modified":"2026-05-10T15:51:36","modified_gmt":"2026-05-10T15:51:36","slug":"camelbak-big-bite-valve","status":"publish","type":"product","link":"https:\/\/milicia-pro.com\/index.php\/product\/camelbak-big-bite-valve\/","title":{"rendered":"CAMELBAK BIG BITE VALVE"},"content":{"rendered":"<p>O bocal patenteado Big Bite Valve oferece Hidrata\u00e7\u00e3o Sem Uso das M\u00e3os e \u00e9 ideal para qualquer situa\u00e7\u00e3o de alto desempenho.<\/p>\n<p>A v\u00e1lvula de substitui\u00e7\u00e3o encaixa em todos os sistemas Camelbak<\/p>\n","protected":false},"excerpt":{"rendered":"<p>O bocal patenteado Big Bite Valve oferece Hidrata\u00e7\u00e3o Sem Uso das M\u00e3os e \u00e9 ideal para qualquer situa\u00e7\u00e3o de alto desempenho. A v\u00e1lvula de substitui\u00e7\u00e3o encaixa em todos os sistemas Camelbak<\/p>\n","protected":false},"featured_media":43901,"comment_status":"open","ping_status":"closed","template":"","meta":{"_monsterinsights_skip_tracking":false,"_monsterinsights_sitenote_active":false,"_monsterinsights_sitenote_note":"","_monsterinsights_sitenote_category":0},"product_brand":[1505],"product_cat":[1631,1467],"product_tag":[55,1633,1146],"class_list":{"0":"post-43899","1":"product","2":"type-product","3":"status-publish","4":"has-post-thumbnail","6":"product_brand-camelbak","7":"product_cat-acessorios-mochilas-bolsas","8":"product_cat-mochilas-bolsas","9":"product_tag-acessorio","10":"product_tag-bocal","11":"product_tag-hidratacao","13":"first","14":"instock","15":"shipping-taxable","16":"purchasable","17":"product-type-variable"},"aioseo_notices":[],"jetpack_sharing_enabled":true,"_links":{"self":[{"href":"https:\/\/milicia-pro.com\/index.php\/wp-json\/wp\/v2\/product\/43899","targetHints":{"allow":["GET"]}}],"collection":[{"href":"https:\/\/milicia-pro.com\/index.php\/wp-json\/wp\/v2\/product"}],"about":[{"href":"https:\/\/milicia-pro.com\/index.php\/wp-json\/wp\/v2\/types\/product"}],"replies":[{"embeddable":true,"href":"https:\/\/milicia-pro.com\/index.php\/wp-json\/wp\/v2\/comments?post=43899"}],"wp:featuredmedia":[{"embeddable":true,"href":"https:\/\/milicia-pro.com\/index.php\/wp-json\/wp\/v2\/media\/43901"}],"wp:attachment":[{"href":"https:\/\/milicia-pro.com\/index.php\/wp-json\/wp\/v2\/media?parent=43899"}],"wp:term":[{"taxonomy":"product_brand","embeddable":true,"href":"https:\/\/milicia-pro.com\/index.php\/wp-json\/wp\/v2\/product_brand?post=43899"},{"taxonomy":"product_cat","embeddable":true,"href":"https:\/\/milicia-pro.com\/index.php\/wp-json\/wp\/v2\/product_cat?post=43899"},{"taxonomy":"product_tag","embeddable":true,"href":"https:\/\/milicia-pro.com\/index.php\/wp-json\/wp\/v2\/product_tag?post=43899"}],"curies":[{"name":"wp","href":"https:\/\/api.w.org\/{rel}","templated":true}]}}