{"id":43886,"date":"2026-02-09T17:02:30","date_gmt":"2026-02-09T17:02:30","guid":{"rendered":"https:\/\/milicia-pro.com\/?post_type=product&#038;p=43886"},"modified":"2026-02-09T17:57:41","modified_gmt":"2026-02-09T17:57:41","slug":"bolsa-termica-para-garrafas-de-750ml","status":"publish","type":"product","link":"https:\/\/milicia-pro.com\/index.php\/product\/bolsa-termica-para-garrafas-de-750ml\/","title":{"rendered":"BOLSA T\u00c9RMICA PARA GARRAFAS DE 750ML"},"content":{"rendered":"<p>Bolsa t\u00e9rmica da Camelbak para colocar a sua garrafa de \u00e1gua. Tem uma pega para que possa transportar na m\u00e3o e na parte superior da pega tem uma presilha com mola para poder anexar ao seu equipamento ou at\u00e9 mesmo na presilha das cal\u00e7as.<\/p>\n","protected":false},"excerpt":{"rendered":"<p>Bolsa t\u00e9rmica da Camelbak para colocar a sua garrafa de \u00e1gua. Tem uma pega para que possa transportar na m\u00e3o e na parte superior da pega tem uma presilha com mola para poder anexar ao seu equipamento ou at\u00e9 mesmo na presilha das cal\u00e7as.<\/p>\n","protected":false},"featured_media":43888,"comment_status":"open","ping_status":"closed","template":"","meta":{"_monsterinsights_skip_tracking":false,"_monsterinsights_sitenote_active":false,"_monsterinsights_sitenote_note":"","_monsterinsights_sitenote_category":0},"product_brand":[1505],"product_cat":[1617,1286,1467],"product_tag":[80,1146,741],"class_list":{"0":"post-43886","1":"product","2":"type-product","3":"status-publish","4":"has-post-thumbnail","6":"product_brand-camelbak","7":"product_cat-bolsa-hidratacao","8":"product_cat-camelbak-marcas","9":"product_cat-mochilas-bolsas","10":"product_tag-bolsa","11":"product_tag-hidratacao","12":"product_tag-transporte","14":"first","15":"instock","16":"shipping-taxable","17":"purchasable","18":"product-type-variable"},"aioseo_notices":[],"jetpack_sharing_enabled":true,"_links":{"self":[{"href":"https:\/\/milicia-pro.com\/index.php\/wp-json\/wp\/v2\/product\/43886","targetHints":{"allow":["GET"]}}],"collection":[{"href":"https:\/\/milicia-pro.com\/index.php\/wp-json\/wp\/v2\/product"}],"about":[{"href":"https:\/\/milicia-pro.com\/index.php\/wp-json\/wp\/v2\/types\/product"}],"replies":[{"embeddable":true,"href":"https:\/\/milicia-pro.com\/index.php\/wp-json\/wp\/v2\/comments?post=43886"}],"wp:featuredmedia":[{"embeddable":true,"href":"https:\/\/milicia-pro.com\/index.php\/wp-json\/wp\/v2\/media\/43888"}],"wp:attachment":[{"href":"https:\/\/milicia-pro.com\/index.php\/wp-json\/wp\/v2\/media?parent=43886"}],"wp:term":[{"taxonomy":"product_brand","embeddable":true,"href":"https:\/\/milicia-pro.com\/index.php\/wp-json\/wp\/v2\/product_brand?post=43886"},{"taxonomy":"product_cat","embeddable":true,"href":"https:\/\/milicia-pro.com\/index.php\/wp-json\/wp\/v2\/product_cat?post=43886"},{"taxonomy":"product_tag","embeddable":true,"href":"https:\/\/milicia-pro.com\/index.php\/wp-json\/wp\/v2\/product_tag?post=43886"}],"curies":[{"name":"wp","href":"https:\/\/api.w.org\/{rel}","templated":true}]}}