{"id":43882,"date":"2026-02-09T16:41:51","date_gmt":"2026-02-09T16:41:51","guid":{"rendered":"https:\/\/milicia-pro.com\/?post_type=product&#038;p=43882"},"modified":"2026-02-09T16:41:51","modified_gmt":"2026-02-09T16:41:51","slug":"acessorio-camelbak-hydrolock","status":"publish","type":"product","link":"https:\/\/milicia-pro.com\/index.php\/product\/acessorio-camelbak-hydrolock\/","title":{"rendered":"ACESS\u00d3RIO CAMELBAK HYDROLOCK"},"content":{"rendered":"<p>O acess\u00f3rio HydroLock regulariza o fluxo da \u00e1gua para maior seguran\u00e7a. Pe\u00e7a de cor negra com cerca de 4mg de peso, que encaixa no tubo e no centro tem torneira com regulador ON\/OF.<\/p>\n","protected":false},"excerpt":{"rendered":"<p>O acess\u00f3rio HydroLock regulariza o fluxo da \u00e1gua para maior seguran\u00e7a. Pe\u00e7a de cor negra com cerca de 4mg de peso, que encaixa no tubo e no centro tem torneira com regulador ON\/OF.<\/p>\n","protected":false},"featured_media":43884,"comment_status":"open","ping_status":"closed","template":"","meta":{"_monsterinsights_skip_tracking":false,"_monsterinsights_sitenote_active":false,"_monsterinsights_sitenote_note":"","_monsterinsights_sitenote_category":0},"product_brand":[1505],"product_cat":[1631,1286,1467],"product_tag":[55,1146,1632],"class_list":{"0":"post-43882","1":"product","2":"type-product","3":"status-publish","4":"has-post-thumbnail","6":"product_brand-camelbak","7":"product_cat-acessorios-mochilas-bolsas","8":"product_cat-camelbak-marcas","9":"product_cat-mochilas-bolsas","10":"product_tag-acessorio","11":"product_tag-hidratacao","12":"product_tag-torneira","14":"first","15":"instock","16":"shipping-taxable","17":"purchasable","18":"product-type-variable"},"aioseo_notices":[],"jetpack_sharing_enabled":true,"_links":{"self":[{"href":"https:\/\/milicia-pro.com\/index.php\/wp-json\/wp\/v2\/product\/43882","targetHints":{"allow":["GET"]}}],"collection":[{"href":"https:\/\/milicia-pro.com\/index.php\/wp-json\/wp\/v2\/product"}],"about":[{"href":"https:\/\/milicia-pro.com\/index.php\/wp-json\/wp\/v2\/types\/product"}],"replies":[{"embeddable":true,"href":"https:\/\/milicia-pro.com\/index.php\/wp-json\/wp\/v2\/comments?post=43882"}],"wp:featuredmedia":[{"embeddable":true,"href":"https:\/\/milicia-pro.com\/index.php\/wp-json\/wp\/v2\/media\/43884"}],"wp:attachment":[{"href":"https:\/\/milicia-pro.com\/index.php\/wp-json\/wp\/v2\/media?parent=43882"}],"wp:term":[{"taxonomy":"product_brand","embeddable":true,"href":"https:\/\/milicia-pro.com\/index.php\/wp-json\/wp\/v2\/product_brand?post=43882"},{"taxonomy":"product_cat","embeddable":true,"href":"https:\/\/milicia-pro.com\/index.php\/wp-json\/wp\/v2\/product_cat?post=43882"},{"taxonomy":"product_tag","embeddable":true,"href":"https:\/\/milicia-pro.com\/index.php\/wp-json\/wp\/v2\/product_tag?post=43882"}],"curies":[{"name":"wp","href":"https:\/\/api.w.org\/{rel}","templated":true}]}}