{"id":43879,"date":"2026-02-09T16:07:05","date_gmt":"2026-02-09T16:07:05","guid":{"rendered":"https:\/\/milicia-pro.com\/?post_type=product&#038;p=43879"},"modified":"2026-05-10T15:51:56","modified_gmt":"2026-05-10T15:51:56","slug":"acessorio-camelbak-tubing-extender-kit","status":"publish","type":"product","link":"https:\/\/milicia-pro.com\/index.php\/product\/acessorio-camelbak-tubing-extender-kit\/","title":{"rendered":"ACESS\u00d3RIO CAMELBAK TUBING EXTENDER KIT"},"content":{"rendered":"<p>Mangueira de bebida para quem quer beber \u00e0 dist\u00e2ncia do reservat\u00f3rio, por exemplo, remadores, parapentistas, ciclistas e praticantes de desportos motorizados. Mangueira mais longa, com conetor, que pode ser ligada a uma mangueira de bebida existente, aumentando o comprimento da mangueira em at\u00e9 100 cm.<\/p>\n<p>Inclui: Mangueira de bebida PureFlow com conetor de extens\u00e3o e Big Bite<\/p>\n<p>&nbsp;<\/p>\n","protected":false},"excerpt":{"rendered":"<p>Mangueira de bebida para quem quer beber \u00e0 dist\u00e2ncia do reservat\u00f3rio, por exemplo, remadores, parapentistas, ciclistas e praticantes de desportos motorizados. Mangueira mais longa, com conetor, que pode ser ligada a uma mangueira de bebida existente, aumentando o comprimento da mangueira em at\u00e9 100 cm. Inclui: Mangueira de bebida PureFlow com conetor de extens\u00e3o e [&#8230;]\n","protected":false},"featured_media":43881,"comment_status":"open","ping_status":"closed","template":"","meta":{"_monsterinsights_skip_tracking":false,"_monsterinsights_sitenote_active":false,"_monsterinsights_sitenote_note":"","_monsterinsights_sitenote_category":0},"product_brand":[1505],"product_cat":[1631,1286,1467],"product_tag":[1146,1630],"class_list":{"0":"post-43879","1":"product","2":"type-product","3":"status-publish","4":"has-post-thumbnail","6":"product_brand-camelbak","7":"product_cat-acessorios-mochilas-bolsas","8":"product_cat-camelbak-marcas","9":"product_cat-mochilas-bolsas","10":"product_tag-hidratacao","11":"product_tag-tubo","13":"first","14":"instock","15":"shipping-taxable","16":"purchasable","17":"product-type-variable"},"aioseo_notices":[],"jetpack_sharing_enabled":true,"_links":{"self":[{"href":"https:\/\/milicia-pro.com\/index.php\/wp-json\/wp\/v2\/product\/43879","targetHints":{"allow":["GET"]}}],"collection":[{"href":"https:\/\/milicia-pro.com\/index.php\/wp-json\/wp\/v2\/product"}],"about":[{"href":"https:\/\/milicia-pro.com\/index.php\/wp-json\/wp\/v2\/types\/product"}],"replies":[{"embeddable":true,"href":"https:\/\/milicia-pro.com\/index.php\/wp-json\/wp\/v2\/comments?post=43879"}],"wp:featuredmedia":[{"embeddable":true,"href":"https:\/\/milicia-pro.com\/index.php\/wp-json\/wp\/v2\/media\/43881"}],"wp:attachment":[{"href":"https:\/\/milicia-pro.com\/index.php\/wp-json\/wp\/v2\/media?parent=43879"}],"wp:term":[{"taxonomy":"product_brand","embeddable":true,"href":"https:\/\/milicia-pro.com\/index.php\/wp-json\/wp\/v2\/product_brand?post=43879"},{"taxonomy":"product_cat","embeddable":true,"href":"https:\/\/milicia-pro.com\/index.php\/wp-json\/wp\/v2\/product_cat?post=43879"},{"taxonomy":"product_tag","embeddable":true,"href":"https:\/\/milicia-pro.com\/index.php\/wp-json\/wp\/v2\/product_tag?post=43879"}],"curies":[{"name":"wp","href":"https:\/\/api.w.org\/{rel}","templated":true}]}}