{"id":43876,"date":"2026-02-09T15:46:47","date_gmt":"2026-02-09T15:46:47","guid":{"rendered":"https:\/\/milicia-pro.com\/?post_type=product&#038;p=43876"},"modified":"2026-02-10T18:11:09","modified_gmt":"2026-02-10T18:11:09","slug":"acessorio-camelbak-tube-director","status":"publish","type":"product","link":"https:\/\/milicia-pro.com\/index.php\/product\/acessorio-camelbak-tube-director\/","title":{"rendered":"ACESS\u00d3RIO CAMELBAK TUBE DIRECTOR"},"content":{"rendered":"<p>Mangueira de substitui\u00e7\u00e3o com conector e um bico, compat\u00edvel com o saco de hidrata\u00e7\u00e3o CamelBak Antidote<\/p>\n<ul>\n<li><span style=\"color: #333333;font-size: 14.4px\">Comprimento: aprox. 90 cm<\/span><\/li>\n<li><span style=\"color: #555555;font-size: 14.4px\">Peso aprox. 50 g<\/span><\/li>\n<\/ul>\n<p>A tecnologia Hydroguard inibe o crescimento de bact\u00e9rias na mangueira. 100% livre de BPA, BPS e BPF. 20% mais fluxo de \u00e1gua<\/p>\n","protected":false},"excerpt":{"rendered":"<p>Mangueira de substitui\u00e7\u00e3o com conector e um bico, compat\u00edvel com o saco de hidrata\u00e7\u00e3o CamelBak Antidote Comprimento: aprox. 90 cm Peso aprox. 50 g A tecnologia Hydroguard inibe o crescimento de bact\u00e9rias na mangueira. 100% livre de BPA, BPS e BPF. 20% mais fluxo de \u00e1gua<\/p>\n","protected":false},"featured_media":43878,"comment_status":"open","ping_status":"closed","template":"","meta":{"_monsterinsights_skip_tracking":false,"_monsterinsights_sitenote_active":false,"_monsterinsights_sitenote_note":"","_monsterinsights_sitenote_category":0},"product_brand":[1505],"product_cat":[1631,1286],"product_tag":[1146,1630],"class_list":{"0":"post-43876","1":"product","2":"type-product","3":"status-publish","4":"has-post-thumbnail","6":"product_brand-camelbak","7":"product_cat-acessorios-mochilas-bolsas","8":"product_cat-camelbak-marcas","9":"product_tag-hidratacao","10":"product_tag-tubo","12":"first","13":"onbackorder","14":"shipping-taxable","15":"purchasable","16":"product-type-variable"},"aioseo_notices":[],"jetpack_sharing_enabled":true,"_links":{"self":[{"href":"https:\/\/milicia-pro.com\/index.php\/wp-json\/wp\/v2\/product\/43876","targetHints":{"allow":["GET"]}}],"collection":[{"href":"https:\/\/milicia-pro.com\/index.php\/wp-json\/wp\/v2\/product"}],"about":[{"href":"https:\/\/milicia-pro.com\/index.php\/wp-json\/wp\/v2\/types\/product"}],"replies":[{"embeddable":true,"href":"https:\/\/milicia-pro.com\/index.php\/wp-json\/wp\/v2\/comments?post=43876"}],"wp:featuredmedia":[{"embeddable":true,"href":"https:\/\/milicia-pro.com\/index.php\/wp-json\/wp\/v2\/media\/43878"}],"wp:attachment":[{"href":"https:\/\/milicia-pro.com\/index.php\/wp-json\/wp\/v2\/media?parent=43876"}],"wp:term":[{"taxonomy":"product_brand","embeddable":true,"href":"https:\/\/milicia-pro.com\/index.php\/wp-json\/wp\/v2\/product_brand?post=43876"},{"taxonomy":"product_cat","embeddable":true,"href":"https:\/\/milicia-pro.com\/index.php\/wp-json\/wp\/v2\/product_cat?post=43876"},{"taxonomy":"product_tag","embeddable":true,"href":"https:\/\/milicia-pro.com\/index.php\/wp-json\/wp\/v2\/product_tag?post=43876"}],"curies":[{"name":"wp","href":"https:\/\/api.w.org\/{rel}","templated":true}]}}