{"id":43870,"date":"2026-02-09T14:38:37","date_gmt":"2026-02-09T14:38:37","guid":{"rendered":"https:\/\/milicia-pro.com\/?post_type=product&#038;p=43870"},"modified":"2026-02-09T15:49:59","modified_gmt":"2026-02-09T15:49:59","slug":"acessorio-camelbak-thermal-control-kit","status":"publish","type":"product","link":"https:\/\/milicia-pro.com\/index.php\/product\/acessorio-camelbak-thermal-control-kit\/","title":{"rendered":"ACESS\u00d3RIO CAMELBAK THERMAL CONTROL KIT"},"content":{"rendered":"<p>Mantenha-se hidratado durante as suas aventuras de caminhada ou campismo com este Kit de Controlo T\u00e9rmico da CamelBak. Concebido para ser usado com todas as mochilas de hidrata\u00e7\u00e3o CamelBak, este kit inclui tudo o que precisa para manter a sua \u00e1gua fresca e fria. O kit apresenta um design resistente \u00e0 \u00e1gua, tornando-o perfeito para utiliza\u00e7\u00e3o em todas as condi\u00e7\u00f5es meteorol\u00f3gicas. Este Kit de Controlo T\u00e9rmico da CamelBak \u00e9 de cor preta elegante e um tamanho \u00fanico.<\/p>\n","protected":false},"excerpt":{"rendered":"<p>Mantenha-se hidratado durante as suas aventuras de caminhada ou campismo com este Kit de Controlo T\u00e9rmico da CamelBak. Concebido para ser usado com todas as mochilas de hidrata\u00e7\u00e3o CamelBak, este kit inclui tudo o que precisa para manter a sua \u00e1gua fresca e fria. O kit apresenta um design resistente \u00e0 \u00e1gua, tornando-o perfeito para [&#8230;]\n","protected":false},"featured_media":43874,"comment_status":"open","ping_status":"closed","template":"","meta":{"_monsterinsights_skip_tracking":false,"_monsterinsights_sitenote_active":false,"_monsterinsights_sitenote_note":"","_monsterinsights_sitenote_category":0},"product_brand":[1505],"product_cat":[1631,1467],"product_tag":[55,1146,1630],"class_list":{"0":"post-43870","1":"product","2":"type-product","3":"status-publish","4":"has-post-thumbnail","6":"product_brand-camelbak","7":"product_cat-acessorios-mochilas-bolsas","8":"product_cat-mochilas-bolsas","9":"product_tag-acessorio","10":"product_tag-hidratacao","11":"product_tag-tubo","13":"first","14":"instock","15":"shipping-taxable","16":"purchasable","17":"product-type-variable"},"aioseo_notices":[],"jetpack_sharing_enabled":true,"_links":{"self":[{"href":"https:\/\/milicia-pro.com\/index.php\/wp-json\/wp\/v2\/product\/43870","targetHints":{"allow":["GET"]}}],"collection":[{"href":"https:\/\/milicia-pro.com\/index.php\/wp-json\/wp\/v2\/product"}],"about":[{"href":"https:\/\/milicia-pro.com\/index.php\/wp-json\/wp\/v2\/types\/product"}],"replies":[{"embeddable":true,"href":"https:\/\/milicia-pro.com\/index.php\/wp-json\/wp\/v2\/comments?post=43870"}],"wp:featuredmedia":[{"embeddable":true,"href":"https:\/\/milicia-pro.com\/index.php\/wp-json\/wp\/v2\/media\/43874"}],"wp:attachment":[{"href":"https:\/\/milicia-pro.com\/index.php\/wp-json\/wp\/v2\/media?parent=43870"}],"wp:term":[{"taxonomy":"product_brand","embeddable":true,"href":"https:\/\/milicia-pro.com\/index.php\/wp-json\/wp\/v2\/product_brand?post=43870"},{"taxonomy":"product_cat","embeddable":true,"href":"https:\/\/milicia-pro.com\/index.php\/wp-json\/wp\/v2\/product_cat?post=43870"},{"taxonomy":"product_tag","embeddable":true,"href":"https:\/\/milicia-pro.com\/index.php\/wp-json\/wp\/v2\/product_tag?post=43870"}],"curies":[{"name":"wp","href":"https:\/\/api.w.org\/{rel}","templated":true}]}}