{"id":43866,"date":"2026-02-09T11:43:43","date_gmt":"2026-02-09T11:43:43","guid":{"rendered":"https:\/\/milicia-pro.com\/?post_type=product&#038;p=43866"},"modified":"2026-02-09T11:45:28","modified_gmt":"2026-02-09T11:45:28","slug":"reservatorio-70-oz-b-2lt-p-cantil-camelbak","status":"publish","type":"product","link":"https:\/\/milicia-pro.com\/index.php\/product\/reservatorio-70-oz-b-2lt-p-cantil-camelbak\/","title":{"rendered":"RESERVAT\u00d3RIO 70 OZ B 2LT. P\/ CANTIL CAMELBAK"},"content":{"rendered":"<p>A durabilidade e resist\u00eancia deste reservat\u00f3rio foi aumentada para que se comporte de forma mais eficaz sobre condi\u00e7\u00f5es mais rigorosas.<\/p>\n<p>Fabricado com sistema Anti-Microbiano, que assegura a pureza da \u00e1gua que o utilizador vai beber.<\/p>\n<p>Inclui v\u00e1lvula Big Bite.<\/p>\n<p>Vem de s\u00e9rie com o material dur\u00e1vel Water Beast\u2122 da CamelBak, tampa de rosca \u00e0 prova de fugas e v\u00e1lvula Big Bite\u2122.<\/p>\n<p>ESPECIFICA\u00c7\u00d5ES<\/p>\n<p>CAPACIDADE: 2 L \/ 70 fl oz<\/p>\n<p>FECHO: \u00c0 prova de fugas<\/p>\n<p>PESO: 198 g \/ 7 oz<\/p>\n","protected":false},"excerpt":{"rendered":"<p>A durabilidade e resist\u00eancia deste reservat\u00f3rio foi aumentada para que se comporte de forma mais eficaz sobre condi\u00e7\u00f5es mais rigorosas. Fabricado com sistema Anti-Microbiano, que assegura a pureza da \u00e1gua que o utilizador vai beber. Inclui v\u00e1lvula Big Bite. Vem de s\u00e9rie com o material dur\u00e1vel Water Beast\u2122 da CamelBak, tampa de rosca \u00e0 prova [&#8230;]\n","protected":false},"featured_media":43868,"comment_status":"open","ping_status":"closed","template":"","meta":{"_monsterinsights_skip_tracking":false,"_monsterinsights_sitenote_active":false,"_monsterinsights_sitenote_note":"","_monsterinsights_sitenote_category":0},"product_brand":[1505],"product_cat":[1617,1286,1467],"product_tag":[80,1146,936],"class_list":{"0":"post-43866","1":"product","2":"type-product","3":"status-publish","4":"has-post-thumbnail","6":"product_brand-camelbak","7":"product_cat-bolsa-hidratacao","8":"product_cat-camelbak-marcas","9":"product_cat-mochilas-bolsas","10":"product_tag-bolsa","11":"product_tag-hidratacao","12":"product_tag-reservatorio","14":"first","15":"instock","16":"shipping-taxable","17":"purchasable","18":"product-type-variable"},"aioseo_notices":[],"jetpack_sharing_enabled":true,"_links":{"self":[{"href":"https:\/\/milicia-pro.com\/index.php\/wp-json\/wp\/v2\/product\/43866","targetHints":{"allow":["GET"]}}],"collection":[{"href":"https:\/\/milicia-pro.com\/index.php\/wp-json\/wp\/v2\/product"}],"about":[{"href":"https:\/\/milicia-pro.com\/index.php\/wp-json\/wp\/v2\/types\/product"}],"replies":[{"embeddable":true,"href":"https:\/\/milicia-pro.com\/index.php\/wp-json\/wp\/v2\/comments?post=43866"}],"wp:featuredmedia":[{"embeddable":true,"href":"https:\/\/milicia-pro.com\/index.php\/wp-json\/wp\/v2\/media\/43868"}],"wp:attachment":[{"href":"https:\/\/milicia-pro.com\/index.php\/wp-json\/wp\/v2\/media?parent=43866"}],"wp:term":[{"taxonomy":"product_brand","embeddable":true,"href":"https:\/\/milicia-pro.com\/index.php\/wp-json\/wp\/v2\/product_brand?post=43866"},{"taxonomy":"product_cat","embeddable":true,"href":"https:\/\/milicia-pro.com\/index.php\/wp-json\/wp\/v2\/product_cat?post=43866"},{"taxonomy":"product_tag","embeddable":true,"href":"https:\/\/milicia-pro.com\/index.php\/wp-json\/wp\/v2\/product_tag?post=43866"}],"curies":[{"name":"wp","href":"https:\/\/api.w.org\/{rel}","templated":true}]}}