{"id":43850,"date":"2026-02-09T10:56:56","date_gmt":"2026-02-09T10:56:56","guid":{"rendered":"https:\/\/milicia-pro.com\/?post_type=product&#038;p=43850"},"modified":"2026-05-10T15:52:12","modified_gmt":"2026-05-10T15:52:12","slug":"camelbak-thermobak-70-oz","status":"publish","type":"product","link":"https:\/\/milicia-pro.com\/index.php\/product\/camelbak-thermobak-70-oz\/","title":{"rendered":"CAMELBAK THERMOBAK 70 OZ"},"content":{"rendered":"<p>Uma vers\u00e3o menor e mais leve do nosso produto assinatura imbat\u00edvel. Um dos seus melhores recursos em campo.<\/p>\n<p>Inclui o Reservat\u00f3rio Long-Neck Water Beast\u2122 de 70 oz (2L).<\/p>\n<p>Caracter\u00edsticas do Reservat\u00f3rio de \u00c1gua:<\/p>\n<ul>\n<li>Material resistente e dur\u00e1vel Water Beast\u2122, tampa com rosca \u00e0 prova de vazamentos, tubo isolado PureFlow\u2122, v\u00e1lvula patenteada Big Bite\u2122, Porta de Sa\u00edda e Porta de Bebida HydroLink\u2122, controle de fluxo HydroLock\u2122 com uma m\u00e3o<\/li>\n<\/ul>\n<p>Principais Caracter\u00edsticas da Mochila:<\/p>\n<ul>\n<li>Al\u00e7a peitoral para maior estabilidade, isolamento em c\u00e9lula fechada e capa de tubo em neoprene mant\u00e9m a \u00e1gua fria ou quente por horas, Inclui Sistema de Conex\u00e3o Modular HydroLink com HydroLock\u2122 de bloqueio positivo, Porta de enchimento externa com al\u00e7a ergon\u00f4mica para enchimento em movimento, Al\u00e7as de ombro com libera\u00e7\u00e3o r\u00e1pida desclipam para f\u00e1cil remo\u00e7\u00e3o, Exterior em tecido 1000D Cordura\u00ae resistente \u00e0 abras\u00e3o, Conveniente gerenciamento de al\u00e7as com velcro<\/li>\n<\/ul>\n<p>Especifica\u00e7\u00f5es do Produto<\/p>\n<ul>\n<li>Capacidade de Hidrata\u00e7\u00e3o: 70 oz \/ 2 L<\/li>\n<li>Capacidade Total: 122 pol\u00b3 \/ 2 L<\/li>\n<li>Peso Total: 1,2 lbs \/ 544 g<\/li>\n<li>Dimens\u00f5es: 18 x 8,5 x 3 pol \/ 46 x 21,5 x 8 cm<\/li>\n<li>Comprimento do Torso: 17 pol \/ 43,2 cm<\/li>\n<li>Tecido: Painel frontal e pala de tecido Cordura\u00ae 1000D<\/li>\n<li>Painel traseiro de nylon de alta densidade 420D e aba para reservat\u00f3rio<\/li>\n<li>Painel de armazenamento de nylon de alta densidade 420D para a al\u00e7a do ombro<\/li>\n<li>Forro de nylon 210D<\/li>\n<li>Fita de nylon<\/li>\n<\/ul>\n","protected":false},"excerpt":{"rendered":"<p>Uma vers\u00e3o menor e mais leve do nosso produto assinatura imbat\u00edvel. Um dos seus melhores recursos em campo. Inclui o Reservat\u00f3rio Long-Neck Water Beast\u2122 de 70 oz (2L). Caracter\u00edsticas do Reservat\u00f3rio de \u00c1gua: Material resistente e dur\u00e1vel Water Beast\u2122, tampa com rosca \u00e0 prova de vazamentos, tubo isolado PureFlow\u2122, v\u00e1lvula patenteada Big Bite\u2122, Porta de [&#8230;]\n","protected":false},"featured_media":43853,"comment_status":"open","ping_status":"closed","template":"","meta":{"_monsterinsights_skip_tracking":false,"_monsterinsights_sitenote_active":false,"_monsterinsights_sitenote_note":"","_monsterinsights_sitenote_category":0},"product_brand":[1505],"product_cat":[1617,1286,1467],"product_tag":[80,1146],"class_list":{"0":"post-43850","1":"product","2":"type-product","3":"status-publish","4":"has-post-thumbnail","6":"product_brand-camelbak","7":"product_cat-bolsa-hidratacao","8":"product_cat-camelbak-marcas","9":"product_cat-mochilas-bolsas","10":"product_tag-bolsa","11":"product_tag-hidratacao","13":"first","14":"instock","15":"shipping-taxable","16":"purchasable","17":"product-type-variable"},"aioseo_notices":[],"jetpack_sharing_enabled":true,"_links":{"self":[{"href":"https:\/\/milicia-pro.com\/index.php\/wp-json\/wp\/v2\/product\/43850","targetHints":{"allow":["GET"]}}],"collection":[{"href":"https:\/\/milicia-pro.com\/index.php\/wp-json\/wp\/v2\/product"}],"about":[{"href":"https:\/\/milicia-pro.com\/index.php\/wp-json\/wp\/v2\/types\/product"}],"replies":[{"embeddable":true,"href":"https:\/\/milicia-pro.com\/index.php\/wp-json\/wp\/v2\/comments?post=43850"}],"wp:featuredmedia":[{"embeddable":true,"href":"https:\/\/milicia-pro.com\/index.php\/wp-json\/wp\/v2\/media\/43853"}],"wp:attachment":[{"href":"https:\/\/milicia-pro.com\/index.php\/wp-json\/wp\/v2\/media?parent=43850"}],"wp:term":[{"taxonomy":"product_brand","embeddable":true,"href":"https:\/\/milicia-pro.com\/index.php\/wp-json\/wp\/v2\/product_brand?post=43850"},{"taxonomy":"product_cat","embeddable":true,"href":"https:\/\/milicia-pro.com\/index.php\/wp-json\/wp\/v2\/product_cat?post=43850"},{"taxonomy":"product_tag","embeddable":true,"href":"https:\/\/milicia-pro.com\/index.php\/wp-json\/wp\/v2\/product_tag?post=43850"}],"curies":[{"name":"wp","href":"https:\/\/api.w.org\/{rel}","templated":true}]}}