{"id":43834,"date":"2026-02-04T15:04:27","date_gmt":"2026-02-04T15:04:27","guid":{"rendered":"https:\/\/milicia-pro.com\/?post_type=product&#038;p=43834"},"modified":"2026-02-04T15:09:34","modified_gmt":"2026-02-04T15:09:34","slug":"bolsa-de-cintura-flashflo-50-oz-15l","status":"publish","type":"product","link":"https:\/\/milicia-pro.com\/index.php\/product\/bolsa-de-cintura-flashflo-50-oz-15l\/","title":{"rendered":"BOLSA DE CINTURA FLASHFLO 50 OZ 1,5L"},"content":{"rendered":"<p>A bolsa de hidrata\u00e7\u00e3o CamelBak FlashFlo \u00e9 perfeita para corredores, caminhantes e ciclistas. Incorpora no seu interior um reservat\u00f3rio Lumbar Antidote com a capacidade de 50 OZ- 1,5Litros. Na parte da frente da bolsa possui um compartimento onde pode transportar os documentos, chaves, telem\u00f3vel.<\/p>\n","protected":false},"excerpt":{"rendered":"<p>A bolsa de hidrata\u00e7\u00e3o CamelBak FlashFlo \u00e9 perfeita para corredores, caminhantes e ciclistas. Incorpora no seu interior um reservat\u00f3rio Lumbar Antidote com a capacidade de 50 OZ- 1,5Litros. Na parte da frente da bolsa possui um compartimento onde pode transportar os documentos, chaves, telem\u00f3vel.<\/p>\n","protected":false},"featured_media":43836,"comment_status":"open","ping_status":"closed","template":"","meta":{"_monsterinsights_skip_tracking":false,"_monsterinsights_sitenote_active":false,"_monsterinsights_sitenote_note":"","_monsterinsights_sitenote_category":0},"product_brand":[1505],"product_cat":[1617,1286,1467],"product_tag":[80,1146],"class_list":{"0":"post-43834","1":"product","2":"type-product","3":"status-publish","4":"has-post-thumbnail","6":"product_brand-camelbak","7":"product_cat-bolsa-hidratacao","8":"product_cat-camelbak-marcas","9":"product_cat-mochilas-bolsas","10":"product_tag-bolsa","11":"product_tag-hidratacao","13":"first","14":"instock","15":"shipping-taxable","16":"purchasable","17":"product-type-variable"},"aioseo_notices":[],"jetpack_sharing_enabled":true,"_links":{"self":[{"href":"https:\/\/milicia-pro.com\/index.php\/wp-json\/wp\/v2\/product\/43834","targetHints":{"allow":["GET"]}}],"collection":[{"href":"https:\/\/milicia-pro.com\/index.php\/wp-json\/wp\/v2\/product"}],"about":[{"href":"https:\/\/milicia-pro.com\/index.php\/wp-json\/wp\/v2\/types\/product"}],"replies":[{"embeddable":true,"href":"https:\/\/milicia-pro.com\/index.php\/wp-json\/wp\/v2\/comments?post=43834"}],"wp:featuredmedia":[{"embeddable":true,"href":"https:\/\/milicia-pro.com\/index.php\/wp-json\/wp\/v2\/media\/43836"}],"wp:attachment":[{"href":"https:\/\/milicia-pro.com\/index.php\/wp-json\/wp\/v2\/media?parent=43834"}],"wp:term":[{"taxonomy":"product_brand","embeddable":true,"href":"https:\/\/milicia-pro.com\/index.php\/wp-json\/wp\/v2\/product_brand?post=43834"},{"taxonomy":"product_cat","embeddable":true,"href":"https:\/\/milicia-pro.com\/index.php\/wp-json\/wp\/v2\/product_cat?post=43834"},{"taxonomy":"product_tag","embeddable":true,"href":"https:\/\/milicia-pro.com\/index.php\/wp-json\/wp\/v2\/product_tag?post=43834"}],"curies":[{"name":"wp","href":"https:\/\/api.w.org\/{rel}","templated":true}]}}