{"id":43827,"date":"2026-02-04T12:18:21","date_gmt":"2026-02-04T12:18:21","guid":{"rendered":"https:\/\/milicia-pro.com\/?post_type=product&#038;p=43827"},"modified":"2026-02-04T12:18:21","modified_gmt":"2026-02-04T12:18:21","slug":"camelbak-thermobak-100-oz","status":"publish","type":"product","link":"https:\/\/milicia-pro.com\/index.php\/product\/camelbak-thermobak-100-oz\/","title":{"rendered":"CAMELBAK THERMOBAK 100 OZ"},"content":{"rendered":"<div style=\"width: 1020px;\" class=\"wp-video\"><video class=\"wp-video-shortcode\" id=\"video-43827-1\" width=\"1020\" height=\"574\" preload=\"metadata\" controls=\"controls\"><source type=\"video\/mp4\" src=\"https:\/\/milicia-pro.com\/wp-content\/uploads\/2026\/02\/ThermoBak-3L-ThermoBak-AB.mp4?_=1\" \/><a href=\"https:\/\/milicia-pro.com\/wp-content\/uploads\/2026\/02\/ThermoBak-3L-ThermoBak-AB.mp4\">https:\/\/milicia-pro.com\/wp-content\/uploads\/2026\/02\/ThermoBak-3L-ThermoBak-AB.mp4<\/a><\/video><\/div>\n<p>A bolsa ThermoBak\u00a0 de 3 Litros oferece m\u00e1xima capacidade de hidrata\u00e7\u00e3o para tarefas mais longas. Seu design ergon\u00f4mico mant\u00e9m voc\u00ea confort\u00e1vel por horas. Fivelas, tiras e materiais de baixa reflex\u00e3o infravermelha [IRR] nos modelos Coyote e Army Universal Camo d\u00e3o uma vantagem no campo de batalha durante opera\u00e7\u00f5es noturnas. Com recursos otimizados, reservat\u00f3rio OMEGA\u2122 de enchimento externo e painel frontal com z\u00edper.<\/p>\n<ul>\n<li>O reservat\u00f3rio de poliuretano n\u00e3o balan\u00e7a e colapsa sobre si pr\u00f3prio<\/li>\n<li>A tampa de rosca presa permite encher o reservat\u00f3rio facilmente, proporcionando uma veda\u00e7\u00e3o segura \u00e0 prova de fugas<\/li>\n<li>A abertura extra larga de 1,75 polegadas\/45 mm pode ser preenchida com cubos de gelo para hidrata\u00e7\u00e3o extra fresca em dias quentes<\/li>\n<li>A V\u00e1lvula HydroLock\u2122 proporciona um desligamento positivo para seguran\u00e7a anti-fugas<\/li>\n<li>A V\u00e1lvula de Silicone Big Bite\u2122 liberta mais \u00e1gua quando necess\u00e1rio<\/li>\n<li>Isolamento em espuma de c\u00e9lula fechada mant\u00e9m os l\u00edquidos frescos por mais tempo e n\u00e3o absorve humidade ou suor<\/li>\n<li>Coberturas de tubo isoladas em todos os modelos<\/li>\n<li>Garantia mais forte no campo da hidrata\u00e7\u00e3o.<\/li>\n<\/ul>\n<p>&nbsp;<\/p>\n<p>Especifica\u00e7\u00f5es:<\/p>\n<ul>\n<li>Adicione ou remova etiquetas de nome e emblemas da unidade rapidamente com tiras de Velcro\u00ae integradas<\/li>\n<li>Porta de enchimento exterior grande com pega ergon\u00f3mica para encher em movimento<\/li>\n<li>Painel frontal com fecho de correr<\/li>\n<li>Compartimento do reservat\u00f3rio com tampa de rosca de pesco\u00e7o longo<\/li>\n<li>Al\u00e7as dobr\u00e1veis permitem que a unidade caiba facilmente em mochilas maiores<\/li>\n<li>Utilize pontos de fixa\u00e7\u00e3o em D para colocar a unidade em qualquer lugar<\/li>\n<li>Cinta tor\u00e1cica para maior estabilidade.<\/li>\n<li>Tecido de nylon Cordura\u00ae 1000 denier e constru\u00e7\u00e3o resistente, com costuras duplas<\/li>\n<li>Anilhas em D mant\u00eam o tubo de bebida \u00e0 m\u00e3o<\/li>\n<li>Gest\u00e3o de correias pr\u00e1tica com Velcro\u00ae<\/li>\n<li>Correias de liberta\u00e7\u00e3o r\u00e1pida guardam-se nos bolsos incorporados<\/li>\n<li>Capacidade: 100 oz (3,0 L)<\/li>\n<li>Dimens\u00f5es: 46 x 25 x 9 cm<\/li>\n<li>Peso: Reservat\u00f3rio vazio \u2013 0,4 kg<\/li>\n<li>Reservat\u00f3rio cheio \u2013 3,64 kg<\/li>\n<\/ul>\n<p>&nbsp;<\/p>\n","protected":false},"excerpt":{"rendered":"<p>A bolsa ThermoBak\u00a0 de 3 Litros oferece m\u00e1xima capacidade de hidrata\u00e7\u00e3o para tarefas mais longas. Seu design ergon\u00f4mico mant\u00e9m voc\u00ea confort\u00e1vel por horas. Fivelas, tiras e materiais de baixa reflex\u00e3o infravermelha [IRR] nos modelos Coyote e Army Universal Camo d\u00e3o uma vantagem no campo de batalha durante opera\u00e7\u00f5es noturnas. Com recursos otimizados, reservat\u00f3rio OMEGA\u2122 de [&#8230;]\n","protected":false},"featured_media":43829,"comment_status":"open","ping_status":"closed","template":"","meta":{"_monsterinsights_skip_tracking":false,"_monsterinsights_sitenote_active":false,"_monsterinsights_sitenote_note":"","_monsterinsights_sitenote_category":0},"product_brand":[1505],"product_cat":[1617,1286,1467],"product_tag":[80,1146,215],"class_list":{"0":"post-43827","1":"product","2":"type-product","3":"status-publish","4":"has-post-thumbnail","6":"product_brand-camelbak","7":"product_cat-bolsa-hidratacao","8":"product_cat-camelbak-marcas","9":"product_cat-mochilas-bolsas","10":"product_tag-bolsa","11":"product_tag-hidratacao","12":"product_tag-mochila","14":"first","15":"instock","16":"shipping-taxable","17":"purchasable","18":"product-type-variable"},"aioseo_notices":[],"jetpack_sharing_enabled":true,"_links":{"self":[{"href":"https:\/\/milicia-pro.com\/index.php\/wp-json\/wp\/v2\/product\/43827","targetHints":{"allow":["GET"]}}],"collection":[{"href":"https:\/\/milicia-pro.com\/index.php\/wp-json\/wp\/v2\/product"}],"about":[{"href":"https:\/\/milicia-pro.com\/index.php\/wp-json\/wp\/v2\/types\/product"}],"replies":[{"embeddable":true,"href":"https:\/\/milicia-pro.com\/index.php\/wp-json\/wp\/v2\/comments?post=43827"}],"wp:featuredmedia":[{"embeddable":true,"href":"https:\/\/milicia-pro.com\/index.php\/wp-json\/wp\/v2\/media\/43829"}],"wp:attachment":[{"href":"https:\/\/milicia-pro.com\/index.php\/wp-json\/wp\/v2\/media?parent=43827"}],"wp:term":[{"taxonomy":"product_brand","embeddable":true,"href":"https:\/\/milicia-pro.com\/index.php\/wp-json\/wp\/v2\/product_brand?post=43827"},{"taxonomy":"product_cat","embeddable":true,"href":"https:\/\/milicia-pro.com\/index.php\/wp-json\/wp\/v2\/product_cat?post=43827"},{"taxonomy":"product_tag","embeddable":true,"href":"https:\/\/milicia-pro.com\/index.php\/wp-json\/wp\/v2\/product_tag?post=43827"}],"curies":[{"name":"wp","href":"https:\/\/api.w.org\/{rel}","templated":true}]}}