{"id":43818,"date":"2026-02-04T11:50:02","date_gmt":"2026-02-04T11:50:02","guid":{"rendered":"https:\/\/milicia-pro.com\/?post_type=product&#038;p=43818"},"modified":"2026-02-04T11:50:02","modified_gmt":"2026-02-04T11:50:02","slug":"camelbak-thermobak-1000d-3l","status":"publish","type":"product","link":"https:\/\/milicia-pro.com\/index.php\/product\/camelbak-thermobak-1000d-3l\/","title":{"rendered":"CAMELBAK THERMOBAK 1000D 3L"},"content":{"rendered":"<div style=\"width: 1020px;\" class=\"wp-video\"><video class=\"wp-video-shortcode\" id=\"video-43818-1\" width=\"1020\" height=\"574\" preload=\"metadata\" controls=\"controls\"><source type=\"video\/mp4\" src=\"https:\/\/milicia-pro.com\/wp-content\/uploads\/2026\/02\/ThermoBak-3L-ThermoBak-AB.mp4?_=1\" \/><a href=\"https:\/\/milicia-pro.com\/wp-content\/uploads\/2026\/02\/ThermoBak-3L-ThermoBak-AB.mp4\">https:\/\/milicia-pro.com\/wp-content\/uploads\/2026\/02\/ThermoBak-3L-ThermoBak-AB.mp4<\/a><\/video><\/div>\n<p>Uma das nossas mochilas minimalistas mais confi\u00e1veis e conhecidas, a ThermoBak 3L continua a impressionar com recursos e tecnologia atualizados. Tem um Reservat\u00f3rio 3L Mil Spec Crux fornece 25% mais \u00e1gua a cada gole, enquanto o estilo mant\u00e9m a ergonomia e a refletividade infravermelha ideal pela qual \u00e9 famosa.<\/p>\n<p>CARACTER\u00cdSTICAS:<\/p>\n<ul>\n<li>O enchimento externo permite f\u00e1cil acesso ao reservat\u00f3rio Crux\u2122 para facilitar o enchimento, limpeza e adi\u00e7\u00e3o de gelo<\/li>\n<li>Capa de enchimento com dois z\u00edperes oferece pontos de entrada no topo ou na parte inferior do compartimento do reservat\u00f3rio<\/li>\n<li>Al\u00e7as de ombro de libera\u00e7\u00e3o r\u00e1pida desencaixam para f\u00e1cil remo\u00e7\u00e3o e podem ser guardadas dentro do bolso embutido<\/li>\n<li>Al\u00e7a de esterno ajust\u00e1vel<\/li>\n<li>Gerenciamento de al\u00e7as com velcro<\/li>\n<li>Seis pontos de anel em D para fixar em qualquer colete de armadura ou mochila com MOLLE<\/li>\n<li>Compartimento do reservat\u00f3rio totalmente isolado usando espuma de c\u00e9lula fechada de 5mm<\/li>\n<li>Adicione ou remova etiquetas de nome e emblemas de unidade rapidamente com velcro integrado<\/li>\n<li>Furos de drenagem localizados na parte inferior do compartimento principal<br \/>\nUtiliza tecido Cordura\u00ae 500D Double-rip para a combina\u00e7\u00e3o definitiva de resist\u00eancia e durabilidade<br \/>\nDIMENS\u00d5ES 46 x 25 x 9cm<\/li>\n<\/ul>\n<p>MATERIAL:<\/p>\n<ul>\n<li>Painel frontal e pala de tecido Cordura\u00ae 500D Double-rip<\/li>\n<li>Painel traseiro de nylon de alta densidade 210D<\/li>\n<li>Painel dobr\u00e1vel de nylon de alta densidade 420D para webbing do arn\u00eas de ombro<\/li>\n<li>Painel de espuma de c\u00e9lula fechada de 5mm e isolamento t\u00e9rmico do compartimento de hidrata\u00e7\u00e3o<\/li>\n<li>Forro de poli\u00e9ster 135D<\/li>\n<li>Fita de nylon IR<\/li>\n<li>Fita de polipropileno<\/li>\n<li><strong>RESERVAT\u00d3RIO TIPO 3L Mil Spec Crux Long<\/strong><\/li>\n<li><strong>VOLUME 3L<\/strong><\/li>\n<li><strong>PESO APENAS DA MOCHILA 400g<\/strong><\/li>\n<\/ul>\n<p>&nbsp;<\/p>\n","protected":false},"excerpt":{"rendered":"<p>Uma das nossas mochilas minimalistas mais confi\u00e1veis e conhecidas, a ThermoBak 3L continua a impressionar com recursos e tecnologia atualizados. Tem um Reservat\u00f3rio 3L Mil Spec Crux fornece 25% mais \u00e1gua a cada gole, enquanto o estilo mant\u00e9m a ergonomia e a refletividade infravermelha ideal pela qual \u00e9 famosa. CARACTER\u00cdSTICAS: O enchimento externo permite f\u00e1cil [&#8230;]\n","protected":false},"featured_media":43821,"comment_status":"open","ping_status":"closed","template":"","meta":{"_monsterinsights_skip_tracking":false,"_monsterinsights_sitenote_active":false,"_monsterinsights_sitenote_note":"","_monsterinsights_sitenote_category":0},"product_brand":[1505],"product_cat":[1617,1286,1467],"product_tag":[80,1146,215],"class_list":{"0":"post-43818","1":"product","2":"type-product","3":"status-publish","4":"has-post-thumbnail","6":"product_brand-camelbak","7":"product_cat-bolsa-hidratacao","8":"product_cat-camelbak-marcas","9":"product_cat-mochilas-bolsas","10":"product_tag-bolsa","11":"product_tag-hidratacao","12":"product_tag-mochila","14":"first","15":"instock","16":"shipping-taxable","17":"purchasable","18":"product-type-variable"},"aioseo_notices":[],"jetpack_sharing_enabled":true,"_links":{"self":[{"href":"https:\/\/milicia-pro.com\/index.php\/wp-json\/wp\/v2\/product\/43818","targetHints":{"allow":["GET"]}}],"collection":[{"href":"https:\/\/milicia-pro.com\/index.php\/wp-json\/wp\/v2\/product"}],"about":[{"href":"https:\/\/milicia-pro.com\/index.php\/wp-json\/wp\/v2\/types\/product"}],"replies":[{"embeddable":true,"href":"https:\/\/milicia-pro.com\/index.php\/wp-json\/wp\/v2\/comments?post=43818"}],"wp:featuredmedia":[{"embeddable":true,"href":"https:\/\/milicia-pro.com\/index.php\/wp-json\/wp\/v2\/media\/43821"}],"wp:attachment":[{"href":"https:\/\/milicia-pro.com\/index.php\/wp-json\/wp\/v2\/media?parent=43818"}],"wp:term":[{"taxonomy":"product_brand","embeddable":true,"href":"https:\/\/milicia-pro.com\/index.php\/wp-json\/wp\/v2\/product_brand?post=43818"},{"taxonomy":"product_cat","embeddable":true,"href":"https:\/\/milicia-pro.com\/index.php\/wp-json\/wp\/v2\/product_cat?post=43818"},{"taxonomy":"product_tag","embeddable":true,"href":"https:\/\/milicia-pro.com\/index.php\/wp-json\/wp\/v2\/product_tag?post=43818"}],"curies":[{"name":"wp","href":"https:\/\/api.w.org\/{rel}","templated":true}]}}