{"id":43810,"date":"2026-02-03T16:10:24","date_gmt":"2026-02-03T16:10:24","guid":{"rendered":"https:\/\/milicia-pro.com\/?post_type=product&#038;p=43810"},"modified":"2026-02-09T15:50:33","modified_gmt":"2026-02-09T15:50:33","slug":"acessorio-camelbak-filter-adapter","status":"publish","type":"product","link":"https:\/\/milicia-pro.com\/index.php\/product\/acessorio-camelbak-filter-adapter\/","title":{"rendered":"ACESS\u00d3RIO CAMELBAK FILTER ADAPTER"},"content":{"rendered":"<p>Adaptador de filtro Hydrolink para quando \u00e9 necess\u00e1rio substituir na sua bolsa hidratante da Camlebak.<\/p>\n","protected":false},"excerpt":{"rendered":"<p>Adaptador de filtro Hydrolink para quando \u00e9 necess\u00e1rio substituir na sua bolsa hidratante da Camlebak.<\/p>\n","protected":false},"featured_media":43812,"comment_status":"open","ping_status":"closed","template":"","meta":{"_monsterinsights_skip_tracking":false,"_monsterinsights_sitenote_active":false,"_monsterinsights_sitenote_note":"","_monsterinsights_sitenote_category":0},"product_brand":[1505],"product_cat":[1631,1286,1467],"product_tag":[803,1627,1146],"class_list":{"0":"post-43810","1":"product","2":"type-product","3":"status-publish","4":"has-post-thumbnail","6":"product_brand-camelbak","7":"product_cat-acessorios-mochilas-bolsas","8":"product_cat-camelbak-marcas","9":"product_cat-mochilas-bolsas","10":"product_tag-adaptador","11":"product_tag-filtro","12":"product_tag-hidratacao","14":"first","15":"instock","16":"shipping-taxable","17":"purchasable","18":"product-type-variable"},"aioseo_notices":[],"jetpack_sharing_enabled":true,"_links":{"self":[{"href":"https:\/\/milicia-pro.com\/index.php\/wp-json\/wp\/v2\/product\/43810","targetHints":{"allow":["GET"]}}],"collection":[{"href":"https:\/\/milicia-pro.com\/index.php\/wp-json\/wp\/v2\/product"}],"about":[{"href":"https:\/\/milicia-pro.com\/index.php\/wp-json\/wp\/v2\/types\/product"}],"replies":[{"embeddable":true,"href":"https:\/\/milicia-pro.com\/index.php\/wp-json\/wp\/v2\/comments?post=43810"}],"wp:featuredmedia":[{"embeddable":true,"href":"https:\/\/milicia-pro.com\/index.php\/wp-json\/wp\/v2\/media\/43812"}],"wp:attachment":[{"href":"https:\/\/milicia-pro.com\/index.php\/wp-json\/wp\/v2\/media?parent=43810"}],"wp:term":[{"taxonomy":"product_brand","embeddable":true,"href":"https:\/\/milicia-pro.com\/index.php\/wp-json\/wp\/v2\/product_brand?post=43810"},{"taxonomy":"product_cat","embeddable":true,"href":"https:\/\/milicia-pro.com\/index.php\/wp-json\/wp\/v2\/product_cat?post=43810"},{"taxonomy":"product_tag","embeddable":true,"href":"https:\/\/milicia-pro.com\/index.php\/wp-json\/wp\/v2\/product_tag?post=43810"}],"curies":[{"name":"wp","href":"https:\/\/api.w.org\/{rel}","templated":true}]}}