{"id":43807,"date":"2026-02-03T16:02:50","date_gmt":"2026-02-03T16:02:50","guid":{"rendered":"https:\/\/milicia-pro.com\/?post_type=product&#038;p=43807"},"modified":"2026-02-09T15:50:53","modified_gmt":"2026-02-09T15:50:53","slug":"acessorio-camelbak-bite-valve-cover","status":"publish","type":"product","link":"https:\/\/milicia-pro.com\/index.php\/product\/acessorio-camelbak-bite-valve-cover\/","title":{"rendered":"ACESS\u00d3RIO CAMELBAK BITE VALVE COVER"},"content":{"rendered":"<p>Acess\u00f3rio, v\u00e1lvula de boca e tampa, para substitui\u00e7\u00e3o no seu conjunto de bolsa de hidrata\u00e7\u00e3o.<\/p>\n","protected":false},"excerpt":{"rendered":"<p>Acess\u00f3rio, v\u00e1lvula de boca e tampa, para substitui\u00e7\u00e3o no seu conjunto de bolsa de hidrata\u00e7\u00e3o.<\/p>\n","protected":false},"featured_media":43809,"comment_status":"open","ping_status":"closed","template":"","meta":{"_monsterinsights_skip_tracking":false,"_monsterinsights_sitenote_active":false,"_monsterinsights_sitenote_note":"","_monsterinsights_sitenote_category":0},"product_brand":[1505],"product_cat":[1631,1286,1467],"product_tag":[55,1146,1625,1626],"class_list":{"0":"post-43807","1":"product","2":"type-product","3":"status-publish","4":"has-post-thumbnail","6":"product_brand-camelbak","7":"product_cat-acessorios-mochilas-bolsas","8":"product_cat-camelbak-marcas","9":"product_cat-mochilas-bolsas","10":"product_tag-acessorio","11":"product_tag-hidratacao","12":"product_tag-tampa","13":"product_tag-valvula","15":"first","16":"instock","17":"shipping-taxable","18":"purchasable","19":"product-type-variable"},"aioseo_notices":[],"jetpack_sharing_enabled":true,"_links":{"self":[{"href":"https:\/\/milicia-pro.com\/index.php\/wp-json\/wp\/v2\/product\/43807","targetHints":{"allow":["GET"]}}],"collection":[{"href":"https:\/\/milicia-pro.com\/index.php\/wp-json\/wp\/v2\/product"}],"about":[{"href":"https:\/\/milicia-pro.com\/index.php\/wp-json\/wp\/v2\/types\/product"}],"replies":[{"embeddable":true,"href":"https:\/\/milicia-pro.com\/index.php\/wp-json\/wp\/v2\/comments?post=43807"}],"wp:featuredmedia":[{"embeddable":true,"href":"https:\/\/milicia-pro.com\/index.php\/wp-json\/wp\/v2\/media\/43809"}],"wp:attachment":[{"href":"https:\/\/milicia-pro.com\/index.php\/wp-json\/wp\/v2\/media?parent=43807"}],"wp:term":[{"taxonomy":"product_brand","embeddable":true,"href":"https:\/\/milicia-pro.com\/index.php\/wp-json\/wp\/v2\/product_brand?post=43807"},{"taxonomy":"product_cat","embeddable":true,"href":"https:\/\/milicia-pro.com\/index.php\/wp-json\/wp\/v2\/product_cat?post=43807"},{"taxonomy":"product_tag","embeddable":true,"href":"https:\/\/milicia-pro.com\/index.php\/wp-json\/wp\/v2\/product_tag?post=43807"}],"curies":[{"name":"wp","href":"https:\/\/api.w.org\/{rel}","templated":true}]}}