{"id":43773,"date":"2026-01-26T14:22:37","date_gmt":"2026-01-26T14:22:37","guid":{"rendered":"https:\/\/milicia-pro.com\/?post_type=product&#038;p=43773"},"modified":"2026-01-26T14:22:37","modified_gmt":"2026-01-26T14:22:37","slug":"alicate-multifuncoes-12-em-1","status":"publish","type":"product","link":"https:\/\/milicia-pro.com\/index.php\/product\/alicate-multifuncoes-12-em-1\/","title":{"rendered":"ALICATE MULTIFUN\u00c7\u00d5ES 12 EM 1"},"content":{"rendered":"<p>Este alicate multifun\u00e7\u00f5es 12 em 1 com logotipo da Mil\u00edcia de cor met\u00e1lica \u00e9 acompanhado com bolsa preta em nylon, com abertura na parte superior em velcro. Nas traseiras da bolsa tem uma presilha para que possa acoplado ao cinto das suas cal\u00e7as. Num dos punhos do cabo do alicate possui um clipe para poder suspender no seu vestu\u00e1rio, mochila ou em outro equipamento.<\/p>\n<ul>\n<li>Aberto mede cerca de 16cm<\/li>\n<li>Fechado: 105x41x21mm<\/li>\n<li>Peso de 253gr<\/li>\n<li>Peso com Bolsa: 0,261gr<\/li>\n<li>Composi\u00e7\u00e3o SS420<\/li>\n<\/ul>\n<p>As ferramentas que possui s\u00e3o:<\/p>\n<ul>\n<li>Alicate universal de pontas finas<\/li>\n<li>Corta-arame<\/li>\n<li>Chaveiro<\/li>\n<li>Perfurador de couro<\/li>\n<li>Pun\u00e7\u00e3o e escareador<\/li>\n<li>Chave phillips<\/li>\n<li>Serra e desembuchador<\/li>\n<li>Abre c\u00e1psulas e chave de fenda grossa<\/li>\n<li>Navalha<\/li>\n<li>Lima<\/li>\n<li>Abre latas<\/li>\n<li>Descarnador<\/li>\n<\/ul>\n<p>&nbsp;<\/p>\n<p>*Ferramentas com trav\u00e3o de seguran\u00e7a<\/p>\n<p>&nbsp;<\/p>\n","protected":false},"excerpt":{"rendered":"<p>Este alicate multifun\u00e7\u00f5es 12 em 1 com logotipo da Mil\u00edcia de cor met\u00e1lica \u00e9 acompanhado com bolsa preta em nylon, com abertura na parte superior em velcro. Nas traseiras da bolsa tem uma presilha para que possa acoplado ao cinto das suas cal\u00e7as. Num dos punhos do cabo do alicate possui um clipe para poder [&#8230;]\n","protected":false},"featured_media":43779,"comment_status":"open","ping_status":"closed","template":"","meta":{"_monsterinsights_skip_tracking":false,"_monsterinsights_sitenote_active":false,"_monsterinsights_sitenote_note":"","_monsterinsights_sitenote_category":0},"product_brand":[1499],"product_cat":[1101,1065,982],"product_tag":[60,224],"class_list":{"0":"post-43773","1":"product","2":"type-product","3":"status-publish","4":"has-post-thumbnail","6":"product_brand-milicia","7":"product_cat-alicate-multifuncoes","8":"product_cat-cutelariaferramentas","9":"product_cat-milicia","10":"product_tag-alicate","11":"product_tag-multifuncoes","13":"first","14":"instock","15":"shipping-taxable","16":"purchasable","17":"product-type-variable"},"aioseo_notices":[],"jetpack_sharing_enabled":true,"_links":{"self":[{"href":"https:\/\/milicia-pro.com\/index.php\/wp-json\/wp\/v2\/product\/43773","targetHints":{"allow":["GET"]}}],"collection":[{"href":"https:\/\/milicia-pro.com\/index.php\/wp-json\/wp\/v2\/product"}],"about":[{"href":"https:\/\/milicia-pro.com\/index.php\/wp-json\/wp\/v2\/types\/product"}],"replies":[{"embeddable":true,"href":"https:\/\/milicia-pro.com\/index.php\/wp-json\/wp\/v2\/comments?post=43773"}],"wp:featuredmedia":[{"embeddable":true,"href":"https:\/\/milicia-pro.com\/index.php\/wp-json\/wp\/v2\/media\/43779"}],"wp:attachment":[{"href":"https:\/\/milicia-pro.com\/index.php\/wp-json\/wp\/v2\/media?parent=43773"}],"wp:term":[{"taxonomy":"product_brand","embeddable":true,"href":"https:\/\/milicia-pro.com\/index.php\/wp-json\/wp\/v2\/product_brand?post=43773"},{"taxonomy":"product_cat","embeddable":true,"href":"https:\/\/milicia-pro.com\/index.php\/wp-json\/wp\/v2\/product_cat?post=43773"},{"taxonomy":"product_tag","embeddable":true,"href":"https:\/\/milicia-pro.com\/index.php\/wp-json\/wp\/v2\/product_tag?post=43773"}],"curies":[{"name":"wp","href":"https:\/\/api.w.org\/{rel}","templated":true}]}}