{"id":43755,"date":"2026-01-26T14:22:00","date_gmt":"2026-01-26T14:22:00","guid":{"rendered":"https:\/\/milicia-pro.com\/?post_type=product&#038;p=43755"},"modified":"2026-03-16T15:01:25","modified_gmt":"2026-03-16T15:01:25","slug":"navalha-de-resgate","status":"publish","type":"product","link":"https:\/\/milicia-pro.com\/index.php\/product\/navalha-de-resgate\/","title":{"rendered":"NAVALHA DE RESGATE"},"content":{"rendered":"<p>A nossa navalha de Resgate apresenta o logotipo da mil\u00edcia numa das laterais da l\u00e2mina preta. A l\u00e2mina \u00e9 em 3Cr13 de abertura bidextra. Tem trinco de seguran\u00e7a bidextro. No cabo da navalha tem quebra-vidros e corta cintos. Possui entalhes de serra para corte de cordas. Numa das laterais do punho tem um clip para que possa trazer a navalha presa no seu vestu\u00e1rio ou no seu equipamento.<\/p>\n<ul>\n<li>Comprimento de l\u00e2mina: 8,5 cm<\/li>\n<li>Comprimento total: 20 cm<\/li>\n<li>Fechada: 11,5cm<\/li>\n<li>Peso 118g<\/li>\n<\/ul>\n","protected":false},"excerpt":{"rendered":"<p>A nossa navalha de Resgate apresenta o logotipo da mil\u00edcia numa das laterais da l\u00e2mina preta. A l\u00e2mina \u00e9 em 3Cr13 de abertura bidextra. Tem trinco de seguran\u00e7a bidextro. No cabo da navalha tem quebra-vidros e corta cintos. Possui entalhes de serra para corte de cordas. Numa das laterais do punho tem um clip para [&#8230;]\n","protected":false},"featured_media":43760,"comment_status":"open","ping_status":"closed","template":"","meta":{"_monsterinsights_skip_tracking":false,"_monsterinsights_sitenote_active":false,"_monsterinsights_sitenote_note":"","_monsterinsights_sitenote_category":0},"product_brand":[1499],"product_cat":[1065,982,1098],"product_tag":[912,225],"class_list":{"0":"post-43755","1":"product","2":"type-product","3":"status-publish","4":"has-post-thumbnail","6":"product_brand-milicia","7":"product_cat-cutelariaferramentas","8":"product_cat-milicia","9":"product_cat-navalha","10":"product_tag-cutelaria","11":"product_tag-navalha","13":"first","14":"instock","15":"shipping-taxable","16":"purchasable","17":"product-type-variable"},"aioseo_notices":[],"jetpack_sharing_enabled":true,"_links":{"self":[{"href":"https:\/\/milicia-pro.com\/index.php\/wp-json\/wp\/v2\/product\/43755","targetHints":{"allow":["GET"]}}],"collection":[{"href":"https:\/\/milicia-pro.com\/index.php\/wp-json\/wp\/v2\/product"}],"about":[{"href":"https:\/\/milicia-pro.com\/index.php\/wp-json\/wp\/v2\/types\/product"}],"replies":[{"embeddable":true,"href":"https:\/\/milicia-pro.com\/index.php\/wp-json\/wp\/v2\/comments?post=43755"}],"wp:featuredmedia":[{"embeddable":true,"href":"https:\/\/milicia-pro.com\/index.php\/wp-json\/wp\/v2\/media\/43760"}],"wp:attachment":[{"href":"https:\/\/milicia-pro.com\/index.php\/wp-json\/wp\/v2\/media?parent=43755"}],"wp:term":[{"taxonomy":"product_brand","embeddable":true,"href":"https:\/\/milicia-pro.com\/index.php\/wp-json\/wp\/v2\/product_brand?post=43755"},{"taxonomy":"product_cat","embeddable":true,"href":"https:\/\/milicia-pro.com\/index.php\/wp-json\/wp\/v2\/product_cat?post=43755"},{"taxonomy":"product_tag","embeddable":true,"href":"https:\/\/milicia-pro.com\/index.php\/wp-json\/wp\/v2\/product_tag?post=43755"}],"curies":[{"name":"wp","href":"https:\/\/api.w.org\/{rel}","templated":true}]}}