{"id":43730,"date":"2026-01-22T18:14:06","date_gmt":"2026-01-22T18:14:06","guid":{"rendered":"https:\/\/milicia-pro.com\/?post_type=product&#038;p=43730"},"modified":"2026-02-09T15:51:28","modified_gmt":"2026-02-09T15:51:28","slug":"camelbak-field-cleaning-kit","status":"publish","type":"product","link":"https:\/\/milicia-pro.com\/index.php\/product\/camelbak-field-cleaning-kit\/","title":{"rendered":"CAMELBAK FIELD CLEANING KIT"},"content":{"rendered":"<p>Este kit \u00e9 composto por uma esponja para limpar o interior do reservat\u00f3rio, um tubo esfoliante para limpeza do tubo que d\u00e1 acesso ao reservat\u00f3rio, duas pastilhas de limpeza e uma carteira onde pode guardar e ter sempre \u00e0 m\u00e3o o seu kit de limpeza.<\/p>\n","protected":false},"excerpt":{"rendered":"<p>Este kit \u00e9 composto por uma esponja para limpar o interior do reservat\u00f3rio, um tubo esfoliante para limpeza do tubo que d\u00e1 acesso ao reservat\u00f3rio, duas pastilhas de limpeza e uma carteira onde pode guardar e ter sempre \u00e0 m\u00e3o o seu kit de limpeza.<\/p>\n","protected":false},"featured_media":43732,"comment_status":"open","ping_status":"closed","template":"","meta":{"_monsterinsights_skip_tracking":false,"_monsterinsights_sitenote_active":false,"_monsterinsights_sitenote_note":"","_monsterinsights_sitenote_category":0},"product_brand":[1505],"product_cat":[1631,1286,1467],"product_tag":[1146,185,742],"class_list":{"0":"post-43730","1":"product","2":"type-product","3":"status-publish","4":"has-post-thumbnail","6":"product_brand-camelbak","7":"product_cat-acessorios-mochilas-bolsas","8":"product_cat-camelbak-marcas","9":"product_cat-mochilas-bolsas","10":"product_tag-hidratacao","11":"product_tag-kit","12":"product_tag-limpeza","14":"first","15":"instock","16":"shipping-taxable","17":"purchasable","18":"product-type-variable"},"aioseo_notices":[],"jetpack_sharing_enabled":true,"_links":{"self":[{"href":"https:\/\/milicia-pro.com\/index.php\/wp-json\/wp\/v2\/product\/43730","targetHints":{"allow":["GET"]}}],"collection":[{"href":"https:\/\/milicia-pro.com\/index.php\/wp-json\/wp\/v2\/product"}],"about":[{"href":"https:\/\/milicia-pro.com\/index.php\/wp-json\/wp\/v2\/types\/product"}],"replies":[{"embeddable":true,"href":"https:\/\/milicia-pro.com\/index.php\/wp-json\/wp\/v2\/comments?post=43730"}],"wp:featuredmedia":[{"embeddable":true,"href":"https:\/\/milicia-pro.com\/index.php\/wp-json\/wp\/v2\/media\/43732"}],"wp:attachment":[{"href":"https:\/\/milicia-pro.com\/index.php\/wp-json\/wp\/v2\/media?parent=43730"}],"wp:term":[{"taxonomy":"product_brand","embeddable":true,"href":"https:\/\/milicia-pro.com\/index.php\/wp-json\/wp\/v2\/product_brand?post=43730"},{"taxonomy":"product_cat","embeddable":true,"href":"https:\/\/milicia-pro.com\/index.php\/wp-json\/wp\/v2\/product_cat?post=43730"},{"taxonomy":"product_tag","embeddable":true,"href":"https:\/\/milicia-pro.com\/index.php\/wp-json\/wp\/v2\/product_tag?post=43730"}],"curies":[{"name":"wp","href":"https:\/\/api.w.org\/{rel}","templated":true}]}}