{"id":43727,"date":"2026-01-22T18:06:11","date_gmt":"2026-01-22T18:06:11","guid":{"rendered":"https:\/\/milicia-pro.com\/?post_type=product&#038;p=43727"},"modified":"2026-02-09T10:25:05","modified_gmt":"2026-02-09T10:25:05","slug":"camelbak-ambush-100-0z","status":"publish","type":"product","link":"https:\/\/milicia-pro.com\/index.php\/product\/camelbak-ambush-100-0z\/","title":{"rendered":"CAMELBAK AMBUSH 100 0Z"},"content":{"rendered":"<p>Esta bolsa, mochila de hidrata\u00e7\u00e3o tem a capacidade para 3 litros, \u00e9 ideal para caminhadas, ca\u00e7a, fazer desporto e atividades ao ar livre.<\/p>\n","protected":false},"excerpt":{"rendered":"<p>Esta bolsa, mochila de hidrata\u00e7\u00e3o tem a capacidade para 3 litros, \u00e9 ideal para caminhadas, ca\u00e7a, fazer desporto e atividades ao ar livre.<\/p>\n","protected":false},"featured_media":43729,"comment_status":"open","ping_status":"closed","template":"","meta":{"_monsterinsights_skip_tracking":false,"_monsterinsights_sitenote_active":false,"_monsterinsights_sitenote_note":"","_monsterinsights_sitenote_category":0},"product_brand":[1505],"product_cat":[1617,1286,1467],"product_tag":[80,1146],"class_list":{"0":"post-43727","1":"product","2":"type-product","3":"status-publish","4":"has-post-thumbnail","6":"product_brand-camelbak","7":"product_cat-bolsa-hidratacao","8":"product_cat-camelbak-marcas","9":"product_cat-mochilas-bolsas","10":"product_tag-bolsa","11":"product_tag-hidratacao","13":"first","14":"instock","15":"shipping-taxable","16":"purchasable","17":"product-type-variable"},"aioseo_notices":[],"jetpack_sharing_enabled":true,"_links":{"self":[{"href":"https:\/\/milicia-pro.com\/index.php\/wp-json\/wp\/v2\/product\/43727","targetHints":{"allow":["GET"]}}],"collection":[{"href":"https:\/\/milicia-pro.com\/index.php\/wp-json\/wp\/v2\/product"}],"about":[{"href":"https:\/\/milicia-pro.com\/index.php\/wp-json\/wp\/v2\/types\/product"}],"replies":[{"embeddable":true,"href":"https:\/\/milicia-pro.com\/index.php\/wp-json\/wp\/v2\/comments?post=43727"}],"wp:featuredmedia":[{"embeddable":true,"href":"https:\/\/milicia-pro.com\/index.php\/wp-json\/wp\/v2\/media\/43729"}],"wp:attachment":[{"href":"https:\/\/milicia-pro.com\/index.php\/wp-json\/wp\/v2\/media?parent=43727"}],"wp:term":[{"taxonomy":"product_brand","embeddable":true,"href":"https:\/\/milicia-pro.com\/index.php\/wp-json\/wp\/v2\/product_brand?post=43727"},{"taxonomy":"product_cat","embeddable":true,"href":"https:\/\/milicia-pro.com\/index.php\/wp-json\/wp\/v2\/product_cat?post=43727"},{"taxonomy":"product_tag","embeddable":true,"href":"https:\/\/milicia-pro.com\/index.php\/wp-json\/wp\/v2\/product_tag?post=43727"}],"curies":[{"name":"wp","href":"https:\/\/api.w.org\/{rel}","templated":true}]}}