{"id":43724,"date":"2026-01-22T17:57:59","date_gmt":"2026-01-22T17:57:59","guid":{"rendered":"https:\/\/milicia-pro.com\/?post_type=product&#038;p=43724"},"modified":"2026-01-22T17:57:59","modified_gmt":"2026-01-22T17:57:59","slug":"camelbak-storm","status":"publish","type":"product","link":"https:\/\/milicia-pro.com\/index.php\/product\/camelbak-storm\/","title":{"rendered":"CAMELBAK STORM"},"content":{"rendered":"<p>O Camelbak Storm\u2122 \u00e9 um sistema de hidrata\u00e7\u00e3o padr\u00e3o militar para a nova mochila com sistema MOLLE. Recarreg\u00e1vel sem necessidade de remo\u00e7\u00e3o do seu suporte isolante, disp\u00f5e da nova tampa de rosca de boca larga da CamelBak. Um sistema de correias compacto ajusta-se aos ombros quando usado separadamente do sistema maior. A cobertura em nylon de superf\u00edcie lisa desliza facilmente para dentro de mochilas, coletes e outros sistemas de transporte. Dur\u00e1vel e simples, com capacidade de 100 oz \/ 3 Litros, \u00e9 indispens\u00e1vel em todas as opera\u00e7\u00f5es t\u00e1ticas.<\/p>\n<p>A v\u00e1lvula Big Bite\u2122 oferece o dobro do fluxo. Tampa de rosca para desempenho \u00e0 prova de fugas. Tampa de rosca com abertura exterior e cobertura \u00e0 prova de \u00e1gua para enchimento submerso. Sistema de arn\u00eas de baixo perfil. Tubagem cinza de baixa visibilidade.<\/p>\n<p>Capacidade do reservat\u00f3rio: 100 oz \/ 3 Litros<br \/>\nPeso vazio: 9 oz \/ 0,26 Kg.<\/p>\n","protected":false},"excerpt":{"rendered":"<p>O Camelbak Storm\u2122 \u00e9 um sistema de hidrata\u00e7\u00e3o padr\u00e3o militar para a nova mochila com sistema MOLLE. Recarreg\u00e1vel sem necessidade de remo\u00e7\u00e3o do seu suporte isolante, disp\u00f5e da nova tampa de rosca de boca larga da CamelBak. Um sistema de correias compacto ajusta-se aos ombros quando usado separadamente do sistema maior. A cobertura em nylon [&#8230;]\n","protected":false},"featured_media":43726,"comment_status":"open","ping_status":"closed","template":"","meta":{"_monsterinsights_skip_tracking":false,"_monsterinsights_sitenote_active":false,"_monsterinsights_sitenote_note":"","_monsterinsights_sitenote_category":0},"product_brand":[1505],"product_cat":[1617,1286,1467],"product_tag":[80,1146],"class_list":{"0":"post-43724","1":"product","2":"type-product","3":"status-publish","4":"has-post-thumbnail","6":"product_brand-camelbak","7":"product_cat-bolsa-hidratacao","8":"product_cat-camelbak-marcas","9":"product_cat-mochilas-bolsas","10":"product_tag-bolsa","11":"product_tag-hidratacao","13":"first","14":"onbackorder","15":"shipping-taxable","16":"purchasable","17":"product-type-variable"},"aioseo_notices":[],"jetpack_sharing_enabled":true,"_links":{"self":[{"href":"https:\/\/milicia-pro.com\/index.php\/wp-json\/wp\/v2\/product\/43724","targetHints":{"allow":["GET"]}}],"collection":[{"href":"https:\/\/milicia-pro.com\/index.php\/wp-json\/wp\/v2\/product"}],"about":[{"href":"https:\/\/milicia-pro.com\/index.php\/wp-json\/wp\/v2\/types\/product"}],"replies":[{"embeddable":true,"href":"https:\/\/milicia-pro.com\/index.php\/wp-json\/wp\/v2\/comments?post=43724"}],"wp:featuredmedia":[{"embeddable":true,"href":"https:\/\/milicia-pro.com\/index.php\/wp-json\/wp\/v2\/media\/43726"}],"wp:attachment":[{"href":"https:\/\/milicia-pro.com\/index.php\/wp-json\/wp\/v2\/media?parent=43724"}],"wp:term":[{"taxonomy":"product_brand","embeddable":true,"href":"https:\/\/milicia-pro.com\/index.php\/wp-json\/wp\/v2\/product_brand?post=43724"},{"taxonomy":"product_cat","embeddable":true,"href":"https:\/\/milicia-pro.com\/index.php\/wp-json\/wp\/v2\/product_cat?post=43724"},{"taxonomy":"product_tag","embeddable":true,"href":"https:\/\/milicia-pro.com\/index.php\/wp-json\/wp\/v2\/product_tag?post=43724"}],"curies":[{"name":"wp","href":"https:\/\/api.w.org\/{rel}","templated":true}]}}