{"id":43700,"date":"2026-01-16T18:25:47","date_gmt":"2026-01-16T18:25:47","guid":{"rendered":"https:\/\/milicia-pro.com\/?post_type=product&#038;p=43700"},"modified":"2026-01-16T18:25:47","modified_gmt":"2026-01-16T18:25:47","slug":"camelbak-sabre-70-oz","status":"publish","type":"product","link":"https:\/\/milicia-pro.com\/index.php\/product\/camelbak-sabre-70-oz\/","title":{"rendered":"CAMELBAK SABRE 70 OZ"},"content":{"rendered":"<p>O Camelbak Sabre Hydration Pack \u00e9 uma mochila de hidrata\u00e7\u00e3o resistente e econ\u00f3mica, com um sistema de liberta\u00e7\u00e3o r\u00e1pida. A Camelbak sabe que a hidrata\u00e7\u00e3o \u00e9 uma parte importante de um dia de trabalho seguro. Independentemente de onde trabalhe, a Camelbak Sabre Water Pack fornece \u00e1gua limpa e fresca durante o trabalho. As al\u00e7as de ombro de liberta\u00e7\u00e3o r\u00e1pida permitem que a mochila de hidrata\u00e7\u00e3o seja destacada para f\u00e1cil remo\u00e7\u00e3o. A mochila Camelbak Sabre possui isolamento com c\u00e9lulas fechadas que mant\u00e9m a \u00e1gua fria ou quente durante horas.<\/p>\n<p>Capacidade de Hidrata\u00e7\u00e3o: 2 Litros<\/p>\n<p>Peso vazio: 500gr<\/p>\n<p>Comprimento: cerca de 45cm<\/p>\n","protected":false},"excerpt":{"rendered":"<p>O Camelbak Sabre Hydration Pack \u00e9 uma mochila de hidrata\u00e7\u00e3o resistente e econ\u00f3mica, com um sistema de liberta\u00e7\u00e3o r\u00e1pida. A Camelbak sabe que a hidrata\u00e7\u00e3o \u00e9 uma parte importante de um dia de trabalho seguro. Independentemente de onde trabalhe, a Camelbak Sabre Water Pack fornece \u00e1gua limpa e fresca durante o trabalho. As al\u00e7as de [&#8230;]\n","protected":false},"featured_media":43702,"comment_status":"open","ping_status":"closed","template":"","meta":{"_monsterinsights_skip_tracking":false,"_monsterinsights_sitenote_active":false,"_monsterinsights_sitenote_note":"","_monsterinsights_sitenote_category":0},"product_brand":[1505],"product_cat":[1617,1286,829,1467],"product_tag":[80,1146],"class_list":{"0":"post-43700","1":"product","2":"type-product","3":"status-publish","4":"has-post-thumbnail","6":"product_brand-camelbak","7":"product_cat-bolsa-hidratacao","8":"product_cat-camelbak-marcas","9":"product_cat-marcas","10":"product_cat-mochilas-bolsas","11":"product_tag-bolsa","12":"product_tag-hidratacao","14":"first","15":"instock","16":"shipping-taxable","17":"purchasable","18":"product-type-variable"},"aioseo_notices":[],"jetpack_sharing_enabled":true,"_links":{"self":[{"href":"https:\/\/milicia-pro.com\/index.php\/wp-json\/wp\/v2\/product\/43700","targetHints":{"allow":["GET"]}}],"collection":[{"href":"https:\/\/milicia-pro.com\/index.php\/wp-json\/wp\/v2\/product"}],"about":[{"href":"https:\/\/milicia-pro.com\/index.php\/wp-json\/wp\/v2\/types\/product"}],"replies":[{"embeddable":true,"href":"https:\/\/milicia-pro.com\/index.php\/wp-json\/wp\/v2\/comments?post=43700"}],"wp:featuredmedia":[{"embeddable":true,"href":"https:\/\/milicia-pro.com\/index.php\/wp-json\/wp\/v2\/media\/43702"}],"wp:attachment":[{"href":"https:\/\/milicia-pro.com\/index.php\/wp-json\/wp\/v2\/media?parent=43700"}],"wp:term":[{"taxonomy":"product_brand","embeddable":true,"href":"https:\/\/milicia-pro.com\/index.php\/wp-json\/wp\/v2\/product_brand?post=43700"},{"taxonomy":"product_cat","embeddable":true,"href":"https:\/\/milicia-pro.com\/index.php\/wp-json\/wp\/v2\/product_cat?post=43700"},{"taxonomy":"product_tag","embeddable":true,"href":"https:\/\/milicia-pro.com\/index.php\/wp-json\/wp\/v2\/product_tag?post=43700"}],"curies":[{"name":"wp","href":"https:\/\/api.w.org\/{rel}","templated":true}]}}