{"id":43695,"date":"2026-01-16T17:23:46","date_gmt":"2026-01-16T17:23:46","guid":{"rendered":"https:\/\/milicia-pro.com\/?post_type=product&#038;p=43695"},"modified":"2026-01-16T17:25:50","modified_gmt":"2026-01-16T17:25:50","slug":"camelbak-sixbak-200-oz-6l-foliage-green","status":"publish","type":"product","link":"https:\/\/milicia-pro.com\/index.php\/product\/camelbak-sixbak-200-oz-6l-foliage-green\/","title":{"rendered":"CAMELBAK SIXBAK 200 OZ\/6L- FOLIAGE GREEN"},"content":{"rendered":"<p>A mochila de hidrata\u00e7\u00e3o Camelbak 6L SixBak Hydration Pack pode ser integrado facilmente a qualquer sistema de mochila ou colete e \u00e0 maioria dos equipamentos t\u00e1ticos. Esta mochila de hidrata\u00e7\u00e3o da CamelBak apresenta uma enorme porta de acesso OMEGA externo, permitindo um enchimento, limpeza e adi\u00e7\u00e3o de gelo r\u00e1pidos e f\u00e1ceis. A mochila de \u00e1gua Camelbak SixBak utiliza o Sistema de Fixa\u00e7\u00e3o Modular HydroLink, com uma v\u00e1lvula de corte na sa\u00edda do reservat\u00f3rio. A mochila de hidrata\u00e7\u00e3o Camelbak tem um exterior leve e dur\u00e1vel em Cordura 1000D.<\/p>\n","protected":false},"excerpt":{"rendered":"<p>A mochila de hidrata\u00e7\u00e3o Camelbak 6L SixBak Hydration Pack pode ser integrado facilmente a qualquer sistema de mochila ou colete e \u00e0 maioria dos equipamentos t\u00e1ticos. Esta mochila de hidrata\u00e7\u00e3o da CamelBak apresenta uma enorme porta de acesso OMEGA externo, permitindo um enchimento, limpeza e adi\u00e7\u00e3o de gelo r\u00e1pidos e f\u00e1ceis. A mochila de \u00e1gua [&#8230;]\n","protected":false},"featured_media":43698,"comment_status":"open","ping_status":"closed","template":"","meta":{"_monsterinsights_skip_tracking":false,"_monsterinsights_sitenote_active":false,"_monsterinsights_sitenote_note":"","_monsterinsights_sitenote_category":0},"product_brand":[1505],"product_cat":[1617,1286,829,1467],"product_tag":[80,1146],"class_list":{"0":"post-43695","1":"product","2":"type-product","3":"status-publish","4":"has-post-thumbnail","6":"product_brand-camelbak","7":"product_cat-bolsa-hidratacao","8":"product_cat-camelbak-marcas","9":"product_cat-marcas","10":"product_cat-mochilas-bolsas","11":"product_tag-bolsa","12":"product_tag-hidratacao","14":"first","15":"onbackorder","16":"shipping-taxable","17":"purchasable","18":"product-type-variable"},"aioseo_notices":[],"jetpack_sharing_enabled":true,"_links":{"self":[{"href":"https:\/\/milicia-pro.com\/index.php\/wp-json\/wp\/v2\/product\/43695","targetHints":{"allow":["GET"]}}],"collection":[{"href":"https:\/\/milicia-pro.com\/index.php\/wp-json\/wp\/v2\/product"}],"about":[{"href":"https:\/\/milicia-pro.com\/index.php\/wp-json\/wp\/v2\/types\/product"}],"replies":[{"embeddable":true,"href":"https:\/\/milicia-pro.com\/index.php\/wp-json\/wp\/v2\/comments?post=43695"}],"wp:featuredmedia":[{"embeddable":true,"href":"https:\/\/milicia-pro.com\/index.php\/wp-json\/wp\/v2\/media\/43698"}],"wp:attachment":[{"href":"https:\/\/milicia-pro.com\/index.php\/wp-json\/wp\/v2\/media?parent=43695"}],"wp:term":[{"taxonomy":"product_brand","embeddable":true,"href":"https:\/\/milicia-pro.com\/index.php\/wp-json\/wp\/v2\/product_brand?post=43695"},{"taxonomy":"product_cat","embeddable":true,"href":"https:\/\/milicia-pro.com\/index.php\/wp-json\/wp\/v2\/product_cat?post=43695"},{"taxonomy":"product_tag","embeddable":true,"href":"https:\/\/milicia-pro.com\/index.php\/wp-json\/wp\/v2\/product_tag?post=43695"}],"curies":[{"name":"wp","href":"https:\/\/api.w.org\/{rel}","templated":true}]}}