{"id":43693,"date":"2026-01-16T16:40:33","date_gmt":"2026-01-16T16:40:33","guid":{"rendered":"https:\/\/milicia-pro.com\/?post_type=product&#038;p=43693"},"modified":"2026-01-16T17:14:34","modified_gmt":"2026-01-16T17:14:34","slug":"camelbak-hotshot-72-oz-od-foliage-green","status":"publish","type":"product","link":"https:\/\/milicia-pro.com\/index.php\/product\/camelbak-hotshot-72-oz-od-foliage-green\/","title":{"rendered":"CAMELBAK HOTSHOT 72 OZ &#8211; OD\/FOLIAGE GREEN"},"content":{"rendered":"<p>O sistema de hidrata\u00e7\u00e3o da CamelBak, o HotShot\u2122, fornece 2,1 litros de \u00e1gua fresca e limpa sempre que precisar. Tem um sistema de integra\u00e7\u00e3o flex\u00edvel \u2013 pode coloc\u00e1-lo na sua mochila, usar os an\u00e9is em D para prend\u00ea-lo no exterior, ou usar os pontos de fixa\u00e7\u00e3o de Velcro\u00ae para o segurar ao seu equipamento de correias.<\/p>\n<p>Caracter\u00edsticas<br \/>\n\u2022 Inclui o Sistema de Conex\u00e3o Modular HydroLink\u2122 com fecho positivo HydroLock\u2122.<br \/>\n\u2022 Porta de enchimento exterior OMEGA\u2122 para enchimento em movimento.<br \/>\n\u2022 Isolamento de c\u00e9lula fechada e tubo de neopreno.<br \/>\n\u2022 Tampa da V\u00e1lvula de Mordida mant\u00e9m a V\u00e1lvula Big Bite\u2122 limpa.<br \/>\n\u2022 Exterior resistente \u00e0 abras\u00e3o 1000D Cordura\u00ae.<br \/>\n\u2022 Reservat\u00f3rio AeroForm\u2122 OMEGA\u2122 de perfil baixo e com defletores de 72 oz<\/p>\n<p>Especifica\u00e7\u00f5es<br \/>\nCapacidade: 2,1 litros<br \/>\nDimens\u00f5es: 355 mm x 203 mm x 50 mm<br \/>\nPeso: \u2022Total embalagem vazia: 1Kg \u2022Reservat\u00f3rio vazio \u2013 0,19 kg \u2022 Reservat\u00f3rio cheio \u2013 2,23 kg<\/p>\n","protected":false},"excerpt":{"rendered":"<p>O sistema de hidrata\u00e7\u00e3o da CamelBak, o HotShot\u2122, fornece 2,1 litros de \u00e1gua fresca e limpa sempre que precisar. Tem um sistema de integra\u00e7\u00e3o flex\u00edvel \u2013 pode coloc\u00e1-lo na sua mochila, usar os an\u00e9is em D para prend\u00ea-lo no exterior, ou usar os pontos de fixa\u00e7\u00e3o de Velcro\u00ae para o segurar ao seu equipamento de [&#8230;]\n","protected":false},"featured_media":43692,"comment_status":"open","ping_status":"closed","template":"","meta":{"_monsterinsights_skip_tracking":false,"_monsterinsights_sitenote_active":false,"_monsterinsights_sitenote_note":"","_monsterinsights_sitenote_category":0},"product_brand":[1505],"product_cat":[1617,1286,829,1467],"product_tag":[80,1146],"class_list":{"0":"post-43693","1":"product","2":"type-product","3":"status-publish","4":"has-post-thumbnail","6":"product_brand-camelbak","7":"product_cat-bolsa-hidratacao","8":"product_cat-camelbak-marcas","9":"product_cat-marcas","10":"product_cat-mochilas-bolsas","11":"product_tag-bolsa","12":"product_tag-hidratacao","14":"first","15":"instock","16":"shipping-taxable","17":"purchasable","18":"product-type-variable"},"aioseo_notices":[],"jetpack_sharing_enabled":true,"_links":{"self":[{"href":"https:\/\/milicia-pro.com\/index.php\/wp-json\/wp\/v2\/product\/43693","targetHints":{"allow":["GET"]}}],"collection":[{"href":"https:\/\/milicia-pro.com\/index.php\/wp-json\/wp\/v2\/product"}],"about":[{"href":"https:\/\/milicia-pro.com\/index.php\/wp-json\/wp\/v2\/types\/product"}],"replies":[{"embeddable":true,"href":"https:\/\/milicia-pro.com\/index.php\/wp-json\/wp\/v2\/comments?post=43693"}],"wp:featuredmedia":[{"embeddable":true,"href":"https:\/\/milicia-pro.com\/index.php\/wp-json\/wp\/v2\/media\/43692"}],"wp:attachment":[{"href":"https:\/\/milicia-pro.com\/index.php\/wp-json\/wp\/v2\/media?parent=43693"}],"wp:term":[{"taxonomy":"product_brand","embeddable":true,"href":"https:\/\/milicia-pro.com\/index.php\/wp-json\/wp\/v2\/product_brand?post=43693"},{"taxonomy":"product_cat","embeddable":true,"href":"https:\/\/milicia-pro.com\/index.php\/wp-json\/wp\/v2\/product_cat?post=43693"},{"taxonomy":"product_tag","embeddable":true,"href":"https:\/\/milicia-pro.com\/index.php\/wp-json\/wp\/v2\/product_tag?post=43693"}],"curies":[{"name":"wp","href":"https:\/\/api.w.org\/{rel}","templated":true}]}}