{"id":43685,"date":"2026-01-16T10:37:36","date_gmt":"2026-01-16T10:37:36","guid":{"rendered":"https:\/\/milicia-pro.com\/?post_type=product&#038;p=43685"},"modified":"2026-01-16T15:59:43","modified_gmt":"2026-01-16T15:59:43","slug":"camelbak-hi-viz-2-lt","status":"publish","type":"product","link":"https:\/\/milicia-pro.com\/index.php\/product\/camelbak-hi-viz-2-lt\/","title":{"rendered":"CAMELBAK HI-VIZ 2 LT"},"content":{"rendered":"<p>Sistema ideal para profissionais, bombeiros ou desportistas, ciclistas. O arn\u00eas destac\u00e1vel ajuda a prevenir acidentes. O novo tampo integrado mant\u00e9m a abertura OMEGA limpa e protegida. Inclui Sistema de Conex\u00e3o Modular HydroLink\u2122 com fechamento positivo HydroLock\u2122.\u00a0As faixas refletoras na mochila e no arn\u00eas destacam-se de dia ou de noite. Tem isolamento em c\u00e9lula fechada, mant\u00e9m a \u00e1gua fresca durante horas. A tampa da v\u00e1lvula de suc\u00e7\u00e3o mant\u00e9m a v\u00e1lvula limpa da sujidade e detritos. Abastecimento externo \u00e9 atrav\u00e9s do Reservat\u00f3rio OMEGA o que torna o enchimento e a limpeza r\u00e1pidos e f\u00e1ceis. O reservat\u00f3rio \u00e9 de 2 litros.<\/p>\n","protected":false},"excerpt":{"rendered":"<p>Sistema ideal para profissionais, bombeiros ou desportistas, ciclistas. O arn\u00eas destac\u00e1vel ajuda a prevenir acidentes. O novo tampo integrado mant\u00e9m a abertura OMEGA limpa e protegida. Inclui Sistema de Conex\u00e3o Modular HydroLink\u2122 com fechamento positivo HydroLock\u2122.\u00a0As faixas refletoras na mochila e no arn\u00eas destacam-se de dia ou de noite. Tem isolamento em c\u00e9lula fechada, mant\u00e9m [&#8230;]\n","protected":false},"featured_media":43683,"comment_status":"open","ping_status":"closed","template":"","meta":{"_monsterinsights_skip_tracking":false,"_monsterinsights_sitenote_active":false,"_monsterinsights_sitenote_note":"","_monsterinsights_sitenote_category":0},"product_brand":[1505],"product_cat":[1617,1286,829,1467],"product_tag":[80,1146],"class_list":{"0":"post-43685","1":"product","2":"type-product","3":"status-publish","4":"has-post-thumbnail","6":"product_brand-camelbak","7":"product_cat-bolsa-hidratacao","8":"product_cat-camelbak-marcas","9":"product_cat-marcas","10":"product_cat-mochilas-bolsas","11":"product_tag-bolsa","12":"product_tag-hidratacao","14":"first","15":"instock","16":"shipping-taxable","17":"purchasable","18":"product-type-variable"},"aioseo_notices":[],"jetpack_sharing_enabled":true,"_links":{"self":[{"href":"https:\/\/milicia-pro.com\/index.php\/wp-json\/wp\/v2\/product\/43685","targetHints":{"allow":["GET"]}}],"collection":[{"href":"https:\/\/milicia-pro.com\/index.php\/wp-json\/wp\/v2\/product"}],"about":[{"href":"https:\/\/milicia-pro.com\/index.php\/wp-json\/wp\/v2\/types\/product"}],"replies":[{"embeddable":true,"href":"https:\/\/milicia-pro.com\/index.php\/wp-json\/wp\/v2\/comments?post=43685"}],"wp:featuredmedia":[{"embeddable":true,"href":"https:\/\/milicia-pro.com\/index.php\/wp-json\/wp\/v2\/media\/43683"}],"wp:attachment":[{"href":"https:\/\/milicia-pro.com\/index.php\/wp-json\/wp\/v2\/media?parent=43685"}],"wp:term":[{"taxonomy":"product_brand","embeddable":true,"href":"https:\/\/milicia-pro.com\/index.php\/wp-json\/wp\/v2\/product_brand?post=43685"},{"taxonomy":"product_cat","embeddable":true,"href":"https:\/\/milicia-pro.com\/index.php\/wp-json\/wp\/v2\/product_cat?post=43685"},{"taxonomy":"product_tag","embeddable":true,"href":"https:\/\/milicia-pro.com\/index.php\/wp-json\/wp\/v2\/product_tag?post=43685"}],"curies":[{"name":"wp","href":"https:\/\/api.w.org\/{rel}","templated":true}]}}