{"id":43660,"date":"2026-01-13T18:45:40","date_gmt":"2026-01-13T18:45:40","guid":{"rendered":"https:\/\/milicia-pro.com\/?post_type=product&#038;p=43660"},"modified":"2026-01-13T18:46:37","modified_gmt":"2026-01-13T18:46:37","slug":"sightmark-wolfhound-3x24-hs-223-prismatica","status":"publish","type":"product","link":"https:\/\/milicia-pro.com\/index.php\/product\/sightmark-wolfhound-3x24-hs-223-prismatica\/","title":{"rendered":"SIGHTMARK WOLFHOUND 3X24 HS-223 PRISM\u00c1TICA"},"content":{"rendered":"<p><img loading=\"lazy\" decoding=\"async\" class=\"alignnone size-medium wp-image-43674\" src=\"https:\/\/milicia-pro.com\/wp-content\/uploads\/2026\/01\/ECO.SM13025.LQD-13-300x181.jpg\" alt=\"\" width=\"300\" height=\"181\" srcset=\"https:\/\/milicia-pro.com\/wp-content\/uploads\/2026\/01\/ECO.SM13025.LQD-13-300x181.jpg 300w, https:\/\/milicia-pro.com\/wp-content\/uploads\/2026\/01\/ECO.SM13025.LQD-13-768x462.jpg 768w, https:\/\/milicia-pro.com\/wp-content\/uploads\/2026\/01\/ECO.SM13025.LQD-13-510x307.jpg 510w, https:\/\/milicia-pro.com\/wp-content\/uploads\/2026\/01\/ECO.SM13025.LQD-13.jpg 1000w\" sizes=\"auto, (max-width: 300px) 100vw, 300px\" \/><\/p>\n<p>O novo visor Wolfhound 3&#215;24 \u00e9 um dispositivo de mira prism\u00e1tico de inspira\u00e7\u00e3o militar, com dist\u00e2ncia ocular acima da m\u00e9dia e uma ret\u00edcula bal\u00edstica Horseshoe para o cartucho .223 Rem\/5,56 NATO para proj\u00e9teis de 55gr e 62gr, que podem ser iluminados em vermelho e verde em 5 n\u00edveis para tiros precisos em condi\u00e7\u00f5es de pouca luz, com alcance de at\u00e9 900 jardas.<\/p>\n<p>Al\u00e9m disso, possui \u00f3ptica totalmente multicamadas para garantir transmiss\u00e3o de luz ideal em diferentes condi\u00e7\u00f5es. O Wolfhound 3&#215;24 \u00e9 \u00e0 prova de choques, \u00e0 prova d&#8217;\u00e1gua, possui preenchimento a g\u00e1s nitrog\u00eanio e uma carca\u00e7a externa revestida de borracha para m\u00e1xima resist\u00eancia a impactos, sendo dur\u00e1vel para garantir anos de uso mesmo nas condi\u00e7\u00f5es mais extremas.<\/p>\n<p>&nbsp;<\/p>\n<p><strong>Conte\u00fado\/Detalhes:<\/strong><\/p>\n<ul>\n<li>Mira Prism\u00e1tica SIGHTMARK\u00ae Wolfhound<\/li>\n<li>Inclui montagem r\u00e1pida LQD\/<\/li>\n<li>Ret\u00edculo bal\u00edstico em formato de ferradura para o cartucho .223\/5,56<\/li>\n<li>Ponto de luz ultrafino de 0,5 MOA<\/li>\n<li>Alcance de ajuste vertical: 160 MOA<\/li>\n<li>Ajuste de clique fino e preciso de 1\/2 MOA<\/li>\n<li>Lentes altamente tratadas, m\u00faltipla camada AR-verde<\/li>\n<li>Ret\u00edculo gravado: ret\u00edculo gravado diretamente no vidro para mira precisa<\/li>\n<li>Ret\u00edculo iluminado: Verde\/Vermelho para tiros precisos com baixa luminosidade<\/li>\n<li>5 n\u00edveis de brilho<\/li>\n<li>Baixo consumo de energia \/ (alto) 200 &#8211; (baixo) 4000 horas<\/li>\n<li>Preenchido com nitrog\u00eanio contra emba\u00e7amento<\/li>\n<li>\u00c0 prova d&#8217;\u00e1gua IP68<\/li>\n<li>Resistente a neblina<\/li>\n<li>Resistente a impacto at\u00e9 800G \/ .308 WIN<\/li>\n<li>Peso: apenas 487 gramas<\/li>\n<li>Inclui Killflash<\/li>\n<li>Inclui bateria CR2032<\/li>\n<li>Inclui tampa protetora<\/li>\n<li>Para m\u00f3dulos de amplia\u00e7\u00e3o e outros acess\u00f3rios compat\u00edveis, veja abaixo neste artigo, Acess\u00f3rios<\/li>\n<\/ul>\n","protected":false},"excerpt":{"rendered":"<p>O novo visor Wolfhound 3&#215;24 \u00e9 um dispositivo de mira prism\u00e1tico de inspira\u00e7\u00e3o militar, com dist\u00e2ncia ocular acima da m\u00e9dia e uma ret\u00edcula bal\u00edstica Horseshoe para o cartucho .223 Rem\/5,56 NATO para proj\u00e9teis de 55gr e 62gr, que podem ser iluminados em vermelho e verde em 5 n\u00edveis para tiros precisos em condi\u00e7\u00f5es de pouca [&#8230;]\n","protected":false},"featured_media":43662,"comment_status":"open","ping_status":"closed","template":"","meta":{"_monsterinsights_skip_tracking":false,"_monsterinsights_sitenote_active":false,"_monsterinsights_sitenote_note":"","_monsterinsights_sitenote_category":0},"product_brand":[1603],"product_cat":[1115,1064,829,1093,1070,980],"product_tag":[779,786],"class_list":{"0":"post-43660","1":"product","2":"type-product","3":"status-publish","4":"has-post-thumbnail","6":"product_brand-sightmark","7":"product_cat-acessorios-armas","8":"product_cat-equipamentotatico","9":"product_cat-marcas","10":"product_cat-miras","11":"product_cat-optica","12":"product_cat-eco-globe","13":"product_tag-luneta","14":"product_tag-mira","16":"first","17":"instock","18":"shipping-taxable","19":"purchasable","20":"product-type-variable"},"aioseo_notices":[],"jetpack_sharing_enabled":true,"_links":{"self":[{"href":"https:\/\/milicia-pro.com\/index.php\/wp-json\/wp\/v2\/product\/43660","targetHints":{"allow":["GET"]}}],"collection":[{"href":"https:\/\/milicia-pro.com\/index.php\/wp-json\/wp\/v2\/product"}],"about":[{"href":"https:\/\/milicia-pro.com\/index.php\/wp-json\/wp\/v2\/types\/product"}],"replies":[{"embeddable":true,"href":"https:\/\/milicia-pro.com\/index.php\/wp-json\/wp\/v2\/comments?post=43660"}],"wp:featuredmedia":[{"embeddable":true,"href":"https:\/\/milicia-pro.com\/index.php\/wp-json\/wp\/v2\/media\/43662"}],"wp:attachment":[{"href":"https:\/\/milicia-pro.com\/index.php\/wp-json\/wp\/v2\/media?parent=43660"}],"wp:term":[{"taxonomy":"product_brand","embeddable":true,"href":"https:\/\/milicia-pro.com\/index.php\/wp-json\/wp\/v2\/product_brand?post=43660"},{"taxonomy":"product_cat","embeddable":true,"href":"https:\/\/milicia-pro.com\/index.php\/wp-json\/wp\/v2\/product_cat?post=43660"},{"taxonomy":"product_tag","embeddable":true,"href":"https:\/\/milicia-pro.com\/index.php\/wp-json\/wp\/v2\/product_tag?post=43660"}],"curies":[{"name":"wp","href":"https:\/\/api.w.org\/{rel}","templated":true}]}}