{"id":43651,"date":"2026-01-13T18:10:09","date_gmt":"2026-01-13T18:10:09","guid":{"rendered":"https:\/\/milicia-pro.com\/?post_type=product&#038;p=43651"},"modified":"2026-01-13T18:40:26","modified_gmt":"2026-01-13T18:40:26","slug":"sightmark-wolfhound-3x24-hs","status":"publish","type":"product","link":"https:\/\/milicia-pro.com\/index.php\/product\/sightmark-wolfhound-3x24-hs\/","title":{"rendered":"SIGHTMARK WOLFHOUND 3X24 HS"},"content":{"rendered":"<p><img loading=\"lazy\" decoding=\"async\" class=\"alignnone size-medium wp-image-43656\" src=\"https:\/\/milicia-pro.com\/wp-content\/uploads\/2026\/01\/ECO.SM13025.AAC-05-300x300.jpg\" alt=\"\" width=\"300\" height=\"300\" srcset=\"https:\/\/milicia-pro.com\/wp-content\/uploads\/2026\/01\/ECO.SM13025.AAC-05-300x300.jpg 300w, https:\/\/milicia-pro.com\/wp-content\/uploads\/2026\/01\/ECO.SM13025.AAC-05-150x150.jpg 150w, https:\/\/milicia-pro.com\/wp-content\/uploads\/2026\/01\/ECO.SM13025.AAC-05-247x247.jpg 247w, https:\/\/milicia-pro.com\/wp-content\/uploads\/2026\/01\/ECO.SM13025.AAC-05-510x510.jpg 510w, https:\/\/milicia-pro.com\/wp-content\/uploads\/2026\/01\/ECO.SM13025.AAC-05-100x100.jpg 100w, https:\/\/milicia-pro.com\/wp-content\/uploads\/2026\/01\/ECO.SM13025.AAC-05-50x50.jpg 50w, https:\/\/milicia-pro.com\/wp-content\/uploads\/2026\/01\/ECO.SM13025.AAC-05.jpg 600w\" sizes=\"auto, (max-width: 300px) 100vw, 300px\" \/><\/p>\n<p>Oferecendo tiros impec\u00e1veis de curto e m\u00e9dio alcance em uma plataforma AR, a mira \u00a0Sightmark\u00ae Wolfhound 3\u00d724 \u00e9 ideal para uma variedade de situa\u00e7\u00f5es de tiro desafiadoras, incluindo competi\u00e7\u00f5es, ca\u00e7adores e for\u00e7as de seguran\u00e7a. O Wolfhound 3\u00d724 \u00e9 um dispositivo \u00f3ptico inspirado em soldados, caracterizado por longa dist\u00e2ncia ocular confort\u00e1vel e uma ret\u00edcula em forma de ferradura avan\u00e7ada que se ajusta balisticamente a gr\u00e3os .223, 55 e 62 com alcance de 300 a 900 metros. Sua pot\u00eancia fixa mant\u00e9m o alvo em foco a 10 metros ou mais. \u00c9 compacto o suficiente para n\u00e3o sobrecarregar a arma, mas resistente o suficiente para proteg\u00ea-lo de impactos. O dispositivo inclui um trilho picatinny integrado e acabamento em borracha. Totalmente submers\u00edvel, o Wolfhound 3\u00d724 Sight \u00e9 100% \u00e0 prova d&#8217;\u00e1gua, resistente \u00e0 poeira e anti vibra\u00e7\u00e3o.<\/p>\n<p>&nbsp;<\/p>\n<p><strong>Especifica\u00e7\u00f5es T\u00e9cnicas:<\/strong><\/p>\n<ul>\n<li>Ret\u00edculo: HS-223<\/li>\n<li>Cor do ret\u00edculo: Vermelho \/ Verde<\/li>\n<li>Ajuste de brilho do ret\u00edculo: 5<\/li>\n<li>Amplia\u00e7\u00e3o: 3x<\/li>\n<li>Di\u00e2metro da lente: 24 mm<\/li>\n<li>Al\u00edvio ocular: 72 mm<\/li>\n<li>Di\u00e2metro da pupila de sa\u00edda: 8 mm<\/li>\n<li>Campo de vis\u00e3o: 10,48m<\/li>\n<li>Recuo m\u00e1ximo: 800G<\/li>\n<li>Configura\u00e7\u00e3o de paralaxe: 100 jardas<\/li>\n<li>Preenchido com nitrog\u00eanio: Sim<\/li>\n<li>Antichoque: Sim<\/li>\n<li>Resistente \u00e0 n\u00e9voa: Sim<\/li>\n<li>Classifica\u00e7\u00e3o \u00e0 prova d&#8217;\u00e1gua: IP68<\/li>\n<li>Temperatura de opera\u00e7\u00e3o: -20 a 50\u00b0C<\/li>\n<li>Tipo de bateria: CR2032<\/li>\n<li>Dura\u00e7\u00e3o da bateria: 200-4000 horas<\/li>\n<li>Voltagem da bateria: 3 V<\/li>\n<li>Ajuste de dioptria: -3 \/ +3<\/li>\n<li>Ajuste de MOA: \u00bd<\/li>\n<li>Ajuste de eleva\u00e7\u00e3o: 160 MOA<\/li>\n<li>Ajuste de vento: 160 MOA<\/li>\n<\/ul>\n","protected":false},"excerpt":{"rendered":"<p>Oferecendo tiros impec\u00e1veis de curto e m\u00e9dio alcance em uma plataforma AR, a mira \u00a0Sightmark\u00ae Wolfhound 3\u00d724 \u00e9 ideal para uma variedade de situa\u00e7\u00f5es de tiro desafiadoras, incluindo competi\u00e7\u00f5es, ca\u00e7adores e for\u00e7as de seguran\u00e7a. O Wolfhound 3\u00d724 \u00e9 um dispositivo \u00f3ptico inspirado em soldados, caracterizado por longa dist\u00e2ncia ocular confort\u00e1vel e uma ret\u00edcula em forma [&#8230;]\n","protected":false},"featured_media":43652,"comment_status":"open","ping_status":"closed","template":"","meta":{"_monsterinsights_skip_tracking":false,"_monsterinsights_sitenote_active":false,"_monsterinsights_sitenote_note":"","_monsterinsights_sitenote_category":0},"product_brand":[1603],"product_cat":[1115,1064,829,1093,1070,980],"product_tag":[64,779,786],"class_list":{"0":"post-43651","1":"product","2":"type-product","3":"status-publish","4":"has-post-thumbnail","6":"product_brand-sightmark","7":"product_cat-acessorios-armas","8":"product_cat-equipamentotatico","9":"product_cat-marcas","10":"product_cat-miras","11":"product_cat-optica","12":"product_cat-eco-globe","13":"product_tag-arma","14":"product_tag-luneta","15":"product_tag-mira","17":"first","18":"instock","19":"shipping-taxable","20":"purchasable","21":"product-type-variable"},"aioseo_notices":[],"jetpack_sharing_enabled":true,"_links":{"self":[{"href":"https:\/\/milicia-pro.com\/index.php\/wp-json\/wp\/v2\/product\/43651","targetHints":{"allow":["GET"]}}],"collection":[{"href":"https:\/\/milicia-pro.com\/index.php\/wp-json\/wp\/v2\/product"}],"about":[{"href":"https:\/\/milicia-pro.com\/index.php\/wp-json\/wp\/v2\/types\/product"}],"replies":[{"embeddable":true,"href":"https:\/\/milicia-pro.com\/index.php\/wp-json\/wp\/v2\/comments?post=43651"}],"wp:featuredmedia":[{"embeddable":true,"href":"https:\/\/milicia-pro.com\/index.php\/wp-json\/wp\/v2\/media\/43652"}],"wp:attachment":[{"href":"https:\/\/milicia-pro.com\/index.php\/wp-json\/wp\/v2\/media?parent=43651"}],"wp:term":[{"taxonomy":"product_brand","embeddable":true,"href":"https:\/\/milicia-pro.com\/index.php\/wp-json\/wp\/v2\/product_brand?post=43651"},{"taxonomy":"product_cat","embeddable":true,"href":"https:\/\/milicia-pro.com\/index.php\/wp-json\/wp\/v2\/product_cat?post=43651"},{"taxonomy":"product_tag","embeddable":true,"href":"https:\/\/milicia-pro.com\/index.php\/wp-json\/wp\/v2\/product_tag?post=43651"}],"curies":[{"name":"wp","href":"https:\/\/api.w.org\/{rel}","templated":true}]}}