{"id":43632,"date":"2026-01-20T10:53:12","date_gmt":"2026-01-20T10:53:12","guid":{"rendered":"https:\/\/milicia-pro.com\/?post_type=product&#038;p=43632"},"modified":"2026-02-10T16:10:26","modified_gmt":"2026-02-10T16:10:26","slug":"luva-piloto-operator","status":"publish","type":"product","link":"https:\/\/milicia-pro.com\/index.php\/product\/luva-piloto-operator\/","title":{"rendered":"LUVA PILOTO &#8220;OPERATOR&#8221;"},"content":{"rendered":"<p><strong>Operator\u2122 Tactical Glove<\/strong><\/p>\n<p>Desenhadas e adequadas especialmente para equipas SWAT, permitindo uma performance de alto n\u00edvel, com elevado grau de exig\u00eancia.<\/p>\n<p>O seu fabrico em DuPont kevlar, confere uma alta resist\u00eancia ao corte e \u00e0 combust\u00e3o (at\u00e9 427\u00ba C).<\/p>\n<p>A palma da m\u00e3o \u00e9 fabricada em pele de canguru, o que a torna resistente \u00e0 \u00e1gua, e ainda mais resistente \u00e0 abras\u00e3o.<\/p>\n<p>O dedo indicador est\u00e1 feito de forma a poder ser removido sem causar dano na restante luva.<\/p>\n","protected":false},"excerpt":{"rendered":"<p>Operator\u2122 Tactical Glove Desenhadas e adequadas especialmente para equipas SWAT, permitindo uma performance de alto n\u00edvel, com elevado grau de exig\u00eancia. O seu fabrico em DuPont kevlar, confere uma alta resist\u00eancia ao corte e \u00e0 combust\u00e3o (at\u00e9 427\u00ba C). A palma da m\u00e3o \u00e9 fabricada em pele de canguru, o que a torna resistente \u00e0 [&#8230;]\n","protected":false},"featured_media":43641,"comment_status":"open","ping_status":"closed","template":"","meta":{"_monsterinsights_skip_tracking":false,"_monsterinsights_sitenote_active":false,"_monsterinsights_sitenote_note":"","_monsterinsights_sitenote_category":0},"product_brand":[1512],"product_cat":[1064,965,1088,829],"product_tag":[846],"class_list":{"0":"post-43632","1":"product","2":"type-product","3":"status-publish","4":"has-post-thumbnail","6":"product_brand-hatch","7":"product_cat-equipamentotatico","8":"product_cat-hatch","9":"product_cat-luvas","10":"product_cat-marcas","11":"product_tag-luvas","13":"first","14":"instock","15":"shipping-taxable","16":"purchasable","17":"product-type-variable"},"aioseo_notices":[],"jetpack_sharing_enabled":true,"_links":{"self":[{"href":"https:\/\/milicia-pro.com\/index.php\/wp-json\/wp\/v2\/product\/43632","targetHints":{"allow":["GET"]}}],"collection":[{"href":"https:\/\/milicia-pro.com\/index.php\/wp-json\/wp\/v2\/product"}],"about":[{"href":"https:\/\/milicia-pro.com\/index.php\/wp-json\/wp\/v2\/types\/product"}],"replies":[{"embeddable":true,"href":"https:\/\/milicia-pro.com\/index.php\/wp-json\/wp\/v2\/comments?post=43632"}],"wp:featuredmedia":[{"embeddable":true,"href":"https:\/\/milicia-pro.com\/index.php\/wp-json\/wp\/v2\/media\/43641"}],"wp:attachment":[{"href":"https:\/\/milicia-pro.com\/index.php\/wp-json\/wp\/v2\/media?parent=43632"}],"wp:term":[{"taxonomy":"product_brand","embeddable":true,"href":"https:\/\/milicia-pro.com\/index.php\/wp-json\/wp\/v2\/product_brand?post=43632"},{"taxonomy":"product_cat","embeddable":true,"href":"https:\/\/milicia-pro.com\/index.php\/wp-json\/wp\/v2\/product_cat?post=43632"},{"taxonomy":"product_tag","embeddable":true,"href":"https:\/\/milicia-pro.com\/index.php\/wp-json\/wp\/v2\/product_tag?post=43632"}],"curies":[{"name":"wp","href":"https:\/\/api.w.org\/{rel}","templated":true}]}}