{"id":43627,"date":"2026-01-08T14:56:00","date_gmt":"2026-01-08T14:56:00","guid":{"rendered":"https:\/\/milicia-pro.com\/?post_type=product&#038;p=43627"},"modified":"2026-01-08T14:59:02","modified_gmt":"2026-01-08T14:59:02","slug":"luvas-operator-c-kevlar","status":"publish","type":"product","link":"https:\/\/milicia-pro.com\/index.php\/product\/luvas-operator-c-kevlar\/","title":{"rendered":"LUVAS OPERATOR C\/ KEVLAR"},"content":{"rendered":"<p>A Luva Hatch Tactical FR Operator Nomex resistente a chamas \u00e9 fabricada com uma mistura de fibras Nomex e cosida com linha Nomex. A costura Cut-Ring permite a remo\u00e7\u00e3o opcional do dedo do gatilho. Esta luva apresenta uma palma em couro de cabra dur\u00e1vel para uma resist\u00eancia superior \u00e0 abras\u00e3o e ao rasgamento.<\/p>\n<p><strong>AVISO:<\/strong> O tecido resistente a chamas n\u00e3o \u00e9 \u00e0 prova de fogo. A resist\u00eancia \u00e0s chamas \u00e9 uma propriedade inerente do material meta-aramida usado na parte de tr\u00e1s da m\u00e3o e no polegar.<\/p>\n","protected":false},"excerpt":{"rendered":"<p>A Luva Hatch Tactical FR Operator Nomex resistente a chamas \u00e9 fabricada com uma mistura de fibras Nomex e cosida com linha Nomex. A costura Cut-Ring permite a remo\u00e7\u00e3o opcional do dedo do gatilho. Esta luva apresenta uma palma em couro de cabra dur\u00e1vel para uma resist\u00eancia superior \u00e0 abras\u00e3o e ao rasgamento. AVISO: O [&#8230;]\n","protected":false},"featured_media":43613,"comment_status":"open","ping_status":"closed","template":"","meta":{"_monsterinsights_skip_tracking":false,"_monsterinsights_sitenote_active":false,"_monsterinsights_sitenote_note":"","_monsterinsights_sitenote_category":0},"product_brand":[1512],"product_cat":[1064,965,1088,829],"product_tag":[846],"class_list":{"0":"post-43627","1":"product","2":"type-product","3":"status-publish","4":"has-post-thumbnail","6":"product_brand-hatch","7":"product_cat-equipamentotatico","8":"product_cat-hatch","9":"product_cat-luvas","10":"product_cat-marcas","11":"product_tag-luvas","13":"first","14":"instock","15":"shipping-taxable","16":"purchasable","17":"product-type-variable"},"aioseo_notices":[],"jetpack_sharing_enabled":true,"_links":{"self":[{"href":"https:\/\/milicia-pro.com\/index.php\/wp-json\/wp\/v2\/product\/43627","targetHints":{"allow":["GET"]}}],"collection":[{"href":"https:\/\/milicia-pro.com\/index.php\/wp-json\/wp\/v2\/product"}],"about":[{"href":"https:\/\/milicia-pro.com\/index.php\/wp-json\/wp\/v2\/types\/product"}],"replies":[{"embeddable":true,"href":"https:\/\/milicia-pro.com\/index.php\/wp-json\/wp\/v2\/comments?post=43627"}],"wp:featuredmedia":[{"embeddable":true,"href":"https:\/\/milicia-pro.com\/index.php\/wp-json\/wp\/v2\/media\/43613"}],"wp:attachment":[{"href":"https:\/\/milicia-pro.com\/index.php\/wp-json\/wp\/v2\/media?parent=43627"}],"wp:term":[{"taxonomy":"product_brand","embeddable":true,"href":"https:\/\/milicia-pro.com\/index.php\/wp-json\/wp\/v2\/product_brand?post=43627"},{"taxonomy":"product_cat","embeddable":true,"href":"https:\/\/milicia-pro.com\/index.php\/wp-json\/wp\/v2\/product_cat?post=43627"},{"taxonomy":"product_tag","embeddable":true,"href":"https:\/\/milicia-pro.com\/index.php\/wp-json\/wp\/v2\/product_tag?post=43627"}],"curies":[{"name":"wp","href":"https:\/\/api.w.org\/{rel}","templated":true}]}}