{"id":43600,"date":"2026-01-08T11:09:05","date_gmt":"2026-01-08T11:09:05","guid":{"rendered":"https:\/\/milicia-pro.com\/?post_type=product&#038;p=43600"},"modified":"2026-01-08T11:09:06","modified_gmt":"2026-01-08T11:09:06","slug":"protecao-de-braco-de-fato-anti-motim-exotech","status":"publish","type":"product","link":"https:\/\/milicia-pro.com\/index.php\/product\/protecao-de-braco-de-fato-anti-motim-exotech\/","title":{"rendered":"PROTE\u00c7\u00c3O DE BRA\u00c7O DE FATO ANTI-MOTIM EXOTECH"},"content":{"rendered":"<p>&nbsp;<\/p>\n<p>Proteja o seu cotovelo e antebra\u00e7o com esta prote\u00e7\u00e3o de bra\u00e7o de fato anti-motim, o qual possui uma carca\u00e7a dura e que foi projetada para trabalhar com o sistema de prote\u00e7\u00e3o EXOTECH.<\/p>\n","protected":false},"excerpt":{"rendered":"<p>&nbsp; Proteja o seu cotovelo e antebra\u00e7o com esta prote\u00e7\u00e3o de bra\u00e7o de fato anti-motim, o qual possui uma carca\u00e7a dura e que foi projetada para trabalhar com o sistema de prote\u00e7\u00e3o EXOTECH.<\/p>\n","protected":false},"featured_media":43603,"comment_status":"open","ping_status":"closed","template":"","meta":{"_monsterinsights_skip_tracking":false,"_monsterinsights_sitenote_active":false,"_monsterinsights_sitenote_note":"","_monsterinsights_sitenote_category":0},"product_brand":[1512],"product_cat":[1091,1064,965,829],"product_tag":[1614,1615,513],"class_list":{"0":"post-43600","1":"product","2":"type-product","3":"status-publish","4":"has-post-thumbnail","6":"product_brand-hatch","7":"product_cat-cotoveleirajoelheira","8":"product_cat-equipamentotatico","9":"product_cat-hatch","10":"product_cat-marcas","11":"product_tag-anti-motim","12":"product_tag-braco","13":"product_tag-protecao","15":"first","16":"instock","17":"shipping-taxable","18":"purchasable","19":"product-type-variable"},"aioseo_notices":[],"jetpack_sharing_enabled":true,"_links":{"self":[{"href":"https:\/\/milicia-pro.com\/index.php\/wp-json\/wp\/v2\/product\/43600","targetHints":{"allow":["GET"]}}],"collection":[{"href":"https:\/\/milicia-pro.com\/index.php\/wp-json\/wp\/v2\/product"}],"about":[{"href":"https:\/\/milicia-pro.com\/index.php\/wp-json\/wp\/v2\/types\/product"}],"replies":[{"embeddable":true,"href":"https:\/\/milicia-pro.com\/index.php\/wp-json\/wp\/v2\/comments?post=43600"}],"wp:featuredmedia":[{"embeddable":true,"href":"https:\/\/milicia-pro.com\/index.php\/wp-json\/wp\/v2\/media\/43603"}],"wp:attachment":[{"href":"https:\/\/milicia-pro.com\/index.php\/wp-json\/wp\/v2\/media?parent=43600"}],"wp:term":[{"taxonomy":"product_brand","embeddable":true,"href":"https:\/\/milicia-pro.com\/index.php\/wp-json\/wp\/v2\/product_brand?post=43600"},{"taxonomy":"product_cat","embeddable":true,"href":"https:\/\/milicia-pro.com\/index.php\/wp-json\/wp\/v2\/product_cat?post=43600"},{"taxonomy":"product_tag","embeddable":true,"href":"https:\/\/milicia-pro.com\/index.php\/wp-json\/wp\/v2\/product_tag?post=43600"}],"curies":[{"name":"wp","href":"https:\/\/api.w.org\/{rel}","templated":true}]}}