{"id":43534,"date":"2025-12-29T15:18:42","date_gmt":"2025-12-29T15:18:42","guid":{"rendered":"https:\/\/milicia-pro.com\/?post_type=product&#038;p=43534"},"modified":"2025-12-29T15:39:27","modified_gmt":"2025-12-29T15:39:27","slug":"t-shirt-stars-stripes-spear","status":"publish","type":"product","link":"https:\/\/milicia-pro.com\/index.php\/product\/t-shirt-stars-stripes-spear\/","title":{"rendered":"T-SHIRT STARS &amp; STRIPES SPEAR"},"content":{"rendered":"<p>A T-Shirt de manga curta Stars &amp; Stripes Spear tem um corte atl\u00e9tico, \u00e9 dur\u00e1vel, confort\u00e1vel e macia. \u00d3tima para treinar na pista de tiro ou usar em conv\u00edvio com os amigos.<\/p>\n<p>&nbsp;<\/p>\n<ul>\n<li><strong>Estampa serigr\u00e1fica<\/strong><\/li>\n<li><strong>4,5 oz 52% Algod\u00e3o \/ 48% Poli\u00e9ster Mescla<\/strong><\/li>\n<li><strong>Fio penteado e torcido<\/strong><\/li>\n<li><strong>Corte regular com ombros suavemente ca\u00eddos<\/strong><\/li>\n<\/ul>\n","protected":false},"excerpt":{"rendered":"<p>A T-Shirt de manga curta Stars &amp; Stripes Spear tem um corte atl\u00e9tico, \u00e9 dur\u00e1vel, confort\u00e1vel e macia. \u00d3tima para treinar na pista de tiro ou usar em conv\u00edvio com os amigos. &nbsp; Estampa serigr\u00e1fica 4,5 oz 52% Algod\u00e3o \/ 48% Poli\u00e9ster Mescla Fio penteado e torcido Corte regular com ombros suavemente ca\u00eddos<\/p>\n","protected":false},"featured_media":43537,"comment_status":"open","ping_status":"closed","template":"","meta":{"_monsterinsights_skip_tracking":false,"_monsterinsights_sitenote_active":false,"_monsterinsights_sitenote_note":"","_monsterinsights_sitenote_category":0},"product_brand":[1509],"product_cat":[830,829,1082,1063],"product_tag":[320],"class_list":{"0":"post-43534","1":"product","2":"type-product","3":"status-publish","4":"has-post-thumbnail","6":"product_brand-first-tactical","7":"product_cat-firsttactical","8":"product_cat-marcas","9":"product_cat-tshirt","10":"product_cat-vestuario","11":"product_tag-t-shirt","13":"first","14":"instock","15":"shipping-taxable","16":"purchasable","17":"product-type-variable"},"aioseo_notices":[],"jetpack_sharing_enabled":true,"_links":{"self":[{"href":"https:\/\/milicia-pro.com\/index.php\/wp-json\/wp\/v2\/product\/43534","targetHints":{"allow":["GET"]}}],"collection":[{"href":"https:\/\/milicia-pro.com\/index.php\/wp-json\/wp\/v2\/product"}],"about":[{"href":"https:\/\/milicia-pro.com\/index.php\/wp-json\/wp\/v2\/types\/product"}],"replies":[{"embeddable":true,"href":"https:\/\/milicia-pro.com\/index.php\/wp-json\/wp\/v2\/comments?post=43534"}],"wp:featuredmedia":[{"embeddable":true,"href":"https:\/\/milicia-pro.com\/index.php\/wp-json\/wp\/v2\/media\/43537"}],"wp:attachment":[{"href":"https:\/\/milicia-pro.com\/index.php\/wp-json\/wp\/v2\/media?parent=43534"}],"wp:term":[{"taxonomy":"product_brand","embeddable":true,"href":"https:\/\/milicia-pro.com\/index.php\/wp-json\/wp\/v2\/product_brand?post=43534"},{"taxonomy":"product_cat","embeddable":true,"href":"https:\/\/milicia-pro.com\/index.php\/wp-json\/wp\/v2\/product_cat?post=43534"},{"taxonomy":"product_tag","embeddable":true,"href":"https:\/\/milicia-pro.com\/index.php\/wp-json\/wp\/v2\/product_tag?post=43534"}],"curies":[{"name":"wp","href":"https:\/\/api.w.org\/{rel}","templated":true}]}}