{"id":43522,"date":"2025-12-19T15:00:34","date_gmt":"2025-12-19T15:00:34","guid":{"rendered":"https:\/\/milicia-pro.com\/?post_type=product&#038;p=43522"},"modified":"2025-12-19T15:51:59","modified_gmt":"2025-12-19T15:51:59","slug":"afiador-de-facas-quick-edge","status":"publish","type":"product","link":"https:\/\/milicia-pro.com\/index.php\/product\/afiador-de-facas-quick-edge\/","title":{"rendered":"AFIADOR DE FACAS \u2013 QUICK EDGE"},"content":{"rendered":"<p><strong>O afiador de facas Quick Edge\u00ae foi concebido para afiar facas de cozinha, de trabalho ou de desporto ao ar livre em menos de 10 passagens.<\/strong><\/p>\n<p>Afiador de Facas Quick Edge\u00ae<\/p>\n<p>Principais Caracter\u00edsticas:<\/p>\n<p>&#8211; Elemento de afia\u00e7\u00e3o substitu\u00edvel em estilo Pull-Thru de carboneto<br \/>\n&#8211; Estrutura ergon\u00f3mica em pl\u00e1stico moldado<br \/>\n&#8211; Protetor de dedos e apoio para o polegar<br \/>\n&#8211; Utiliza\u00e7\u00e3o para destros ou canhotos<\/p>\n<p>Projetado para afiar facas de cozinha, de trabalho ou de desporto ao ar livre em menos de 10 passagens. Cada a\u00e7o \u00e9 diferente: o n\u00famero de passagens e o esfor\u00e7o necess\u00e1rio para afiar podem variar. N\u00c3O utilize press\u00e3o excessiva, pois isso pode danificar a l\u00e2mina ou o afiador; sem mencionar a seguran\u00e7a do utilizador.<\/p>\n<p>Os \u00e2ngulos de afia\u00e7\u00e3o est\u00e3o pr\u00e9-definidos a 22,5\u00ba para alcan\u00e7ar um \u00e2ngulo inclusivo de 45\u00ba.<img loading=\"lazy\" decoding=\"async\" class=\"alignnone size-medium wp-image-43523\" src=\"https:\/\/milicia-pro.com\/wp-content\/uploads\/2025\/12\/LK.LSTCS-02-300x163.png\" alt=\"\" width=\"300\" height=\"163\" srcset=\"https:\/\/milicia-pro.com\/wp-content\/uploads\/2025\/12\/LK.LSTCS-02-300x163.png 300w, https:\/\/milicia-pro.com\/wp-content\/uploads\/2025\/12\/LK.LSTCS-02.png 443w\" sizes=\"auto, (max-width: 300px) 100vw, 300px\" \/><\/p>\n<p>&nbsp;<\/p>\n<p>Instru\u00e7\u00f5es<br \/>\nUTILIZA\u00c7\u00c3O DO SEU AFIADOR QUICK EDGE\u00ae<\/p>\n<p>Passo 1 &#8211; Segure o afiador com os dedos dentro do protetor de dedos e o polegar apoiado contra o protetor de polegar.<\/p>\n<p>Passo 2 &#8211; Coloque a faca numa superf\u00edcie plana e s\u00f3lida com o fio de corte virado para cima. Deixe cerca de 1,5 cm da l\u00e2mina para al\u00e9m da borda da superf\u00edcie. Segure a faca est\u00e1vel com uma m\u00e3o enquanto come\u00e7a a afiar com a outra.<\/p>\n<p>Passo 3 &#8211; Coloque o &#8220;V&#8221; na cabe\u00e7a do Afiador Quick Edge\u00ae sobre a l\u00e2mina da sua faca, onde esta se junta com o cabo. Segurando o afiador aproximadamente a 90\u00ba em rela\u00e7\u00e3o \u00e0 l\u00e2mina (um \u00e2ngulo demasiado grande resultar\u00e1 numa performance de afia\u00e7\u00e3o inferior), deslize o afiador em dire\u00e7\u00e3o \u00e0 ponta da faca. O afiador de carboneto de tungst\u00e9nio ir\u00e1 remover gradualmente metal da l\u00e2mina, tornando-a afiada. Repita 3 a 4 vezes, aplicando apenas press\u00e3o leve para produzir um fio de corte extremamente afiado.<\/p>\n<p>Passo 4 &#8211; Limpe a l\u00e2mina da faca cuidadosamente.<\/p>\n<p>Nota: Os insertos de afia\u00e7\u00e3o em carboneto de tungst\u00e9nio s\u00e3o revers\u00edveis e substitu\u00edveis.<\/p>\n<p>Seja Inteligente, Seja Seguro e Mantenha-se&#8230; Um Passo \u00e0 Frente do Resto\u00ae!<\/p>\n<p>CUIDADO: A afia\u00e7\u00e3o de facas \u00e9 uma atividade inerentemente perigosa. Utilizado corretamente, este afiador n\u00e3o o poder\u00e1 magoar, mas uma l\u00e2mina ou objeto pontiagudo manuseado descuidadamente pode.<\/p>\n<p>Detalhes:<\/p>\n<ul>\n<li>SKULSTCS<\/li>\n<li>Material da Base\/ Cabo: Pl\u00e1stico<\/li>\n<li>Caracter\u00edsticas: Guarda-m\u00e3o, Orif\u00edcio para Cord\u00e3o<\/li>\n<li>\u00c2ngulo do Afiador: 22,5\u00ba (incluindo 45\u00ba)<\/li>\n<li>Material do Afiador: Tungst\u00e9nio<\/li>\n<li>Usos: Faca de Cozinha Comum<\/li>\n<\/ul>\n","protected":false},"excerpt":{"rendered":"<p>O afiador de facas Quick Edge\u00ae foi concebido para afiar facas de cozinha, de trabalho ou de desporto ao ar livre em menos de 10 passagens. Afiador de Facas Quick Edge\u00ae Principais Caracter\u00edsticas: &#8211; Elemento de afia\u00e7\u00e3o substitu\u00edvel em estilo Pull-Thru de carboneto &#8211; Estrutura ergon\u00f3mica em pl\u00e1stico moldado &#8211; Protetor de dedos e apoio [&#8230;]\n","protected":false},"featured_media":43525,"comment_status":"open","ping_status":"closed","template":"","meta":{"_monsterinsights_skip_tracking":false,"_monsterinsights_sitenote_active":false,"_monsterinsights_sitenote_note":"","_monsterinsights_sitenote_category":0},"product_brand":[1602],"product_cat":[1065,1097,1340,829],"product_tag":[1339],"class_list":{"0":"post-43522","1":"product","2":"type-product","3":"status-publish","4":"has-post-thumbnail","6":"product_brand-lansky","7":"product_cat-cutelariaferramentas","8":"product_cat-ferramentas","9":"product_cat-lansky","10":"product_cat-marcas","11":"product_tag-afiador-de-facas","12":"pa_navalha-afiador","14":"first","15":"instock","16":"shipping-taxable","17":"purchasable","18":"product-type-variable"},"aioseo_notices":[],"jetpack_sharing_enabled":true,"_links":{"self":[{"href":"https:\/\/milicia-pro.com\/index.php\/wp-json\/wp\/v2\/product\/43522","targetHints":{"allow":["GET"]}}],"collection":[{"href":"https:\/\/milicia-pro.com\/index.php\/wp-json\/wp\/v2\/product"}],"about":[{"href":"https:\/\/milicia-pro.com\/index.php\/wp-json\/wp\/v2\/types\/product"}],"replies":[{"embeddable":true,"href":"https:\/\/milicia-pro.com\/index.php\/wp-json\/wp\/v2\/comments?post=43522"}],"wp:featuredmedia":[{"embeddable":true,"href":"https:\/\/milicia-pro.com\/index.php\/wp-json\/wp\/v2\/media\/43525"}],"wp:attachment":[{"href":"https:\/\/milicia-pro.com\/index.php\/wp-json\/wp\/v2\/media?parent=43522"}],"wp:term":[{"taxonomy":"product_brand","embeddable":true,"href":"https:\/\/milicia-pro.com\/index.php\/wp-json\/wp\/v2\/product_brand?post=43522"},{"taxonomy":"product_cat","embeddable":true,"href":"https:\/\/milicia-pro.com\/index.php\/wp-json\/wp\/v2\/product_cat?post=43522"},{"taxonomy":"product_tag","embeddable":true,"href":"https:\/\/milicia-pro.com\/index.php\/wp-json\/wp\/v2\/product_tag?post=43522"}],"curies":[{"name":"wp","href":"https:\/\/api.w.org\/{rel}","templated":true}]}}