{"id":43483,"date":"2025-12-10T17:53:53","date_gmt":"2025-12-10T17:53:53","guid":{"rendered":"https:\/\/milicia-pro.com\/?post_type=product&#038;p=43483"},"modified":"2025-12-10T17:53:54","modified_gmt":"2025-12-10T17:53:54","slug":"cracha-estrela-prateada-da-policia-maritima","status":"publish","type":"product","link":"https:\/\/milicia-pro.com\/index.php\/product\/cracha-estrela-prateada-da-policia-maritima\/","title":{"rendered":"CRACHA ESTRELA PRATEADA DA POL\u00cdCIA MARITIMA"},"content":{"rendered":"<p>Identifica\u00e7\u00e3o para a Pol\u00edcia Mar\u00edtima aderente ao vestu\u00e1rio em velcro com o di\u00e2metro de cerca de 6cm<\/p>\n","protected":false},"excerpt":{"rendered":"<p>Venda Exclusiva a Profissionais &#8211; Pol\u00edcia Mar\u00edtima &#8211; Mediante Identifica\u00e7\u00e3o<\/p>\n<p>PRE\u00c7O PVP SEM DESCONTO<\/p>\n","protected":false},"featured_media":43485,"comment_status":"open","ping_status":"closed","template":"","meta":{"_monsterinsights_skip_tracking":false,"_monsterinsights_sitenote_active":false,"_monsterinsights_sitenote_note":"","_monsterinsights_sitenote_category":0},"product_brand":[1499],"product_cat":[1457,1455,982],"product_tag":[976,238,526],"class_list":{"0":"post-43483","1":"product","2":"type-product","3":"status-publish","4":"has-post-thumbnail","6":"product_brand-milicia","7":"product_cat-insignias","8":"product_cat-insignias-patch","9":"product_cat-milicia","10":"product_tag-insignia","11":"product_tag-patch","12":"product_tag-policia-maritima","14":"first","15":"instock","16":"shipping-taxable","17":"purchasable","18":"product-type-variable"},"aioseo_notices":[],"jetpack_sharing_enabled":true,"_links":{"self":[{"href":"https:\/\/milicia-pro.com\/index.php\/wp-json\/wp\/v2\/product\/43483","targetHints":{"allow":["GET"]}}],"collection":[{"href":"https:\/\/milicia-pro.com\/index.php\/wp-json\/wp\/v2\/product"}],"about":[{"href":"https:\/\/milicia-pro.com\/index.php\/wp-json\/wp\/v2\/types\/product"}],"replies":[{"embeddable":true,"href":"https:\/\/milicia-pro.com\/index.php\/wp-json\/wp\/v2\/comments?post=43483"}],"wp:featuredmedia":[{"embeddable":true,"href":"https:\/\/milicia-pro.com\/index.php\/wp-json\/wp\/v2\/media\/43485"}],"wp:attachment":[{"href":"https:\/\/milicia-pro.com\/index.php\/wp-json\/wp\/v2\/media?parent=43483"}],"wp:term":[{"taxonomy":"product_brand","embeddable":true,"href":"https:\/\/milicia-pro.com\/index.php\/wp-json\/wp\/v2\/product_brand?post=43483"},{"taxonomy":"product_cat","embeddable":true,"href":"https:\/\/milicia-pro.com\/index.php\/wp-json\/wp\/v2\/product_cat?post=43483"},{"taxonomy":"product_tag","embeddable":true,"href":"https:\/\/milicia-pro.com\/index.php\/wp-json\/wp\/v2\/product_tag?post=43483"}],"curies":[{"name":"wp","href":"https:\/\/api.w.org\/{rel}","templated":true}]}}