{"id":43408,"date":"2025-11-20T12:22:45","date_gmt":"2025-11-20T12:22:45","guid":{"rendered":"https:\/\/milicia-pro.com\/?post_type=product&#038;p=43408"},"modified":"2025-11-20T18:23:50","modified_gmt":"2025-11-20T18:23:50","slug":"binoculo-compact-8x21-bins","status":"publish","type":"product","link":"https:\/\/milicia-pro.com\/index.php\/product\/binoculo-compact-8x21-bins\/","title":{"rendered":"BIN\u00d3CULO COMPACT 8X21 BINS"},"content":{"rendered":"<p>Hawke Compact \u00e9 provavelmente o bin\u00f3culo compacto com melhor rela\u00e7\u00e3o qualidade\/pre\u00e7o que alguma vez foi testado. Este bin\u00f3culo tem uma boa imagem. Apresenta lentes revestidas e seladas, boa compensa\u00e7\u00e3o de dioptria e nitidez fant\u00e1stica, desempenha-se t\u00e3o bem no bolso durante as viagens como na mala de ca\u00e7a ou como bin\u00f3culo de reserva no barco. Como a dist\u00e2ncia dos olhos varia de pessoa para pessoa, ao segurar os bin\u00f3culos com as duas m\u00e3os, mova os dois tubos para ajustar aos seus olhos at\u00e9 obter um \u00fanico campo de vis\u00e3o claro<\/p>\n<p>Amplia\u00e7\u00e3o: 8x<\/p>\n<p>Campo de vis\u00e3o: 126 m\/1000 m<\/p>\n<p>Dist\u00e2ncia m\u00ednima de focagem: 3 m<\/p>\n<p>Peso: 170g<\/p>\n","protected":false},"excerpt":{"rendered":"<p>Hawke Compact \u00e9 provavelmente o bin\u00f3culo compacto com melhor rela\u00e7\u00e3o qualidade\/pre\u00e7o que alguma vez foi testado. Este bin\u00f3culo tem uma boa imagem. Apresenta lentes revestidas e seladas, boa compensa\u00e7\u00e3o de dioptria e nitidez fant\u00e1stica, desempenha-se t\u00e3o bem no bolso durante as viagens como na mala de ca\u00e7a ou como bin\u00f3culo de reserva no barco. Como [&#8230;]\n","protected":false},"featured_media":43411,"comment_status":"open","ping_status":"closed","template":"","meta":{"_monsterinsights_skip_tracking":false,"_monsterinsights_sitenote_active":false,"_monsterinsights_sitenote_note":"","_monsterinsights_sitenote_category":0},"product_brand":[1586],"product_cat":[1094,1585,829,1070],"product_tag":[931],"class_list":{"0":"post-43408","1":"product","2":"type-product","3":"status-publish","4":"has-post-thumbnail","6":"product_brand-hawke","7":"product_cat-binoculos","8":"product_cat-hawke","9":"product_cat-marcas","10":"product_cat-optica","11":"product_tag-binoculos","13":"first","14":"instock","15":"shipping-taxable","16":"purchasable","17":"product-type-variable"},"aioseo_notices":[],"jetpack_sharing_enabled":true,"_links":{"self":[{"href":"https:\/\/milicia-pro.com\/index.php\/wp-json\/wp\/v2\/product\/43408","targetHints":{"allow":["GET"]}}],"collection":[{"href":"https:\/\/milicia-pro.com\/index.php\/wp-json\/wp\/v2\/product"}],"about":[{"href":"https:\/\/milicia-pro.com\/index.php\/wp-json\/wp\/v2\/types\/product"}],"replies":[{"embeddable":true,"href":"https:\/\/milicia-pro.com\/index.php\/wp-json\/wp\/v2\/comments?post=43408"}],"wp:featuredmedia":[{"embeddable":true,"href":"https:\/\/milicia-pro.com\/index.php\/wp-json\/wp\/v2\/media\/43411"}],"wp:attachment":[{"href":"https:\/\/milicia-pro.com\/index.php\/wp-json\/wp\/v2\/media?parent=43408"}],"wp:term":[{"taxonomy":"product_brand","embeddable":true,"href":"https:\/\/milicia-pro.com\/index.php\/wp-json\/wp\/v2\/product_brand?post=43408"},{"taxonomy":"product_cat","embeddable":true,"href":"https:\/\/milicia-pro.com\/index.php\/wp-json\/wp\/v2\/product_cat?post=43408"},{"taxonomy":"product_tag","embeddable":true,"href":"https:\/\/milicia-pro.com\/index.php\/wp-json\/wp\/v2\/product_tag?post=43408"}],"curies":[{"name":"wp","href":"https:\/\/api.w.org\/{rel}","templated":true}]}}