{"id":43265,"date":"2025-09-17T17:43:49","date_gmt":"2025-09-17T17:43:49","guid":{"rendered":"https:\/\/milicia-pro.com\/?post_type=product&#038;p=43265"},"modified":"2026-01-06T16:04:30","modified_gmt":"2026-01-06T16:04:30","slug":"bolsa-medica","status":"publish","type":"product","link":"https:\/\/milicia-pro.com\/index.php\/product\/bolsa-medica\/","title":{"rendered":"BOLSA M\u00c9DICA"},"content":{"rendered":"<p><img loading=\"lazy\" decoding=\"async\" class=\"size-medium wp-image-43266 alignleft\" src=\"https:\/\/milicia-pro.com\/wp-content\/uploads\/2025\/09\/GUA.903-007-003-240x300.jpg\" alt=\"\" width=\"240\" height=\"300\" srcset=\"https:\/\/milicia-pro.com\/wp-content\/uploads\/2025\/09\/GUA.903-007-003-240x300.jpg 240w, https:\/\/milicia-pro.com\/wp-content\/uploads\/2025\/09\/GUA.903-007-003-819x1024.jpg 819w, https:\/\/milicia-pro.com\/wp-content\/uploads\/2025\/09\/GUA.903-007-003-768x960.jpg 768w, https:\/\/milicia-pro.com\/wp-content\/uploads\/2025\/09\/GUA.903-007-003-1229x1536.jpg 1229w, https:\/\/milicia-pro.com\/wp-content\/uploads\/2025\/09\/GUA.903-007-003-1638x2048.jpg 1638w, https:\/\/milicia-pro.com\/wp-content\/uploads\/2025\/09\/GUA.903-007-003-510x638.jpg 510w, https:\/\/milicia-pro.com\/wp-content\/uploads\/2025\/09\/GUA.903-007-003-scaled.jpg 2048w\" sizes=\"auto, (max-width: 240px) 100vw, 240px\" \/><\/p>\n<p>Mantenha sempre \u00e0 m\u00e3o o Kit de primeiros socorros utilizando a nossa Bolsa M\u00e9dica \u2013 Mil\u00edcia. No exterior pode transportar o seu torniquete e uma tesoura cir\u00fargica. Possui um sistema de velcro para que possa fixar em sistema Molle ao seu equipamento, como por exemplo ao Porta-Placas, Mochila\u2026 O interior cont\u00e9m v\u00e1rios compartimentos espec\u00edficos para acondicionar todos os elementos necess\u00e1rios que comp\u00f5em o seu IFAK. No exterior tem uma cruz bordada para f\u00e1cil identificar a bolsa.<\/p>\n<p>Dimens\u00f5es: 20cm x 12cm x 6cm<\/p>\n<p>Peso: 207gr<\/p>\n<p>NOTA: A venda desta bolsa n\u00e3o inclui o Kit de primeiros socorros<\/p>\n","protected":false},"excerpt":{"rendered":"<p><img loading=\"lazy\" decoding=\"async\" class=\"alignnone wp-image-43289\" src=\"https:\/\/milicia-pro.com\/wp-content\/uploads\/2025\/09\/GUA.903-007-01-240x300.jpg\" alt=\"\" width=\"186\" height=\"233\" srcset=\"https:\/\/milicia-pro.com\/wp-content\/uploads\/2025\/09\/GUA.903-007-01-240x300.jpg 240w, https:\/\/milicia-pro.com\/wp-content\/uploads\/2025\/09\/GUA.903-007-01-819x1024.jpg 819w, https:\/\/milicia-pro.com\/wp-content\/uploads\/2025\/09\/GUA.903-007-01-768x960.jpg 768w, https:\/\/milicia-pro.com\/wp-content\/uploads\/2025\/09\/GUA.903-007-01-1229x1536.jpg 1229w, https:\/\/milicia-pro.com\/wp-content\/uploads\/2025\/09\/GUA.903-007-01-1638x2048.jpg 1638w, https:\/\/milicia-pro.com\/wp-content\/uploads\/2025\/09\/GUA.903-007-01-510x638.jpg 510w, https:\/\/milicia-pro.com\/wp-content\/uploads\/2025\/09\/GUA.903-007-01-scaled.jpg 2048w\" sizes=\"auto, (max-width: 186px) 100vw, 186px\" \/> <img loading=\"lazy\" decoding=\"async\" class=\"alignnone wp-image-43290\" src=\"https:\/\/milicia-pro.com\/wp-content\/uploads\/2025\/09\/GUA.903-007-02-240x300.jpg\" alt=\"\" width=\"192\" height=\"240\" srcset=\"https:\/\/milicia-pro.com\/wp-content\/uploads\/2025\/09\/GUA.903-007-02-240x300.jpg 240w, https:\/\/milicia-pro.com\/wp-content\/uploads\/2025\/09\/GUA.903-007-02-819x1024.jpg 819w, https:\/\/milicia-pro.com\/wp-content\/uploads\/2025\/09\/GUA.903-007-02-768x960.jpg 768w, https:\/\/milicia-pro.com\/wp-content\/uploads\/2025\/09\/GUA.903-007-02-1229x1536.jpg 1229w, https:\/\/milicia-pro.com\/wp-content\/uploads\/2025\/09\/GUA.903-007-02-1638x2048.jpg 1638w, https:\/\/milicia-pro.com\/wp-content\/uploads\/2025\/09\/GUA.903-007-02-510x638.jpg 510w, https:\/\/milicia-pro.com\/wp-content\/uploads\/2025\/09\/GUA.903-007-02-scaled.jpg 2048w\" sizes=\"auto, (max-width: 192px) 100vw, 192px\" \/><\/p>\n","protected":false},"featured_media":43293,"comment_status":"open","ping_status":"closed","template":"","meta":{"_monsterinsights_skip_tracking":false,"_monsterinsights_sitenote_active":false,"_monsterinsights_sitenote_note":"","_monsterinsights_sitenote_category":0},"product_brand":[1499],"product_cat":[1066,829,982,1113],"product_tag":[80,1497,209],"class_list":{"0":"post-43265","1":"product","2":"type-product","3":"status-publish","4":"has-post-thumbnail","6":"product_brand-milicia","7":"product_cat-medical","8":"product_cat-marcas","9":"product_cat-milicia","10":"product_cat-transporte-e-organizacao","11":"product_tag-bolsa","12":"product_tag-ifak","13":"product_tag-medica","15":"first","16":"instock","17":"shipping-taxable","18":"purchasable","19":"product-type-variable"},"aioseo_notices":[],"jetpack_sharing_enabled":true,"_links":{"self":[{"href":"https:\/\/milicia-pro.com\/index.php\/wp-json\/wp\/v2\/product\/43265","targetHints":{"allow":["GET"]}}],"collection":[{"href":"https:\/\/milicia-pro.com\/index.php\/wp-json\/wp\/v2\/product"}],"about":[{"href":"https:\/\/milicia-pro.com\/index.php\/wp-json\/wp\/v2\/types\/product"}],"replies":[{"embeddable":true,"href":"https:\/\/milicia-pro.com\/index.php\/wp-json\/wp\/v2\/comments?post=43265"}],"wp:featuredmedia":[{"embeddable":true,"href":"https:\/\/milicia-pro.com\/index.php\/wp-json\/wp\/v2\/media\/43293"}],"wp:attachment":[{"href":"https:\/\/milicia-pro.com\/index.php\/wp-json\/wp\/v2\/media?parent=43265"}],"wp:term":[{"taxonomy":"product_brand","embeddable":true,"href":"https:\/\/milicia-pro.com\/index.php\/wp-json\/wp\/v2\/product_brand?post=43265"},{"taxonomy":"product_cat","embeddable":true,"href":"https:\/\/milicia-pro.com\/index.php\/wp-json\/wp\/v2\/product_cat?post=43265"},{"taxonomy":"product_tag","embeddable":true,"href":"https:\/\/milicia-pro.com\/index.php\/wp-json\/wp\/v2\/product_tag?post=43265"}],"curies":[{"name":"wp","href":"https:\/\/api.w.org\/{rel}","templated":true}]}}