{"id":43231,"date":"2025-09-15T17:37:57","date_gmt":"2025-09-15T17:37:57","guid":{"rendered":"https:\/\/milicia-pro.com\/?post_type=product&#038;p=43231"},"modified":"2025-12-29T15:36:01","modified_gmt":"2025-12-29T15:36:01","slug":"porta-luvas-de-cinto-ajustavel-c-velcro","status":"publish","type":"product","link":"https:\/\/milicia-pro.com\/index.php\/product\/porta-luvas-de-cinto-ajustavel-c-velcro\/","title":{"rendered":"PORTA LUVAS DE CINTO AJUST\u00c1VEL C\/VELCRO"},"content":{"rendered":"<p>Utilize o nosso pr\u00e1tico e t\u00e1tico porta luvas.<\/p>\n<p>100% Nylon<\/p>\n<p>Dimens\u00f5es:<\/p>\n<p>-22x4cm- Abertura para encaixe de suporte de luvas<\/p>\n<p>-18x4cm- Abertura de encaixe no cinto, em velcro<\/p>\n","protected":false},"excerpt":{"rendered":"<p>Utilize o nosso pr\u00e1tico e t\u00e1tico porta luvas. 100% Nylon Dimens\u00f5es: -22x4cm- Abertura para encaixe de suporte de luvas -18x4cm- Abertura de encaixe no cinto, em velcro<\/p>\n","protected":false},"featured_media":43233,"comment_status":"open","ping_status":"closed","template":"","meta":{"_monsterinsights_skip_tracking":false,"_monsterinsights_sitenote_active":false,"_monsterinsights_sitenote_note":"","_monsterinsights_sitenote_category":0},"product_brand":[1499],"product_cat":[1064,829,982,1495],"product_tag":[1273],"class_list":{"0":"post-43231","1":"product","2":"type-product","3":"status-publish","4":"has-post-thumbnail","6":"product_brand-milicia","7":"product_cat-equipamentotatico","8":"product_cat-marcas","9":"product_cat-milicia","10":"product_cat-porta-luvas","11":"product_tag-porta-luvas","13":"first","14":"instock","15":"shipping-taxable","16":"purchasable","17":"product-type-variable"},"aioseo_notices":[],"jetpack_sharing_enabled":true,"_links":{"self":[{"href":"https:\/\/milicia-pro.com\/index.php\/wp-json\/wp\/v2\/product\/43231","targetHints":{"allow":["GET"]}}],"collection":[{"href":"https:\/\/milicia-pro.com\/index.php\/wp-json\/wp\/v2\/product"}],"about":[{"href":"https:\/\/milicia-pro.com\/index.php\/wp-json\/wp\/v2\/types\/product"}],"replies":[{"embeddable":true,"href":"https:\/\/milicia-pro.com\/index.php\/wp-json\/wp\/v2\/comments?post=43231"}],"wp:featuredmedia":[{"embeddable":true,"href":"https:\/\/milicia-pro.com\/index.php\/wp-json\/wp\/v2\/media\/43233"}],"wp:attachment":[{"href":"https:\/\/milicia-pro.com\/index.php\/wp-json\/wp\/v2\/media?parent=43231"}],"wp:term":[{"taxonomy":"product_brand","embeddable":true,"href":"https:\/\/milicia-pro.com\/index.php\/wp-json\/wp\/v2\/product_brand?post=43231"},{"taxonomy":"product_cat","embeddable":true,"href":"https:\/\/milicia-pro.com\/index.php\/wp-json\/wp\/v2\/product_cat?post=43231"},{"taxonomy":"product_tag","embeddable":true,"href":"https:\/\/milicia-pro.com\/index.php\/wp-json\/wp\/v2\/product_tag?post=43231"}],"curies":[{"name":"wp","href":"https:\/\/api.w.org\/{rel}","templated":true}]}}