{"id":43221,"date":"2025-09-15T17:30:44","date_gmt":"2025-09-15T17:30:44","guid":{"rendered":"https:\/\/milicia-pro.com\/?post_type=product&#038;p=43221"},"modified":"2025-09-24T16:57:07","modified_gmt":"2025-09-24T16:57:07","slug":"elastico-preto-p-calca-par","status":"publish","type":"product","link":"https:\/\/milicia-pro.com\/index.php\/product\/elastico-preto-p-calca-par\/","title":{"rendered":"EL\u00c1STICO P\/CAL\u00c7A PAR"},"content":{"rendered":"<p>Utilize os nossos el\u00e1sticos t\u00e1ticos, com velcro, para fixar nas extremidades das pernas das suas cal\u00e7as junto aos tornozelos.<\/p>\n<p>Vendido ao par.<\/p>\n<p>Dimens\u00f5es:<\/p>\n<p>-28x4cm<\/p>\n<p>&nbsp;<\/p>\n<p>Composi\u00e7\u00e3o:<\/p>\n<p>-69%Poli\u00e9ster<\/p>\n<p>-31%Viscose<\/p>\n","protected":false},"excerpt":{"rendered":"<p>Utilize os nossos el\u00e1sticos t\u00e1ticos, com velcro, para fixar nas extremidades das pernas das suas cal\u00e7as junto aos tornozelos. Vendido ao par. Dimens\u00f5es: -28x4cm &nbsp; Composi\u00e7\u00e3o: -69%Poli\u00e9ster -31%Viscose<\/p>\n","protected":false},"featured_media":43224,"comment_status":"open","ping_status":"closed","template":"","meta":{"_monsterinsights_skip_tracking":false,"_monsterinsights_sitenote_active":false,"_monsterinsights_sitenote_note":"","_monsterinsights_sitenote_category":0},"product_brand":[1499],"product_cat":[1466,1463,829,982],"product_tag":[90,899],"class_list":{"0":"post-43221","1":"product","2":"type-product","3":"status-publish","4":"has-post-thumbnail","6":"product_brand-milicia","7":"product_cat-acessorios-calcado-2","8":"product_cat-calcado-2","9":"product_cat-marcas","10":"product_cat-milicia","11":"product_tag-calca","12":"product_tag-elastico","14":"first","15":"instock","16":"shipping-taxable","17":"purchasable","18":"product-type-variable"},"aioseo_notices":[],"jetpack_sharing_enabled":true,"_links":{"self":[{"href":"https:\/\/milicia-pro.com\/index.php\/wp-json\/wp\/v2\/product\/43221","targetHints":{"allow":["GET"]}}],"collection":[{"href":"https:\/\/milicia-pro.com\/index.php\/wp-json\/wp\/v2\/product"}],"about":[{"href":"https:\/\/milicia-pro.com\/index.php\/wp-json\/wp\/v2\/types\/product"}],"replies":[{"embeddable":true,"href":"https:\/\/milicia-pro.com\/index.php\/wp-json\/wp\/v2\/comments?post=43221"}],"wp:featuredmedia":[{"embeddable":true,"href":"https:\/\/milicia-pro.com\/index.php\/wp-json\/wp\/v2\/media\/43224"}],"wp:attachment":[{"href":"https:\/\/milicia-pro.com\/index.php\/wp-json\/wp\/v2\/media?parent=43221"}],"wp:term":[{"taxonomy":"product_brand","embeddable":true,"href":"https:\/\/milicia-pro.com\/index.php\/wp-json\/wp\/v2\/product_brand?post=43221"},{"taxonomy":"product_cat","embeddable":true,"href":"https:\/\/milicia-pro.com\/index.php\/wp-json\/wp\/v2\/product_cat?post=43221"},{"taxonomy":"product_tag","embeddable":true,"href":"https:\/\/milicia-pro.com\/index.php\/wp-json\/wp\/v2\/product_tag?post=43221"}],"curies":[{"name":"wp","href":"https:\/\/api.w.org\/{rel}","templated":true}]}}