{"id":42871,"date":"2025-05-20T17:25:53","date_gmt":"2025-05-20T17:25:53","guid":{"rendered":"https:\/\/milicia-pro.com\/?post_type=product&#038;p=42871"},"modified":"2025-12-09T14:20:30","modified_gmt":"2025-12-09T14:20:30","slug":"saco-cama-kathmandu-600-l","status":"publish","type":"product","link":"https:\/\/milicia-pro.com\/index.php\/product\/saco-cama-kathmandu-600-l\/","title":{"rendered":"SACO CAMA KATHMANDU 600 L"},"content":{"rendered":"<p>O saco de dormir estilo m\u00famia de Kathmandu tem um interior suave e uma superf\u00edcie em poli\u00e9ster repelente de \u00e1gua. O interior \u00e9 feito de um poli\u00e9ster\/algod\u00e3o suave e proporcionar\u00e1 muito conforto durante a noite.<\/p>\n<p>Caso adquira um par, direito e esquerdo, pode eventualmente fazer uma cobertura maior, interligando-os.<\/p>\n","protected":false},"excerpt":{"rendered":"<p>O saco de dormir estilo m\u00famia de Kathmandu tem um interior suave e uma superf\u00edcie em poli\u00e9ster repelente de \u00e1gua. O interior \u00e9 feito de um poli\u00e9ster\/algod\u00e3o suave e proporcionar\u00e1 muito conforto durante a noite. Caso adquira um par, direito e esquerdo, pode eventualmente fazer uma cobertura maior, interligando-os.<\/p>\n","protected":false},"featured_media":42872,"comment_status":"open","ping_status":"closed","template":"","meta":{"_monsterinsights_skip_tracking":false,"_monsterinsights_sitenote_active":false,"_monsterinsights_sitenote_note":"","_monsterinsights_sitenote_category":0},"product_brand":[1507],"product_cat":[1438,829,1068,1228],"product_tag":[729],"class_list":{"0":"post-42871","1":"product","2":"type-product","3":"status-publish","4":"has-post-thumbnail","6":"product_brand-carinthia","7":"product_cat-carinthia","8":"product_cat-marcas","9":"product_cat-outdoor","10":"product_cat-saco-cama","11":"product_tag-saco-cama","13":"first","14":"instock","15":"shipping-taxable","16":"purchasable","17":"product-type-variable"},"aioseo_notices":[],"jetpack_sharing_enabled":true,"_links":{"self":[{"href":"https:\/\/milicia-pro.com\/index.php\/wp-json\/wp\/v2\/product\/42871","targetHints":{"allow":["GET"]}}],"collection":[{"href":"https:\/\/milicia-pro.com\/index.php\/wp-json\/wp\/v2\/product"}],"about":[{"href":"https:\/\/milicia-pro.com\/index.php\/wp-json\/wp\/v2\/types\/product"}],"replies":[{"embeddable":true,"href":"https:\/\/milicia-pro.com\/index.php\/wp-json\/wp\/v2\/comments?post=42871"}],"wp:featuredmedia":[{"embeddable":true,"href":"https:\/\/milicia-pro.com\/index.php\/wp-json\/wp\/v2\/media\/42872"}],"wp:attachment":[{"href":"https:\/\/milicia-pro.com\/index.php\/wp-json\/wp\/v2\/media?parent=42871"}],"wp:term":[{"taxonomy":"product_brand","embeddable":true,"href":"https:\/\/milicia-pro.com\/index.php\/wp-json\/wp\/v2\/product_brand?post=42871"},{"taxonomy":"product_cat","embeddable":true,"href":"https:\/\/milicia-pro.com\/index.php\/wp-json\/wp\/v2\/product_cat?post=42871"},{"taxonomy":"product_tag","embeddable":true,"href":"https:\/\/milicia-pro.com\/index.php\/wp-json\/wp\/v2\/product_tag?post=42871"}],"curies":[{"name":"wp","href":"https:\/\/api.w.org\/{rel}","templated":true}]}}