{"id":42859,"date":"2025-05-20T10:44:11","date_gmt":"2025-05-20T10:44:11","guid":{"rendered":"https:\/\/milicia-pro.com\/?post_type=product&#038;p=42859"},"modified":"2025-12-09T14:20:49","modified_gmt":"2025-12-09T14:20:49","slug":"saco-cama-lite-1300-l","status":"publish","type":"product","link":"https:\/\/milicia-pro.com\/index.php\/product\/saco-cama-lite-1300-l\/","title":{"rendered":"SACO CAMA LITE 1300 L"},"content":{"rendered":"<p>Este saco cama tem enchimento G-LOFT, garante uma efici\u00eancia t\u00e9rmica de primeira classe e \u00e9 extremamente leve. O seu revestimento \u00e9 em fibra especial pelo que se torna macio e felpudo ao toque. Mant\u00e9m praticamente todo o poder de isolamento mesmo quando molhado. N\u00e3o absorve a humidade, \u00e9 lav\u00e1vel \u00e0 m\u00e1quina, \u00e9 anti alerg\u00e9nico e antibacteriano.<\/p>\n<p>Caso adquira um par, direito e esquerdo, pode eventualmente fazer uma cobertura maior, interligando-os.<\/p>\n<p>Tipo: LITE 1300 L<\/p>\n<p>Revestimento exterior: Shell trans em 100% poliamida<\/p>\n<p>Forro interior: 100% seda<\/p>\n<p>Preenchimento: Isolamento G-LOFT<\/p>\n<p>Conforto: +20\u02da C _ -8\u02da C<\/p>\n<p>Toler\u00e2ncia: \u00a0-8\u02da C _ -14\u02da C<\/p>\n<p>Extremo: -14\u02da C _ -24\u02da C<\/p>\n<p>&nbsp;<\/p>\n","protected":false},"excerpt":{"rendered":"<p>Este saco cama tem enchimento G-LOFT, garante uma efici\u00eancia t\u00e9rmica de primeira classe e \u00e9 extremamente leve. O seu revestimento \u00e9 em fibra especial pelo que se torna macio e felpudo ao toque. Mant\u00e9m praticamente todo o poder de isolamento mesmo quando molhado. N\u00e3o absorve a humidade, \u00e9 lav\u00e1vel \u00e0 m\u00e1quina, \u00e9 anti alerg\u00e9nico e [&#8230;]\n","protected":false},"featured_media":42861,"comment_status":"open","ping_status":"closed","template":"","meta":{"_monsterinsights_skip_tracking":false,"_monsterinsights_sitenote_active":false,"_monsterinsights_sitenote_note":"","_monsterinsights_sitenote_category":0},"product_brand":[1507],"product_cat":[1438,829,1068,1228],"product_tag":[729],"class_list":{"0":"post-42859","1":"product","2":"type-product","3":"status-publish","4":"has-post-thumbnail","6":"product_brand-carinthia","7":"product_cat-carinthia","8":"product_cat-marcas","9":"product_cat-outdoor","10":"product_cat-saco-cama","11":"product_tag-saco-cama","13":"first","14":"instock","15":"shipping-taxable","16":"purchasable","17":"product-type-variable"},"aioseo_notices":[],"jetpack_sharing_enabled":true,"_links":{"self":[{"href":"https:\/\/milicia-pro.com\/index.php\/wp-json\/wp\/v2\/product\/42859","targetHints":{"allow":["GET"]}}],"collection":[{"href":"https:\/\/milicia-pro.com\/index.php\/wp-json\/wp\/v2\/product"}],"about":[{"href":"https:\/\/milicia-pro.com\/index.php\/wp-json\/wp\/v2\/types\/product"}],"replies":[{"embeddable":true,"href":"https:\/\/milicia-pro.com\/index.php\/wp-json\/wp\/v2\/comments?post=42859"}],"wp:featuredmedia":[{"embeddable":true,"href":"https:\/\/milicia-pro.com\/index.php\/wp-json\/wp\/v2\/media\/42861"}],"wp:attachment":[{"href":"https:\/\/milicia-pro.com\/index.php\/wp-json\/wp\/v2\/media?parent=42859"}],"wp:term":[{"taxonomy":"product_brand","embeddable":true,"href":"https:\/\/milicia-pro.com\/index.php\/wp-json\/wp\/v2\/product_brand?post=42859"},{"taxonomy":"product_cat","embeddable":true,"href":"https:\/\/milicia-pro.com\/index.php\/wp-json\/wp\/v2\/product_cat?post=42859"},{"taxonomy":"product_tag","embeddable":true,"href":"https:\/\/milicia-pro.com\/index.php\/wp-json\/wp\/v2\/product_tag?post=42859"}],"curies":[{"name":"wp","href":"https:\/\/api.w.org\/{rel}","templated":true}]}}