{"id":42834,"date":"2025-05-19T10:05:58","date_gmt":"2025-05-19T10:05:58","guid":{"rendered":"https:\/\/milicia-pro.com\/?post_type=product&#038;p=42834"},"modified":"2025-12-09T14:21:27","modified_gmt":"2025-12-09T14:21:27","slug":"casaco-impermeavel-em-gore-tex","status":"publish","type":"product","link":"https:\/\/milicia-pro.com\/index.php\/product\/casaco-impermeavel-em-gore-tex\/","title":{"rendered":"CASACO IMPERME\u00c1VEL EM GORE-TEX"},"content":{"rendered":"<p>O casaco imperme\u00e1vel \u00e9 pequeno, leve e vers\u00e1til. Gra\u00e7as ao tamanho compacto, o fato de chuva de sobreviv\u00eancia pode ser facilmente guardado e \u00e9, portanto, um companheiro indispens\u00e1vel para quem tem que levar em considera\u00e7\u00e3o cada grama de equipamento. Este casaco \u00e9, claro, imperme\u00e1vel e corta-vento. A membrana exterior respir\u00e1vel GORE-TEX assegura o transporte da humidade para o exterior. Ver as cal\u00e7as imperme\u00e1veis GE.95301<\/p>\n<p>Caracter\u00edsticas:<\/p>\n<ul>\n<li>\u00c0 prova de \u00e1gua, \u00e0 prova de vento, respir\u00e1vel, leve<\/li>\n<li>Cap\u00f4 ajust\u00e1vel em altura<\/li>\n<li>Colarinho alto<\/li>\n<li>Prega da manga com aba, fechos de gancho e la\u00e7o para ajuste de largura<\/li>\n<li>Corda el\u00e1stica para ajuste da largura da barra<\/li>\n<li>Lav\u00e1vel a 60\u00b0C<\/li>\n<\/ul>\n<p>Materiais e Especifica\u00e7\u00f5es:<\/p>\n<ul>\n<li>Tecido exterior: 100% Poliamida, repelente \u00e0 \u00e1gua, \u00e0 prova de vento, respir\u00e1vel<\/li>\n<li>Membrana: Bi-componente baseado em Eptfe<\/li>\n<li>Tamanhos: Tamanho \u00danico<\/li>\n<li>Peso (g): 265<\/li>\n<\/ul>\n","protected":false},"excerpt":{"rendered":"<p>O casaco imperme\u00e1vel \u00e9 pequeno, leve e vers\u00e1til. Gra\u00e7as ao tamanho compacto, o fato de chuva de sobreviv\u00eancia pode ser facilmente guardado e \u00e9, portanto, um companheiro indispens\u00e1vel para quem tem que levar em considera\u00e7\u00e3o cada grama de equipamento. Este casaco \u00e9, claro, imperme\u00e1vel e corta-vento. A membrana exterior respir\u00e1vel GORE-TEX assegura o transporte da [&#8230;]\n","protected":false},"featured_media":42836,"comment_status":"open","ping_status":"closed","template":"","meta":{"_monsterinsights_skip_tracking":false,"_monsterinsights_sitenote_active":false,"_monsterinsights_sitenote_note":"","_monsterinsights_sitenote_category":0},"product_brand":[1507],"product_cat":[1438,1080,829,1063],"product_tag":[110,724],"class_list":{"0":"post-42834","1":"product","2":"type-product","3":"status-publish","4":"has-post-thumbnail","6":"product_brand-carinthia","7":"product_cat-carinthia","8":"product_cat-casaco","9":"product_cat-marcas","10":"product_cat-vestuario","11":"product_tag-casaco","12":"product_tag-impermeavel","14":"first","15":"instock","16":"shipping-taxable","17":"purchasable","18":"product-type-variable"},"aioseo_notices":[],"jetpack_sharing_enabled":true,"_links":{"self":[{"href":"https:\/\/milicia-pro.com\/index.php\/wp-json\/wp\/v2\/product\/42834","targetHints":{"allow":["GET"]}}],"collection":[{"href":"https:\/\/milicia-pro.com\/index.php\/wp-json\/wp\/v2\/product"}],"about":[{"href":"https:\/\/milicia-pro.com\/index.php\/wp-json\/wp\/v2\/types\/product"}],"replies":[{"embeddable":true,"href":"https:\/\/milicia-pro.com\/index.php\/wp-json\/wp\/v2\/comments?post=42834"}],"wp:featuredmedia":[{"embeddable":true,"href":"https:\/\/milicia-pro.com\/index.php\/wp-json\/wp\/v2\/media\/42836"}],"wp:attachment":[{"href":"https:\/\/milicia-pro.com\/index.php\/wp-json\/wp\/v2\/media?parent=42834"}],"wp:term":[{"taxonomy":"product_brand","embeddable":true,"href":"https:\/\/milicia-pro.com\/index.php\/wp-json\/wp\/v2\/product_brand?post=42834"},{"taxonomy":"product_cat","embeddable":true,"href":"https:\/\/milicia-pro.com\/index.php\/wp-json\/wp\/v2\/product_cat?post=42834"},{"taxonomy":"product_tag","embeddable":true,"href":"https:\/\/milicia-pro.com\/index.php\/wp-json\/wp\/v2\/product_tag?post=42834"}],"curies":[{"name":"wp","href":"https:\/\/api.w.org\/{rel}","templated":true}]}}