{"id":42820,"date":"2025-05-19T09:58:21","date_gmt":"2025-05-19T09:58:21","guid":{"rendered":"https:\/\/milicia-pro.com\/?post_type=product&#038;p=42820"},"modified":"2025-12-09T14:21:39","modified_gmt":"2025-12-09T14:21:39","slug":"saco-cama-tropen-185","status":"publish","type":"product","link":"https:\/\/milicia-pro.com\/index.php\/product\/saco-cama-tropen-185\/","title":{"rendered":"SACO CAMA TROPEN 185"},"content":{"rendered":"<p>O saco cama Tropen 185 \u00e9 um saco de ver\u00e3o, leve com um tamanho de embalagem extremamente pequeno e um peso m\u00ednimo. A sua caracter\u00edstica not\u00e1vel \u00e9 a sua permeabilidade ao vapor, que \u00e9 muito importante para as noites tropicais quentes e h\u00famidas. A concha Shelltrans ajusta-se de forma solta sobre a estrutura interior e fornece uma camada extra de isolamento, sem costuras frias. Esta constru\u00e7\u00e3o garante calor em noites frescas e nevoentas. Em tempo mais quente, a parte inferior do fecho de correr, de duas vias, pode ser aberta para ventila\u00e7\u00e3o. O capuz est\u00e1 equipado com uma rede mosquiteira que pode ser dobrada para fora da aba, se necess\u00e1rio (a rede mosquiteira est\u00e1 na parte frontal do saco e armazenada atr\u00e1s da aba com bot\u00f5es de press\u00e3o). A rede pode ser facilmente presa ao redor do capuz por meio do pequeno fecho de correr que n\u00e3o enrosca.<\/p>\n<p>&nbsp;<\/p>\n<p>Caracter\u00edsticas:<\/p>\n<ul>\n<li>Forma de mumificado<\/li>\n<li>Corte diferencial<\/li>\n<li>Constru\u00e7\u00e3o de 1 camada com casca externa solta<\/li>\n<li>Rede Mosquiteira<\/li>\n<li>Fecho Lateral de 2 Vias com Liberta\u00e7\u00e3o R\u00e1pida<\/li>\n<li>Reboco de fecho<\/li>\n<li>Fita Anti-Enrosco<\/li>\n<li>Inserto de Reflex\u00e3o de Calor<\/li>\n<li>Sec\u00e7\u00e3o do P\u00e9 Trapezoidal<\/li>\n<li>Combin\u00e1vel (Parte do Sistema de Saco de Cama &#8211; Defesa 4)<\/li>\n<li>Saco de compress\u00e3o inclu\u00eddo<\/li>\n<\/ul>\n<p>Materiais e Especifica\u00e7\u00f5es:<\/p>\n<ul>\n<li>Isolamento: G-LOFT\u00ae, 100% Poli\u00e9ster<\/li>\n<li>Tecido exterior: 100% Poliamida<\/li>\n<li>Forro interior: 100% Poliamida<\/li>\n<\/ul>\n<p>&nbsp;<\/p>\n","protected":false},"excerpt":{"rendered":"<p>O saco cama Tropen 185 \u00e9 um saco de ver\u00e3o, leve com um tamanho de embalagem extremamente pequeno e um peso m\u00ednimo. A sua caracter\u00edstica not\u00e1vel \u00e9 a sua permeabilidade ao vapor, que \u00e9 muito importante para as noites tropicais quentes e h\u00famidas. A concha Shelltrans ajusta-se de forma solta sobre a estrutura interior e [&#8230;]\n","protected":false},"featured_media":42821,"comment_status":"open","ping_status":"closed","template":"","meta":{"_monsterinsights_skip_tracking":false,"_monsterinsights_sitenote_active":false,"_monsterinsights_sitenote_note":"","_monsterinsights_sitenote_category":0},"product_brand":[1507],"product_cat":[1438,829,1068,1228],"product_tag":[729],"class_list":{"0":"post-42820","1":"product","2":"type-product","3":"status-publish","4":"has-post-thumbnail","6":"product_brand-carinthia","7":"product_cat-carinthia","8":"product_cat-marcas","9":"product_cat-outdoor","10":"product_cat-saco-cama","11":"product_tag-saco-cama","13":"first","14":"instock","15":"shipping-taxable","16":"purchasable","17":"product-type-variable"},"aioseo_notices":[],"jetpack_sharing_enabled":true,"_links":{"self":[{"href":"https:\/\/milicia-pro.com\/index.php\/wp-json\/wp\/v2\/product\/42820","targetHints":{"allow":["GET"]}}],"collection":[{"href":"https:\/\/milicia-pro.com\/index.php\/wp-json\/wp\/v2\/product"}],"about":[{"href":"https:\/\/milicia-pro.com\/index.php\/wp-json\/wp\/v2\/types\/product"}],"replies":[{"embeddable":true,"href":"https:\/\/milicia-pro.com\/index.php\/wp-json\/wp\/v2\/comments?post=42820"}],"wp:featuredmedia":[{"embeddable":true,"href":"https:\/\/milicia-pro.com\/index.php\/wp-json\/wp\/v2\/media\/42821"}],"wp:attachment":[{"href":"https:\/\/milicia-pro.com\/index.php\/wp-json\/wp\/v2\/media?parent=42820"}],"wp:term":[{"taxonomy":"product_brand","embeddable":true,"href":"https:\/\/milicia-pro.com\/index.php\/wp-json\/wp\/v2\/product_brand?post=42820"},{"taxonomy":"product_cat","embeddable":true,"href":"https:\/\/milicia-pro.com\/index.php\/wp-json\/wp\/v2\/product_cat?post=42820"},{"taxonomy":"product_tag","embeddable":true,"href":"https:\/\/milicia-pro.com\/index.php\/wp-json\/wp\/v2\/product_tag?post=42820"}],"curies":[{"name":"wp","href":"https:\/\/api.w.org\/{rel}","templated":true}]}}