{"id":42808,"date":"2025-05-16T17:01:38","date_gmt":"2025-05-16T17:01:38","guid":{"rendered":"https:\/\/milicia-pro.com\/?post_type=product&#038;p=42808"},"modified":"2025-12-09T14:21:50","modified_gmt":"2025-12-09T14:21:50","slug":"tenda-individual-gore-tx-observer","status":"publish","type":"product","link":"https:\/\/milicia-pro.com\/index.php\/product\/tenda-individual-gore-tx-observer\/","title":{"rendered":"TENDA INDIVIDUAL GORE-TX \u201cOBSERVER\u201d"},"content":{"rendered":"<p>Este saco cama tenda \u00e9 perfeito, com suporte de dupla vareta autoportante. 2 varas de tenda formam uma pequena abertura na extremidade da cabe\u00e7a, proporcionando espa\u00e7o suficiente para o utilizador manusear uma espingarda ou outro equipamento. A tenda individual inclina-se da zona do ombro at\u00e9 \u00e0 extremidade dos p\u00e9s, evitando linhas retas que s\u00e3o facilmente identific\u00e1veis. A abertura em forma de L torna conveniente entrar e sair da mesma, que pode ser fechada com 2 fechos. Todos os fechos est\u00e3o protegidos por uma aba \u00e0 prova de tempestade especialmente desenhada para permitir um alcance de observa\u00e7\u00e3o de 180\u00b0 e pode ser completamente fechada em condi\u00e7\u00f5es meteorol\u00f3gicas adversas. A espingarda e o telesc\u00f3pio do utilizador podem, no entanto, ser colocados em posi\u00e7\u00e3o atrav\u00e9s de uma fenda de observa\u00e7\u00e3o. Tanto a abertura de observa\u00e7\u00e3o como a abertura de acesso est\u00e3o equipadas com uma rede mosquiteira. Existem 5 argolas na parte de tr\u00e1s do \u201cobserver\u201d para segurar o tapete isolante no lugar.<\/p>\n<p>Esta tenda Individual \u201cobserver\u201d pode ser necess\u00e1ria se n\u00e3o encontrar um local para uma tenda, se for for\u00e7ado a dormir ao ar livre ou simplesmente se n\u00e3o quiser carregar uma tenda de maiores dimens\u00f5es. Isso significa que pode ser essencial para o conforto e para a sobreviv\u00eancia! Utilizamos apenas os melhores materiais dispon\u00edveis no mercado: a Tecnologia Perme\u00e1vel a Gases GORE-TEX\u00ae \u00e9 um laminado \u00fanico de tr\u00eas camadas, absolutamente imperme\u00e1vel e extremamente respir\u00e1vel. Ao contr\u00e1rio da Membrana GORE-TEX\u00ae, que \u00e9 utilizada em vestu\u00e1rio, a Tecnologia Perme\u00e1vel a Gases GORE-TEX\u00ae \u00e9 perme\u00e1vel ao ar. Como resultado, esta tenda individual pode ser fechada completamente, proporcionando prote\u00e7\u00e3o absoluta contra intemp\u00e9ries, juntamente com um grande conforto.<\/p>\n<p>O seu exclusivo laminado GORE-TEX\u00ae \u00e9 n\u00e3o s\u00f3 extremamente respir\u00e1vel, mas tamb\u00e9m perme\u00e1vel ao oxig\u00e9nio e ao di\u00f3xido de carbono no ar ambiente. Isto significa que \u00e9 poss\u00edvel criar um ambiente completamente fechado, \u00e0 prova de \u00e1gua e \u00e0 prova de vento para dormir em condi\u00e7\u00f5es meteorol\u00f3gicas adversas. A permeabilidade ao ar do sistema foi testada at\u00e9 uma profundidade de 1 m de neve.<\/p>\n<p><strong>MENOS PESO E VOLUME, MAIS FLEXIBILIDADE<\/strong><\/p>\n<p>O laminado GORE-TEX\u00ae para sistemas de sono \u00e9 projetado para ser leve e dobr\u00e1vel. Para alcan\u00e7ar o melhor equil\u00edbrio entre durabilidade e leveza, pode ser utilizada uma combina\u00e7\u00e3o de materiais com um tecido leve e perme\u00e1vel a gases para a parte superior, e um laminado robusto para a lona do ch\u00e3o. Isto proporciona o melhor equil\u00edbrio entre peso, durabilidade e prote\u00e7\u00e3o.<\/p>\n<p><strong>PROTE\u00c7\u00c3O CONTRA O FRIO E A HUMIDADE<\/strong><\/p>\n<p>Os sistemas de saco cama CARINTHIA com tecnologia Gore-Tex\u00ae perme\u00e1vel a gases demonstram excelentes propriedades de isolamento e, para o soldado, significam prote\u00e7\u00e3o adicional contra o frio, especialmente quando fechados. A condensa\u00e7\u00e3o de vapor de humidade no interior \u00e9 reduzida e qualquer \u00e1gua de condensa\u00e7\u00e3o que ocorra \u00e9 rapidamente transportada para o exterior.<\/p>\n<p>Materiais e Especifica\u00e7\u00f5es:<\/p>\n<ul>\n<li>Lamina\u00e7\u00e3o em 3 Camadas GORE-TEX\u00ae<\/li>\n<li>Tecido exterior: 100% PA 6.6<\/li>\n<li>Camada funcional: membrana baseada em Eptfe<\/li>\n<li>Resumo: 100% PA 6.6<\/li>\n<li>Dimens\u00f5es (cm): 240\/104\/75<\/li>\n<li>Tamanho da embalagem (cm): 35&#215;12<\/li>\n<li>Peso (g): 1.750<\/li>\n<\/ul>\n","protected":false},"excerpt":{"rendered":"<p><img loading=\"lazy\" decoding=\"async\" class=\"alignnone size-medium wp-image-42819\" src=\"https:\/\/milicia-pro.com\/wp-content\/uploads\/2025\/05\/GE.92330-10-300x251.png\" alt=\"\" width=\"300\" height=\"251\" srcset=\"https:\/\/milicia-pro.com\/wp-content\/uploads\/2025\/05\/GE.92330-10-300x251.png 300w, https:\/\/milicia-pro.com\/wp-content\/uploads\/2025\/05\/GE.92330-10-510x426.png 510w, https:\/\/milicia-pro.com\/wp-content\/uploads\/2025\/05\/GE.92330-10.png 598w\" sizes=\"auto, (max-width: 300px) 100vw, 300px\" \/><\/p>\n","protected":false},"featured_media":42810,"comment_status":"open","ping_status":"closed","template":"","meta":{"_monsterinsights_skip_tracking":false,"_monsterinsights_sitenote_active":false,"_monsterinsights_sitenote_note":"","_monsterinsights_sitenote_category":0},"product_brand":[1507],"product_cat":[1438,829,1068,1227],"product_tag":[938,729,733],"class_list":{"0":"post-42808","1":"product","2":"type-product","3":"status-publish","4":"has-post-thumbnail","6":"product_brand-carinthia","7":"product_cat-carinthia","8":"product_cat-marcas","9":"product_cat-outdoor","10":"product_cat-tenda","11":"product_tag-individual","12":"product_tag-saco-cama","13":"product_tag-tenda","15":"first","16":"onbackorder","17":"shipping-taxable","18":"purchasable","19":"product-type-variable"},"aioseo_notices":[],"jetpack_sharing_enabled":true,"_links":{"self":[{"href":"https:\/\/milicia-pro.com\/index.php\/wp-json\/wp\/v2\/product\/42808","targetHints":{"allow":["GET"]}}],"collection":[{"href":"https:\/\/milicia-pro.com\/index.php\/wp-json\/wp\/v2\/product"}],"about":[{"href":"https:\/\/milicia-pro.com\/index.php\/wp-json\/wp\/v2\/types\/product"}],"replies":[{"embeddable":true,"href":"https:\/\/milicia-pro.com\/index.php\/wp-json\/wp\/v2\/comments?post=42808"}],"wp:featuredmedia":[{"embeddable":true,"href":"https:\/\/milicia-pro.com\/index.php\/wp-json\/wp\/v2\/media\/42810"}],"wp:attachment":[{"href":"https:\/\/milicia-pro.com\/index.php\/wp-json\/wp\/v2\/media?parent=42808"}],"wp:term":[{"taxonomy":"product_brand","embeddable":true,"href":"https:\/\/milicia-pro.com\/index.php\/wp-json\/wp\/v2\/product_brand?post=42808"},{"taxonomy":"product_cat","embeddable":true,"href":"https:\/\/milicia-pro.com\/index.php\/wp-json\/wp\/v2\/product_cat?post=42808"},{"taxonomy":"product_tag","embeddable":true,"href":"https:\/\/milicia-pro.com\/index.php\/wp-json\/wp\/v2\/product_tag?post=42808"}],"curies":[{"name":"wp","href":"https:\/\/api.w.org\/{rel}","templated":true}]}}