{"id":42798,"date":"2025-05-16T16:31:50","date_gmt":"2025-05-16T16:31:50","guid":{"rendered":"https:\/\/milicia-pro.com\/?post_type=product&#038;p=42798"},"modified":"2025-12-09T14:22:49","modified_gmt":"2025-12-09T14:22:49","slug":"saco-cama-forro-interior-grizzly","status":"publish","type":"product","link":"https:\/\/milicia-pro.com\/index.php\/product\/saco-cama-forro-interior-grizzly\/","title":{"rendered":"SACO CAMA- FORRO INTERIOR GRIZZLY"},"content":{"rendered":"<p>Este saco cama GRIZZLY interno \u00e9 extremamente suave e leve, \u00e9 feito com as melhores fibras atualmente dispon\u00edveis no mercado. Para ventila\u00e7\u00e3o, abra o z\u00edper na parte inferior ou abra o saco completamente e utilize-o como um cobertor. Ideal para uso em cabanas ou como um forro dentro de um segundo saco de cama, tornando o saco principal cerca de 5\u00b0C mais quente.<\/p>\n<p>Caso adquira um par, direito e esquerdo, pode eventualmente fazer uma cobertura maior, interligando-os.<\/p>\n<p>Sec\u00e7\u00e3o dos p\u00e9s trapezoidal e cord\u00e3o no capuz.<\/p>\n<p>Tamanho: 225 x 90 cm<\/p>\n<p>Peso (g): 500g<\/p>\n","protected":false},"excerpt":{"rendered":"<p>Este saco cama GRIZZLY interno \u00e9 extremamente suave e leve, \u00e9 feito com as melhores fibras atualmente dispon\u00edveis no mercado. Para ventila\u00e7\u00e3o, abra o z\u00edper na parte inferior ou abra o saco completamente e utilize-o como um cobertor. Ideal para uso em cabanas ou como um forro dentro de um segundo saco de cama, tornando [&#8230;]\n","protected":false},"featured_media":42800,"comment_status":"open","ping_status":"closed","template":"","meta":{"_monsterinsights_skip_tracking":false,"_monsterinsights_sitenote_active":false,"_monsterinsights_sitenote_note":"","_monsterinsights_sitenote_category":0},"product_brand":[1507],"product_cat":[1438,829,1068,1228],"product_tag":[1446,1447,729],"class_list":{"0":"post-42798","1":"product","2":"type-product","3":"status-publish","4":"has-post-thumbnail","6":"product_brand-carinthia","7":"product_cat-carinthia","8":"product_cat-marcas","9":"product_cat-outdoor","10":"product_cat-saco-cama","11":"product_tag-forro","12":"product_tag-interior","13":"product_tag-saco-cama","15":"first","16":"onbackorder","17":"shipping-taxable","18":"purchasable","19":"product-type-variable"},"aioseo_notices":[],"jetpack_sharing_enabled":true,"_links":{"self":[{"href":"https:\/\/milicia-pro.com\/index.php\/wp-json\/wp\/v2\/product\/42798","targetHints":{"allow":["GET"]}}],"collection":[{"href":"https:\/\/milicia-pro.com\/index.php\/wp-json\/wp\/v2\/product"}],"about":[{"href":"https:\/\/milicia-pro.com\/index.php\/wp-json\/wp\/v2\/types\/product"}],"replies":[{"embeddable":true,"href":"https:\/\/milicia-pro.com\/index.php\/wp-json\/wp\/v2\/comments?post=42798"}],"wp:featuredmedia":[{"embeddable":true,"href":"https:\/\/milicia-pro.com\/index.php\/wp-json\/wp\/v2\/media\/42800"}],"wp:attachment":[{"href":"https:\/\/milicia-pro.com\/index.php\/wp-json\/wp\/v2\/media?parent=42798"}],"wp:term":[{"taxonomy":"product_brand","embeddable":true,"href":"https:\/\/milicia-pro.com\/index.php\/wp-json\/wp\/v2\/product_brand?post=42798"},{"taxonomy":"product_cat","embeddable":true,"href":"https:\/\/milicia-pro.com\/index.php\/wp-json\/wp\/v2\/product_cat?post=42798"},{"taxonomy":"product_tag","embeddable":true,"href":"https:\/\/milicia-pro.com\/index.php\/wp-json\/wp\/v2\/product_tag?post=42798"}],"curies":[{"name":"wp","href":"https:\/\/api.w.org\/{rel}","templated":true}]}}