{"id":42790,"date":"2025-05-16T15:47:21","date_gmt":"2025-05-16T15:47:21","guid":{"rendered":"https:\/\/milicia-pro.com\/?post_type=product&#038;p=42790"},"modified":"2025-12-09T14:22:57","modified_gmt":"2025-12-09T14:22:57","slug":"cobertura-saco-cama","status":"publish","type":"product","link":"https:\/\/milicia-pro.com\/index.php\/product\/cobertura-saco-cama\/","title":{"rendered":"COBERTURA SACO CAMA"},"content":{"rendered":"<p>Esta capa de saco cama com fecho central pr\u00e1tico \u00e9 utilizado pelo ex\u00e9rcito quando tem de dormir ao ar livre.<\/p>\n<p>O pr\u00e1tico fecho de correr central \u00e9 imperme\u00e1vel por uma aba dupla, desenhada especialmente para o efeito. Tem um corte generoso tipo m\u00famia. \u00c9 um saco biv\u00e1culo essencial para o conforto e sobreviv\u00eancia.<\/p>\n<p>Constru\u00eddo com os melhores materiais dispon\u00edveis no mercado. Com tecnologia GORE-TEX\u00ae Gas Permeable \u00e9 um lamina de tr\u00eas camadas, absolutamente imperme\u00e1vel e extremamente respir\u00e1vel. Ao contr\u00e1rio da membrana GORE-TEX\u00ae usada em vestu\u00e1rio, a tecnologia GORE-TEX\u00ae Gas Permeable \u00e9 perme\u00e1vel ao ar. Como resultado, esta cobertura de biv\u00e1culo pode ser fechado completamente, proporcionando prote\u00e7\u00e3o absoluta contra as intemp\u00e9ries juntamente com grande conforto.<\/p>\n<p>Materiais e Especifica\u00e7\u00f5es:<\/p>\n<ul>\n<li>Laminado Gore-Tex\u00ae de 3 Camadas<\/li>\n<li>Camada Externa: 100% PA 6.6<\/li>\n<li>Camada Funcional: membrana \u00e0 base de ePTFE<\/li>\n<li>Tecido de Fundo: 100% PA 6.6<\/li>\n<li>Dimens\u00f5es (cm): 245\/100\/72<\/li>\n<li>Peso (g): 1.000<\/li>\n<li>Tamanho da embalagem (cm): 35&#215;8<\/li>\n<\/ul>\n","protected":false},"excerpt":{"rendered":"<p><img loading=\"lazy\" decoding=\"async\" class=\"alignnone size-medium wp-image-42796\" src=\"https:\/\/milicia-pro.com\/wp-content\/uploads\/2025\/05\/GE.89710-05-300x251.png\" alt=\"\" width=\"300\" height=\"251\" srcset=\"https:\/\/milicia-pro.com\/wp-content\/uploads\/2025\/05\/GE.89710-05-300x251.png 300w, https:\/\/milicia-pro.com\/wp-content\/uploads\/2025\/05\/GE.89710-05-510x426.png 510w, https:\/\/milicia-pro.com\/wp-content\/uploads\/2025\/05\/GE.89710-05.png 598w\" sizes=\"auto, (max-width: 300px) 100vw, 300px\" \/><\/p>\n","protected":false},"featured_media":42792,"comment_status":"open","ping_status":"closed","template":"","meta":{"_monsterinsights_skip_tracking":false,"_monsterinsights_sitenote_active":false,"_monsterinsights_sitenote_note":"","_monsterinsights_sitenote_category":0},"product_brand":[1507],"product_cat":[1438,829,1068,1228],"product_tag":[1442,731,729],"class_list":{"0":"post-42790","1":"product","2":"type-product","3":"status-publish","4":"has-post-thumbnail","6":"product_brand-carinthia","7":"product_cat-carinthia","8":"product_cat-marcas","9":"product_cat-outdoor","10":"product_cat-saco-cama","11":"product_tag-capa","12":"product_tag-cobertura","13":"product_tag-saco-cama","15":"first","16":"instock","17":"shipping-taxable","18":"purchasable","19":"product-type-variable"},"aioseo_notices":[],"jetpack_sharing_enabled":true,"_links":{"self":[{"href":"https:\/\/milicia-pro.com\/index.php\/wp-json\/wp\/v2\/product\/42790","targetHints":{"allow":["GET"]}}],"collection":[{"href":"https:\/\/milicia-pro.com\/index.php\/wp-json\/wp\/v2\/product"}],"about":[{"href":"https:\/\/milicia-pro.com\/index.php\/wp-json\/wp\/v2\/types\/product"}],"replies":[{"embeddable":true,"href":"https:\/\/milicia-pro.com\/index.php\/wp-json\/wp\/v2\/comments?post=42790"}],"wp:featuredmedia":[{"embeddable":true,"href":"https:\/\/milicia-pro.com\/index.php\/wp-json\/wp\/v2\/media\/42792"}],"wp:attachment":[{"href":"https:\/\/milicia-pro.com\/index.php\/wp-json\/wp\/v2\/media?parent=42790"}],"wp:term":[{"taxonomy":"product_brand","embeddable":true,"href":"https:\/\/milicia-pro.com\/index.php\/wp-json\/wp\/v2\/product_brand?post=42790"},{"taxonomy":"product_cat","embeddable":true,"href":"https:\/\/milicia-pro.com\/index.php\/wp-json\/wp\/v2\/product_cat?post=42790"},{"taxonomy":"product_tag","embeddable":true,"href":"https:\/\/milicia-pro.com\/index.php\/wp-json\/wp\/v2\/product_tag?post=42790"}],"curies":[{"name":"wp","href":"https:\/\/api.w.org\/{rel}","templated":true}]}}